{"id":4877,"date":"2024-07-17T13:50:33","date_gmt":"2024-07-17T13:50:33","guid":{"rendered":"https:\/\/supersimpletienda.cl\/?post_type=product&#038;p=4877"},"modified":"2024-10-24T20:57:02","modified_gmt":"2024-10-24T20:57:02","slug":"adaptador-otg-tipo-c-macho-a-usb-a-3-0-celulares-notebook","status":"publish","type":"product","link":"https:\/\/supersimpletienda.cl\/index.php\/producto\/adaptador-otg-tipo-c-macho-a-usb-a-3-0-celulares-notebook\/","title":{"rendered":"Adaptador OTG Tipo C Macho a USB-A 3.0 \/ Celulares &#8211; Notebook"},"content":{"rendered":"<p><strong>Caracter\u00edsticas<\/strong><\/p>\n<p>Adaptador con tecnolog\u00eda OTG, es decir, funciona para ambos lados; carga y datos. Permite conectar tu dispositivo con entrada Tipo C a Tablet, Memorias Micro SD, controladores de juegos, disco duro, teclados, mouse, entre otros, para as\u00ed gestionar con mayor facilidad y rapidez el acceso a los contenidos digitales de tu m\u00f3vil.<\/p>\n<p><strong>Compatibilidad<\/strong><\/p>\n<p>Dispositivo Tipo C port\u00e1tiles o Smartphone con entrada Tipo C, tales como:<\/p>\n<ul>\n<li>MacBook Pro 2020 2019 2018 2017, MacBook 2019<\/li>\n<li>Google Chromebook Pixel<\/li>\n<li>Huawei Matebook<\/li>\n<li>Samsung S20\/ S10\/S8\/S8 Plus\/Note 10\/ Note 8<\/li>\n<li>HUAWEI P40 Pro\/ P30\/P10\/P10 Plus\/P9 \/Mate9 \/Honor 8\/Honor 9, OnePlus 8T 7T Pro, LG G6\/G5\/V30\/V20<\/li>\n<li>Google Nexus 5X \/ 6P, Lumia 950\/950XL<\/li>\n<li>Samsung Tab Pro S, Xiaomi Mi 10\/ Mi 9\/ Mi 6\/ Redmi Note 8\/ 7 etc.<\/li>\n<\/ul>\n<p>Los puertos Tipo C y USB-A garantizan un mejor rendimiento de transmisi\u00f3n y una velocidad de transferencia estable, gracias a la protecci\u00f3n m\u00faltiple incorporada, la transmisi\u00f3n de datos no tiene interferencias.<\/p>\n","protected":false},"excerpt":{"rendered":"<p>Caracter\u00edsticas Adaptador con tecnolog\u00eda OTG, es decir, funciona para ambos lados; carga y datos. Permite conectar tu dispositivo con entrada Tipo C a Tablet, Memorias Micro SD, controladores de juegos, disco duro, teclados, mouse, entre otros, para as\u00ed gestionar con mayor facilidad y rapidez el acceso a los contenidos digitales de tu m\u00f3vil. Compatibilidad Dispositivo [&hellip;]<\/p>\n","protected":false},"featured_media":4878,"comment_status":"closed","ping_status":"closed","template":"","meta":[],"product_brand":[],"product_cat":[202,206,200],"product_tag":[280],"class_list":{"0":"post-4877","1":"product","2":"type-product","3":"status-publish","4":"has-post-thumbnail","6":"product_cat-adaptadores-otg-para-carga-y-datos","7":"product_cat-ofertas","8":"product_cat-telefonos-y-accesorios","9":"product_tag-adaptador-carga-y-datos","11":"first","12":"instock","13":"sale","14":"taxable","15":"shipping-taxable","16":"purchasable","17":"product-type-simple"},"_links":{"self":[{"href":"https:\/\/supersimpletienda.cl\/index.php\/wp-json\/wp\/v2\/product\/4877","targetHints":{"allow":["GET"]}}],"collection":[{"href":"https:\/\/supersimpletienda.cl\/index.php\/wp-json\/wp\/v2\/product"}],"about":[{"href":"https:\/\/supersimpletienda.cl\/index.php\/wp-json\/wp\/v2\/types\/product"}],"replies":[{"embeddable":true,"href":"https:\/\/supersimpletienda.cl\/index.php\/wp-json\/wp\/v2\/comments?post=4877"}],"version-history":[{"count":1,"href":"https:\/\/supersimpletienda.cl\/index.php\/wp-json\/wp\/v2\/product\/4877\/revisions"}],"predecessor-version":[{"id":5260,"href":"https:\/\/supersimpletienda.cl\/index.php\/wp-json\/wp\/v2\/product\/4877\/revisions\/5260"}],"wp:featuredmedia":[{"embeddable":true,"href":"https:\/\/supersimpletienda.cl\/index.php\/wp-json\/wp\/v2\/media\/4878"}],"wp:attachment":[{"href":"https:\/\/supersimpletienda.cl\/index.php\/wp-json\/wp\/v2\/media?parent=4877"}],"wp:term":[{"taxonomy":"product_brand","embeddable":true,"href":"https:\/\/supersimpletienda.cl\/index.php\/wp-json\/wp\/v2\/product_brand?post=4877"},{"taxonomy":"product_cat","embeddable":true,"href":"https:\/\/supersimpletienda.cl\/index.php\/wp-json\/wp\/v2\/product_cat?post=4877"},{"taxonomy":"product_tag","embeddable":true,"href":"https:\/\/supersimpletienda.cl\/index.php\/wp-json\/wp\/v2\/product_tag?post=4877"}],"curies":[{"name":"wp","href":"https:\/\/api.w.org\/{rel}","templated":true}]}}