{"id":4872,"date":"2024-07-17T13:51:30","date_gmt":"2024-07-17T13:51:30","guid":{"rendered":"https:\/\/supersimpletienda.cl\/?post_type=product&#038;p=4872"},"modified":"2024-10-24T20:55:53","modified_gmt":"2024-10-24T20:55:53","slug":"adaptador-otg-usb-c-macho-a-lightning-hembra-carga-y-datos","status":"publish","type":"product","link":"https:\/\/supersimpletienda.cl\/index.php\/producto\/adaptador-otg-usb-c-macho-a-lightning-hembra-carga-y-datos\/","title":{"rendered":"Adaptador OTG USB &#8211; C Macho a Lightning Hembra \/ Carga y Datos"},"content":{"rendered":"<p>Permite carga r\u00e1pida PD (Pawer Delivery) en tus dispositivos con entrada USB &#8211; C<\/p>\n<p>Carga R\u00e1pida: de 10% a 50% en 50 minutos<\/p>\n<p>Permite transferencia de archivos, im\u00e1genes y fotos en alta velocidad.<\/p>\n<p>No permite la conexi\u00f3n de audio, es decir, aud\u00edfonos<\/p>\n<p>Adaptador OTG USB Tipo C (macho) a Lightning (hembra), puedes conectar f\u00e1cilmente un dispositivo de Lightning a un dispositivo Tipo C.<br \/>\nPermite transferir datos de apoyo y de carga. USB tipo C reversible de 24 patillas.<\/p>\n<p><strong>Especificaciones:<\/strong><\/p>\n<ul>\n<li>Tama\u00f1o: Peque\u00f1o<\/li>\n<li>Material: Pl\u00e1stico ABS<\/li>\n<li>Compatible con Smartphone que usan interfaz USB Tipo C as\u00ed como ordenadores con dicho puerto como el nuevo MacBook.<\/li>\n<\/ul>\n","protected":false},"excerpt":{"rendered":"<p>Permite carga r\u00e1pida PD (Pawer Delivery) en tus dispositivos con entrada USB &#8211; C Carga R\u00e1pida: de 10% a 50% en 50 minutos Permite transferencia de archivos, im\u00e1genes y fotos en alta velocidad. No permite la conexi\u00f3n de audio, es decir, aud\u00edfonos Adaptador OTG USB Tipo C (macho) a Lightning (hembra), puedes conectar f\u00e1cilmente un [&hellip;]<\/p>\n","protected":false},"featured_media":4874,"comment_status":"closed","ping_status":"closed","template":"","meta":[],"product_brand":[],"product_cat":[202,206,200],"product_tag":[279],"class_list":{"0":"post-4872","1":"product","2":"type-product","3":"status-publish","4":"has-post-thumbnail","6":"product_cat-adaptadores-otg-para-carga-y-datos","7":"product_cat-ofertas","8":"product_cat-telefonos-y-accesorios","9":"product_tag-adatador-para-iphone-tipo-c-a-iphone","11":"first","12":"instock","13":"sale","14":"taxable","15":"shipping-taxable","16":"purchasable","17":"product-type-simple"},"_links":{"self":[{"href":"https:\/\/supersimpletienda.cl\/index.php\/wp-json\/wp\/v2\/product\/4872","targetHints":{"allow":["GET"]}}],"collection":[{"href":"https:\/\/supersimpletienda.cl\/index.php\/wp-json\/wp\/v2\/product"}],"about":[{"href":"https:\/\/supersimpletienda.cl\/index.php\/wp-json\/wp\/v2\/types\/product"}],"replies":[{"embeddable":true,"href":"https:\/\/supersimpletienda.cl\/index.php\/wp-json\/wp\/v2\/comments?post=4872"}],"version-history":[{"count":1,"href":"https:\/\/supersimpletienda.cl\/index.php\/wp-json\/wp\/v2\/product\/4872\/revisions"}],"predecessor-version":[{"id":5259,"href":"https:\/\/supersimpletienda.cl\/index.php\/wp-json\/wp\/v2\/product\/4872\/revisions\/5259"}],"wp:featuredmedia":[{"embeddable":true,"href":"https:\/\/supersimpletienda.cl\/index.php\/wp-json\/wp\/v2\/media\/4874"}],"wp:attachment":[{"href":"https:\/\/supersimpletienda.cl\/index.php\/wp-json\/wp\/v2\/media?parent=4872"}],"wp:term":[{"taxonomy":"product_brand","embeddable":true,"href":"https:\/\/supersimpletienda.cl\/index.php\/wp-json\/wp\/v2\/product_brand?post=4872"},{"taxonomy":"product_cat","embeddable":true,"href":"https:\/\/supersimpletienda.cl\/index.php\/wp-json\/wp\/v2\/product_cat?post=4872"},{"taxonomy":"product_tag","embeddable":true,"href":"https:\/\/supersimpletienda.cl\/index.php\/wp-json\/wp\/v2\/product_tag?post=4872"}],"curies":[{"name":"wp","href":"https:\/\/api.w.org\/{rel}","templated":true}]}}