{"id":4868,"date":"2024-07-17T13:52:37","date_gmt":"2024-07-17T13:52:37","guid":{"rendered":"https:\/\/supersimpletienda.cl\/?post_type=product&#038;p=4868"},"modified":"2024-10-24T20:20:42","modified_gmt":"2024-10-24T20:20:42","slug":"adaptador-tipo-c-a-jack-para-samsung-android-para-audifonos","status":"publish","type":"product","link":"https:\/\/supersimpletienda.cl\/index.php\/producto\/adaptador-tipo-c-a-jack-para-samsung-android-para-audifonos\/","title":{"rendered":"Adaptador Tipo C a Jack para Samsung \/ Android \/ para Aud\u00edfonos"},"content":{"rendered":"<p>Tipo C Macho a hembra Jack 3,5 mm<\/p>\n<p>Adaptador conector de auriculares para Samsung \/ Xiaomi \/ Huawei<\/p>\n<p>ADAPTADOR LIGHTNING PLUG AND PLAY<\/p>\n<p>Certificaci\u00f3n Internacional FCC &#8211; CE \u2013 RoHS<\/p>\n<p><strong>Atenci\u00f3n \/ Importante<\/strong><\/p>\n<p>Con el uso del OTG, puedes simplificar muchas de las tareas diarias que realizas con tu Smartphone. Al contar con el adaptador o cable adecuado, podr\u00e1s ampliar las funcionalidades de tus dispositivos, permiti\u00e9ndote transferir archivos o conectar perif\u00e9ricos. Este conector puede resultar muy \u00fatil y hacerte la vida m\u00e1s sencilla al brindarte m\u00faltiples opciones.<\/p>\n<p><strong>Caracter\u00edsticas<\/strong><\/p>\n<ul>\n<li>Tama\u00f1o compacto de 8 cm.<\/li>\n<li>Color blanco<\/li>\n<li>Mejora el rendimiento del audio<\/li>\n<li>Conecte el tel\u00e9fono al Aux Jack 3,5 mm para escuchar m\u00fasica en Veh\u00edculo.<\/li>\n<li>Alta fidelidad, proporciona la experiencia de audio sin p\u00e9rdidas.<\/li>\n<\/ul>\n","protected":false},"excerpt":{"rendered":"<p>Tipo C Macho a hembra Jack 3,5 mm Adaptador conector de auriculares para Samsung \/ Xiaomi \/ Huawei ADAPTADOR LIGHTNING PLUG AND PLAY Certificaci\u00f3n Internacional FCC &#8211; CE \u2013 RoHS Atenci\u00f3n \/ Importante Con el uso del OTG, puedes simplificar muchas de las tareas diarias que realizas con tu Smartphone. Al contar con el adaptador [&hellip;]<\/p>\n","protected":false},"featured_media":4869,"comment_status":"closed","ping_status":"closed","template":"","meta":[],"product_brand":[],"product_cat":[202,205,200],"product_tag":[277,278],"class_list":{"0":"post-4868","1":"product","2":"type-product","3":"status-publish","4":"has-post-thumbnail","6":"product_cat-adaptadores-otg-para-carga-y-datos","7":"product_cat-nuevos-productos","8":"product_cat-telefonos-y-accesorios","9":"product_tag-adaptador-de-audio-para-samsung","10":"product_tag-tipo-c-a-jack-3-5","12":"first","13":"instock","14":"sale","15":"taxable","16":"shipping-taxable","17":"purchasable","18":"product-type-simple"},"_links":{"self":[{"href":"https:\/\/supersimpletienda.cl\/index.php\/wp-json\/wp\/v2\/product\/4868","targetHints":{"allow":["GET"]}}],"collection":[{"href":"https:\/\/supersimpletienda.cl\/index.php\/wp-json\/wp\/v2\/product"}],"about":[{"href":"https:\/\/supersimpletienda.cl\/index.php\/wp-json\/wp\/v2\/types\/product"}],"replies":[{"embeddable":true,"href":"https:\/\/supersimpletienda.cl\/index.php\/wp-json\/wp\/v2\/comments?post=4868"}],"version-history":[{"count":1,"href":"https:\/\/supersimpletienda.cl\/index.php\/wp-json\/wp\/v2\/product\/4868\/revisions"}],"predecessor-version":[{"id":5258,"href":"https:\/\/supersimpletienda.cl\/index.php\/wp-json\/wp\/v2\/product\/4868\/revisions\/5258"}],"wp:featuredmedia":[{"embeddable":true,"href":"https:\/\/supersimpletienda.cl\/index.php\/wp-json\/wp\/v2\/media\/4869"}],"wp:attachment":[{"href":"https:\/\/supersimpletienda.cl\/index.php\/wp-json\/wp\/v2\/media?parent=4868"}],"wp:term":[{"taxonomy":"product_brand","embeddable":true,"href":"https:\/\/supersimpletienda.cl\/index.php\/wp-json\/wp\/v2\/product_brand?post=4868"},{"taxonomy":"product_cat","embeddable":true,"href":"https:\/\/supersimpletienda.cl\/index.php\/wp-json\/wp\/v2\/product_cat?post=4868"},{"taxonomy":"product_tag","embeddable":true,"href":"https:\/\/supersimpletienda.cl\/index.php\/wp-json\/wp\/v2\/product_tag?post=4868"}],"curies":[{"name":"wp","href":"https:\/\/api.w.org\/{rel}","templated":true}]}}