{"id":4864,"date":"2024-07-17T13:53:07","date_gmt":"2024-07-17T13:53:07","guid":{"rendered":"https:\/\/supersimpletienda.cl\/?post_type=product&#038;p=4864"},"modified":"2024-10-24T20:17:59","modified_gmt":"2024-10-24T20:17:59","slug":"adaptador-para-iphone-8-a-14-lightning-a-jack-3-5-para-audifonos","status":"publish","type":"product","link":"https:\/\/supersimpletienda.cl\/index.php\/producto\/adaptador-para-iphone-8-a-14-lightning-a-jack-3-5-para-audifonos\/","title":{"rendered":"Adaptador Para iPhone 8 A 14 \/ Lightning A Jack 3.5 \/ para Aud\u00edfonos"},"content":{"rendered":"<p>Lightning Macho a hembra Jack 3,5 mm<\/p>\n<p>Adaptador conector de auriculares para iPhone 8 \/ XS \/ XR \/ SE \/ 11 \/ 12 \/ 13\/ 14<\/p>\n<p>Soporta iPhone con IOS 13 \/ 14 \/ 15 \/ 16 \/ 17<\/p>\n<p>Certificaci\u00f3n Internacional FCC &#8211; CE \u2013 RoHS<\/p>\n<p><strong>Atenci\u00f3n \/ Importante<\/strong><\/p>\n<p>Con el uso del OTG, puedes simplificar muchas de las tareas diarias que realizas con tu Smartphone. Al contar con el adaptador o cable adecuado, podr\u00e1s ampliar las funcionalidades de tus dispositivos, permiti\u00e9ndote transferir archivos o conectar perif\u00e9ricos. Este conector puede resultar muy \u00fatil y hacerte la vida m\u00e1s sencilla al brindarte m\u00faltiples opciones.<\/p>\n<p><strong>Caracter\u00edsticas<\/strong><\/p>\n<ul>\n<li>Tama\u00f1o compacto de 15cm.<\/li>\n<li>Color blanco<\/li>\n<li>Mejora el rendimiento del audio<\/li>\n<li>Conecte el tel\u00e9fono al Aux Jack 3,5 mm para escuchar m\u00fasica en Veh\u00edculo<\/li>\n<li>Alta fidelidad, proporciona la experiencia de audio sin p\u00e9rdidas<\/li>\n<\/ul>\n<p><strong>Importante<\/strong><\/p>\n<p>Se requiere tener el Bluetooth encendido, ya que el iPhone lo reconoce como dispositivo de audio<\/p>\n","protected":false},"excerpt":{"rendered":"<p>Lightning Macho a hembra Jack 3,5 mm Adaptador conector de auriculares para iPhone 8 \/ XS \/ XR \/ SE \/ 11 \/ 12 \/ 13\/ 14 Soporta iPhone con IOS 13 \/ 14 \/ 15 \/ 16 \/ 17 Certificaci\u00f3n Internacional FCC &#8211; CE \u2013 RoHS Atenci\u00f3n \/ Importante Con el uso del OTG, [&hellip;]<\/p>\n","protected":false},"featured_media":4865,"comment_status":"closed","ping_status":"closed","template":"","meta":[],"product_brand":[],"product_cat":[202,205,200],"product_tag":[275,276],"class_list":{"0":"post-4864","1":"product","2":"type-product","3":"status-publish","4":"has-post-thumbnail","6":"product_cat-adaptadores-otg-para-carga-y-datos","7":"product_cat-nuevos-productos","8":"product_cat-telefonos-y-accesorios","9":"product_tag-adaptador-de-audio-para-iphone","10":"product_tag-jack-3-5-a-lightning","12":"first","13":"instock","14":"sale","15":"taxable","16":"shipping-taxable","17":"purchasable","18":"product-type-simple"},"_links":{"self":[{"href":"https:\/\/supersimpletienda.cl\/index.php\/wp-json\/wp\/v2\/product\/4864","targetHints":{"allow":["GET"]}}],"collection":[{"href":"https:\/\/supersimpletienda.cl\/index.php\/wp-json\/wp\/v2\/product"}],"about":[{"href":"https:\/\/supersimpletienda.cl\/index.php\/wp-json\/wp\/v2\/types\/product"}],"replies":[{"embeddable":true,"href":"https:\/\/supersimpletienda.cl\/index.php\/wp-json\/wp\/v2\/comments?post=4864"}],"version-history":[{"count":1,"href":"https:\/\/supersimpletienda.cl\/index.php\/wp-json\/wp\/v2\/product\/4864\/revisions"}],"predecessor-version":[{"id":5257,"href":"https:\/\/supersimpletienda.cl\/index.php\/wp-json\/wp\/v2\/product\/4864\/revisions\/5257"}],"wp:featuredmedia":[{"embeddable":true,"href":"https:\/\/supersimpletienda.cl\/index.php\/wp-json\/wp\/v2\/media\/4865"}],"wp:attachment":[{"href":"https:\/\/supersimpletienda.cl\/index.php\/wp-json\/wp\/v2\/media?parent=4864"}],"wp:term":[{"taxonomy":"product_brand","embeddable":true,"href":"https:\/\/supersimpletienda.cl\/index.php\/wp-json\/wp\/v2\/product_brand?post=4864"},{"taxonomy":"product_cat","embeddable":true,"href":"https:\/\/supersimpletienda.cl\/index.php\/wp-json\/wp\/v2\/product_cat?post=4864"},{"taxonomy":"product_tag","embeddable":true,"href":"https:\/\/supersimpletienda.cl\/index.php\/wp-json\/wp\/v2\/product_tag?post=4864"}],"curies":[{"name":"wp","href":"https:\/\/api.w.org\/{rel}","templated":true}]}}