{"id":4852,"date":"2024-07-17T13:56:44","date_gmt":"2024-07-17T13:56:44","guid":{"rendered":"https:\/\/supersimpletienda.cl\/?post_type=product&#038;p=4852"},"modified":"2024-10-24T19:55:27","modified_gmt":"2024-10-24T19:55:27","slug":"adaptador-otg-para-iphone-ipad-de-lightning-macho-a-tipo-c-hembra","status":"publish","type":"product","link":"https:\/\/supersimpletienda.cl\/index.php\/producto\/adaptador-otg-para-iphone-ipad-de-lightning-macho-a-tipo-c-hembra\/","title":{"rendered":"Adaptador OTG Para iPhone \/ iPad de Lightning macho a Tipo C Hembra"},"content":{"rendered":"<p>Soporta funci\u00f3n OTG, es decir, funciona para ambos lados; carga y datos. Permite conectar tu dispositivo con entrada Lightning a otro dispositivo con entrada tipo C, para as\u00ed gestionar con mayor facilidad y rapidez el acceso a los contenidos digitales de tu m\u00f3vil.<\/p>\n<p>No soporta funciones de audio<\/p>\n<p>Alta velocidad de transmisi\u00f3n de datos<\/p>\n<p>Certificaci\u00f3n Internacional FCC &#8211; CE \u2013 RoHS<\/p>\n<p><strong>Atenci\u00f3n \/ Importante<\/strong><\/p>\n<p>Con el uso del OTG, puedes simplificar muchas de las tareas diarias que realizas con tu Smartphone. Al contar con el adaptador o cable adecuado, podr\u00e1s ampliar las funcionalidades de tus dispositivos, permiti\u00e9ndote transferir archivos o conectar perif\u00e9ricos. Este conector puede resultar muy \u00fatil y hacerte la vida m\u00e1s sencilla al brindarte m\u00faltiples opciones.<\/p>\n<p><strong>Caracter\u00edsticas<\/strong><\/p>\n<ul>\n<li>Transmisi\u00f3n de datos s\u00faper r\u00e1pido<\/li>\n<li>Fabricado en Aluminio Alloy y PVC resistente a temperaturas.<\/li>\n<li>Dise\u00f1o minimalista y portable<\/li>\n<li>R\u00e1pida transmisi\u00f3n de datos<\/li>\n<\/ul>\n","protected":false},"excerpt":{"rendered":"<p>Soporta funci\u00f3n OTG, es decir, funciona para ambos lados; carga y datos. Permite conectar tu dispositivo con entrada Lightning a otro dispositivo con entrada tipo C, para as\u00ed gestionar con mayor facilidad y rapidez el acceso a los contenidos digitales de tu m\u00f3vil. No soporta funciones de audio Alta velocidad de transmisi\u00f3n de datos Certificaci\u00f3n [&hellip;]<\/p>\n","protected":false},"featured_media":4854,"comment_status":"closed","ping_status":"closed","template":"","meta":[],"product_brand":[],"product_cat":[202,205,200],"product_tag":[271,272],"class_list":{"0":"post-4852","1":"product","2":"type-product","3":"status-publish","4":"has-post-thumbnail","6":"product_cat-adaptadores-otg-para-carga-y-datos","7":"product_cat-nuevos-productos","8":"product_cat-telefonos-y-accesorios","9":"product_tag-adaptador-para-iphone","10":"product_tag-carga-y-datos","12":"first","13":"instock","14":"sale","15":"taxable","16":"shipping-taxable","17":"purchasable","18":"product-type-simple"},"_links":{"self":[{"href":"https:\/\/supersimpletienda.cl\/index.php\/wp-json\/wp\/v2\/product\/4852","targetHints":{"allow":["GET"]}}],"collection":[{"href":"https:\/\/supersimpletienda.cl\/index.php\/wp-json\/wp\/v2\/product"}],"about":[{"href":"https:\/\/supersimpletienda.cl\/index.php\/wp-json\/wp\/v2\/types\/product"}],"replies":[{"embeddable":true,"href":"https:\/\/supersimpletienda.cl\/index.php\/wp-json\/wp\/v2\/comments?post=4852"}],"version-history":[{"count":1,"href":"https:\/\/supersimpletienda.cl\/index.php\/wp-json\/wp\/v2\/product\/4852\/revisions"}],"predecessor-version":[{"id":5254,"href":"https:\/\/supersimpletienda.cl\/index.php\/wp-json\/wp\/v2\/product\/4852\/revisions\/5254"}],"wp:featuredmedia":[{"embeddable":true,"href":"https:\/\/supersimpletienda.cl\/index.php\/wp-json\/wp\/v2\/media\/4854"}],"wp:attachment":[{"href":"https:\/\/supersimpletienda.cl\/index.php\/wp-json\/wp\/v2\/media?parent=4852"}],"wp:term":[{"taxonomy":"product_brand","embeddable":true,"href":"https:\/\/supersimpletienda.cl\/index.php\/wp-json\/wp\/v2\/product_brand?post=4852"},{"taxonomy":"product_cat","embeddable":true,"href":"https:\/\/supersimpletienda.cl\/index.php\/wp-json\/wp\/v2\/product_cat?post=4852"},{"taxonomy":"product_tag","embeddable":true,"href":"https:\/\/supersimpletienda.cl\/index.php\/wp-json\/wp\/v2\/product_tag?post=4852"}],"curies":[{"name":"wp","href":"https:\/\/api.w.org\/{rel}","templated":true}]}}