{"id":4848,"date":"2024-07-17T13:57:30","date_gmt":"2024-07-17T13:57:30","guid":{"rendered":"https:\/\/supersimpletienda.cl\/?post_type=product&#038;p=4848"},"modified":"2024-10-24T19:54:18","modified_gmt":"2024-10-24T19:54:18","slug":"adaptador-usb-c-hembra-a-usb-a-macho-3-0-carga-rapida","status":"publish","type":"product","link":"https:\/\/supersimpletienda.cl\/index.php\/producto\/adaptador-usb-c-hembra-a-usb-a-macho-3-0-carga-rapida\/","title":{"rendered":"Adaptador USB-C Hembra a USB-A Macho 3.0 Carga R\u00e1pida"},"content":{"rendered":"<p>Facilitar las tareas cotidianas con la ayuda de la tecnolog\u00eda es clave en la vida moderna. Tanto tu ordenador como tu smartphone son herramientas vers\u00e1tiles que hacen posible una amplia gama de actividades. En particular, el puerto USB de los dispositivos m\u00f3viles ofrece una gran variedad de funcionalidades. Desde la carga b\u00e1sica hasta la expansi\u00f3n de capacidades mediante adaptadores y cables adecuados, este Adaptador USB se convierte en un aliado invaluable.<\/p>\n<p>Destaca la posibilidad de transferir archivos de manera r\u00e1pida y eficiente, as\u00ed como la capacidad de conectar perif\u00e9ricos que ampl\u00edan las capacidades de tu dispositivo. Ya sea un micr\u00f3fono para grabaciones, una impresora para documentos o un control para juegos, las opciones son diversas y hacen que la vida sea m\u00e1s pr\u00e1ctica y eficiente. Adem\u00e1s, ofrece una velocidad de transferencia de archivos de hasta 5 Gbps, lo que asegura una experiencia fluida y sin demoras. Adem\u00e1s, su capacidad de carga r\u00e1pida PD garantiza que tus dispositivos est\u00e9n listos para usar en poco tiempo.<\/p>\n<p>Fabricado con materiales de alta calidad como la aleaci\u00f3n de zinc y el ABS, este adaptador combina resistencia y ligereza en un dise\u00f1o compacto. Con dimensiones de 16.7x6x25mm y un peso de apenas 8 gramos, es f\u00e1cil de transportar y usar en cualquier lugar.<\/p>\n<p>Es compatible con una amplia gama de dispositivos, incluyendo tel\u00e9fonos inteligentes, tabletas, ordenadores port\u00e1tiles, bancos de energ\u00eda m\u00f3vil y unidades flash USB. Ya sea para transferir datos o cargar dispositivos, este adaptador ofrece una soluci\u00f3n pr\u00e1ctica y eficiente para tus necesidades tecnol\u00f3gicas diarias.<\/p>\n","protected":false},"excerpt":{"rendered":"<p>Facilitar las tareas cotidianas con la ayuda de la tecnolog\u00eda es clave en la vida moderna. Tanto tu ordenador como tu smartphone son herramientas vers\u00e1tiles que hacen posible una amplia gama de actividades. En particular, el puerto USB de los dispositivos m\u00f3viles ofrece una gran variedad de funcionalidades. Desde la carga b\u00e1sica hasta la expansi\u00f3n [&hellip;]<\/p>\n","protected":false},"featured_media":4849,"comment_status":"closed","ping_status":"closed","template":"","meta":[],"product_brand":[],"product_cat":[202,205,206,200],"product_tag":[271,272],"class_list":{"0":"post-4848","1":"product","2":"type-product","3":"status-publish","4":"has-post-thumbnail","6":"product_cat-adaptadores-otg-para-carga-y-datos","7":"product_cat-nuevos-productos","8":"product_cat-ofertas","9":"product_cat-telefonos-y-accesorios","10":"product_tag-adaptador-para-iphone","11":"product_tag-carga-y-datos","13":"first","14":"instock","15":"sale","16":"taxable","17":"shipping-taxable","18":"purchasable","19":"product-type-simple"},"_links":{"self":[{"href":"https:\/\/supersimpletienda.cl\/index.php\/wp-json\/wp\/v2\/product\/4848","targetHints":{"allow":["GET"]}}],"collection":[{"href":"https:\/\/supersimpletienda.cl\/index.php\/wp-json\/wp\/v2\/product"}],"about":[{"href":"https:\/\/supersimpletienda.cl\/index.php\/wp-json\/wp\/v2\/types\/product"}],"replies":[{"embeddable":true,"href":"https:\/\/supersimpletienda.cl\/index.php\/wp-json\/wp\/v2\/comments?post=4848"}],"version-history":[{"count":1,"href":"https:\/\/supersimpletienda.cl\/index.php\/wp-json\/wp\/v2\/product\/4848\/revisions"}],"predecessor-version":[{"id":5253,"href":"https:\/\/supersimpletienda.cl\/index.php\/wp-json\/wp\/v2\/product\/4848\/revisions\/5253"}],"wp:featuredmedia":[{"embeddable":true,"href":"https:\/\/supersimpletienda.cl\/index.php\/wp-json\/wp\/v2\/media\/4849"}],"wp:attachment":[{"href":"https:\/\/supersimpletienda.cl\/index.php\/wp-json\/wp\/v2\/media?parent=4848"}],"wp:term":[{"taxonomy":"product_brand","embeddable":true,"href":"https:\/\/supersimpletienda.cl\/index.php\/wp-json\/wp\/v2\/product_brand?post=4848"},{"taxonomy":"product_cat","embeddable":true,"href":"https:\/\/supersimpletienda.cl\/index.php\/wp-json\/wp\/v2\/product_cat?post=4848"},{"taxonomy":"product_tag","embeddable":true,"href":"https:\/\/supersimpletienda.cl\/index.php\/wp-json\/wp\/v2\/product_tag?post=4848"}],"curies":[{"name":"wp","href":"https:\/\/api.w.org\/{rel}","templated":true}]}}