{"id":4844,"date":"2024-07-17T13:42:24","date_gmt":"2024-07-17T13:42:24","guid":{"rendered":"https:\/\/supersimpletienda.cl\/?post_type=product&#038;p=4844"},"modified":"2024-10-24T21:25:20","modified_gmt":"2024-10-24T21:25:20","slug":"audifonos-inalambricos-bluetooth-5-0-boton-tactil","status":"publish","type":"product","link":"https:\/\/supersimpletienda.cl\/index.php\/producto\/audifonos-inalambricos-bluetooth-5-0-boton-tactil\/","title":{"rendered":"Aud\u00edfonos Inal\u00e1mbricos Bluetooth 5.0 Bot\u00f3n T\u00e1ctil"},"content":{"rendered":"<p>Aud\u00edfonos con tecnolog\u00eda TWS inal\u00e1mbrica, con micr\u00f3fono en ambos auriculares aseguran tiempos de m\u00fasica estables sin demoras de audio cuando miras pel\u00edculas o en juegas, compatible con todos los dispositivos m\u00f3viles tantos Android como los iPhone de Apple.<\/p>\n<p><strong>Caracter\u00edsticas:<\/strong><\/p>\n<ul>\n<li>Bluetooth 5.0, alcance 10 metros, con reducci\u00f3n de ruido activa.<\/li>\n<li>IPX7: protegido contra inmersiones por 30 minutos.<\/li>\n<li>Bater\u00eda estaci\u00f3n de carga de 2.000 mha, con visualizador de carga.<\/li>\n<li>Tiempo de uso: llamada\/m\u00fasica 5 a 6 horas continuas.<\/li>\n<li>Botones t\u00e1ctiles: contestar-cortar llamadas, subir-bajar volumen, asistente de voz (Siri, Alexa).<\/li>\n<\/ul>\n<p><strong>Accesorios en la caja:<\/strong><\/p>\n<ul>\n<li>2 aud\u00edfonos F9 TWS Bluetooth; Left &#8211; Right<\/li>\n<li>1 estaci\u00f3n de carga y 1 cable de carga<\/li>\n<li>4 gomas de repuesto &#8211; manual de usuario en idioma Ingles<\/li>\n<\/ul>\n","protected":false},"excerpt":{"rendered":"<p>Aud\u00edfonos con tecnolog\u00eda TWS inal\u00e1mbrica, con micr\u00f3fono en ambos auriculares aseguran tiempos de m\u00fasica estables sin demoras de audio cuando miras pel\u00edculas o en juegas, compatible con todos los dispositivos m\u00f3viles tantos Android como los iPhone de Apple. Caracter\u00edsticas: Bluetooth 5.0, alcance 10 metros, con reducci\u00f3n de ruido activa. IPX7: protegido contra inmersiones por 30 [&hellip;]<\/p>\n","protected":false},"featured_media":4845,"comment_status":"closed","ping_status":"closed","template":"","meta":[],"product_brand":[],"product_cat":[217,245,205,206,200],"product_tag":[287,288],"class_list":{"0":"post-4844","1":"product","2":"type-product","3":"status-publish","4":"has-post-thumbnail","6":"product_cat-audifonos","7":"product_cat-navidad-regalos","8":"product_cat-nuevos-productos","9":"product_cat-ofertas","10":"product_cat-telefonos-y-accesorios","11":"product_tag-audifonos-inalambricos","12":"product_tag-bluethooth-5-0","14":"first","15":"instock","16":"sale","17":"taxable","18":"shipping-taxable","19":"purchasable","20":"product-type-simple"},"_links":{"self":[{"href":"https:\/\/supersimpletienda.cl\/index.php\/wp-json\/wp\/v2\/product\/4844","targetHints":{"allow":["GET"]}}],"collection":[{"href":"https:\/\/supersimpletienda.cl\/index.php\/wp-json\/wp\/v2\/product"}],"about":[{"href":"https:\/\/supersimpletienda.cl\/index.php\/wp-json\/wp\/v2\/types\/product"}],"replies":[{"embeddable":true,"href":"https:\/\/supersimpletienda.cl\/index.php\/wp-json\/wp\/v2\/comments?post=4844"}],"version-history":[{"count":1,"href":"https:\/\/supersimpletienda.cl\/index.php\/wp-json\/wp\/v2\/product\/4844\/revisions"}],"predecessor-version":[{"id":5264,"href":"https:\/\/supersimpletienda.cl\/index.php\/wp-json\/wp\/v2\/product\/4844\/revisions\/5264"}],"wp:featuredmedia":[{"embeddable":true,"href":"https:\/\/supersimpletienda.cl\/index.php\/wp-json\/wp\/v2\/media\/4845"}],"wp:attachment":[{"href":"https:\/\/supersimpletienda.cl\/index.php\/wp-json\/wp\/v2\/media?parent=4844"}],"wp:term":[{"taxonomy":"product_brand","embeddable":true,"href":"https:\/\/supersimpletienda.cl\/index.php\/wp-json\/wp\/v2\/product_brand?post=4844"},{"taxonomy":"product_cat","embeddable":true,"href":"https:\/\/supersimpletienda.cl\/index.php\/wp-json\/wp\/v2\/product_cat?post=4844"},{"taxonomy":"product_tag","embeddable":true,"href":"https:\/\/supersimpletienda.cl\/index.php\/wp-json\/wp\/v2\/product_tag?post=4844"}],"curies":[{"name":"wp","href":"https:\/\/api.w.org\/{rel}","templated":true}]}}