{"id":4835,"date":"2024-07-02T21:45:11","date_gmt":"2024-07-02T21:45:11","guid":{"rendered":"https:\/\/supersimpletienda.cl\/?post_type=product&#038;p=4835"},"modified":"2024-12-11T14:13:04","modified_gmt":"2024-12-11T14:13:04","slug":"audifonos-in-ear-earpods-tipo-c-compatibles-con-samsung-xiaomi-huawei","status":"publish","type":"product","link":"https:\/\/supersimpletienda.cl\/index.php\/producto\/audifonos-in-ear-earpods-tipo-c-compatibles-con-samsung-xiaomi-huawei\/","title":{"rendered":"Aud\u00edfonos In Ear EarPods Tipo C compatibles con Samsung\/ Xiaomi\/ Huawei"},"content":{"rendered":"<p>Aud\u00edfono manos libres con conector Tipo C compatibles con Samsung, Xiaomi y Huawei. Poseen una excelente fidelidad de audio y conservan un estilo de aud\u00edfono como los EarPod de Apple.<\/p>\n<p><strong>Caracter\u00edsticas<\/strong><\/p>\n<ul>\n<li>Manos Libres<\/li>\n<li>Estilo Earpods<\/li>\n<li>Excelente calidad de audio<\/li>\n<\/ul>\n<p>A diferencia de los aud\u00edfonos circulares tradicionales, el dise\u00f1o de los EarPods se basa en la geometr\u00eda del o\u00eddo, por eso son m\u00e1s c\u00f3modos que cualquier otro aud\u00edfono de este tipo.<br \/>\nLas bocinas del interior han sido dise\u00f1adas para mejorar la calidad del sonido y minimizar su p\u00e9rdida, su resultado, un audio de alta calidad.<br \/>\nLos EarPods tambi\u00e9n incluyen un control remoto integrado en el cable que te permite ajustar el volumen, controlar la reproducci\u00f3n de m\u00fasica y video, responder o finalizar llamadas.<\/p>\n","protected":false},"excerpt":{"rendered":"<p>Aud\u00edfono manos libres con conector Tipo C compatibles con Samsung, Xiaomi y Huawei. Poseen una excelente fidelidad de audio y conservan un estilo de aud\u00edfono como los EarPod de Apple. Caracter\u00edsticas Manos Libres Estilo Earpods Excelente calidad de audio A diferencia de los aud\u00edfonos circulares tradicionales, el dise\u00f1o de los EarPods se basa en la [&hellip;]<\/p>\n","protected":false},"featured_media":4836,"comment_status":"closed","ping_status":"closed","template":"","meta":[],"product_brand":[],"product_cat":[245,205,206],"product_tag":[331,332],"class_list":{"0":"post-4835","1":"product","2":"type-product","3":"status-publish","4":"has-post-thumbnail","6":"product_cat-navidad-regalos","7":"product_cat-nuevos-productos","8":"product_cat-ofertas","9":"product_tag-compatible-xiaomi","10":"product_tag-motorola","12":"first","13":"instock","14":"sale","15":"taxable","16":"shipping-taxable","17":"purchasable","18":"product-type-simple"},"_links":{"self":[{"href":"https:\/\/supersimpletienda.cl\/index.php\/wp-json\/wp\/v2\/product\/4835","targetHints":{"allow":["GET"]}}],"collection":[{"href":"https:\/\/supersimpletienda.cl\/index.php\/wp-json\/wp\/v2\/product"}],"about":[{"href":"https:\/\/supersimpletienda.cl\/index.php\/wp-json\/wp\/v2\/types\/product"}],"replies":[{"embeddable":true,"href":"https:\/\/supersimpletienda.cl\/index.php\/wp-json\/wp\/v2\/comments?post=4835"}],"version-history":[{"count":1,"href":"https:\/\/supersimpletienda.cl\/index.php\/wp-json\/wp\/v2\/product\/4835\/revisions"}],"predecessor-version":[{"id":5305,"href":"https:\/\/supersimpletienda.cl\/index.php\/wp-json\/wp\/v2\/product\/4835\/revisions\/5305"}],"wp:featuredmedia":[{"embeddable":true,"href":"https:\/\/supersimpletienda.cl\/index.php\/wp-json\/wp\/v2\/media\/4836"}],"wp:attachment":[{"href":"https:\/\/supersimpletienda.cl\/index.php\/wp-json\/wp\/v2\/media?parent=4835"}],"wp:term":[{"taxonomy":"product_brand","embeddable":true,"href":"https:\/\/supersimpletienda.cl\/index.php\/wp-json\/wp\/v2\/product_brand?post=4835"},{"taxonomy":"product_cat","embeddable":true,"href":"https:\/\/supersimpletienda.cl\/index.php\/wp-json\/wp\/v2\/product_cat?post=4835"},{"taxonomy":"product_tag","embeddable":true,"href":"https:\/\/supersimpletienda.cl\/index.php\/wp-json\/wp\/v2\/product_tag?post=4835"}],"curies":[{"name":"wp","href":"https:\/\/api.w.org\/{rel}","templated":true}]}}