{"id":4827,"date":"2024-07-17T13:48:40","date_gmt":"2024-07-17T13:48:40","guid":{"rendered":"https:\/\/supersimpletienda.cl\/?post_type=product&#038;p=4827"},"modified":"2024-10-24T20:58:57","modified_gmt":"2024-10-24T20:58:57","slug":"audifonos-in-ear-modelo-earpods-compatibles-con-iphone-8-x-11-12-13-14","status":"publish","type":"product","link":"https:\/\/supersimpletienda.cl\/index.php\/producto\/audifonos-in-ear-modelo-earpods-compatibles-con-iphone-8-x-11-12-13-14\/","title":{"rendered":"Aud\u00edfonos In Ear modelo Ear Pods Compatibles con iPhone 8 X 11 12 13 14"},"content":{"rendered":"<p>Aud\u00edfonos manos libres con conector Lightning compatibles con iPhone 7 hacia arriba. Poseen una excelente fidelidad de audio y conservan un estilo de aud\u00edfono como los Ear Pod de Apple.<\/p>\n<p><strong>Caracter\u00edsticas<\/strong><\/p>\n<ul>\n<li>Manos Libres<\/li>\n<li>Estilo Ear Pods<\/li>\n<li>Excelente calidad de audio<\/li>\n<\/ul>\n<p>A diferencia de los aud\u00edfonos circulares tradicionales, el dise\u00f1o de los Ear Pods se basa en la geometr\u00eda del o\u00eddo, por eso son m\u00e1s c\u00f3modos que cualquier otro aud\u00edfono de este tipo.<br \/>\nLas bocinas del interior han sido dise\u00f1adas para mejorar la calidad del sonido y minimizar su p\u00e9rdida, su resultado, un audio de alta calidad.<br \/>\nLos Ear Pods tambi\u00e9n incluyen un control remoto integrado en el cable que te permite ajustar el volumen, controlar la reproducci\u00f3n de m\u00fasica y video, responder o finalizar llamadas.<\/p>\n","protected":false},"excerpt":{"rendered":"<p>Aud\u00edfonos manos libres con conector Lightning compatibles con iPhone 7 hacia arriba. Poseen una excelente fidelidad de audio y conservan un estilo de aud\u00edfono como los Ear Pod de Apple. Caracter\u00edsticas Manos Libres Estilo Ear Pods Excelente calidad de audio A diferencia de los aud\u00edfonos circulares tradicionales, el dise\u00f1o de los Ear Pods se basa [&hellip;]<\/p>\n","protected":false},"featured_media":4828,"comment_status":"closed","ping_status":"closed","template":"","meta":[],"product_brand":[],"product_cat":[217,245,205,206,200],"product_tag":[281,244],"class_list":{"0":"post-4827","1":"product","2":"type-product","3":"status-publish","4":"has-post-thumbnail","6":"product_cat-audifonos","7":"product_cat-navidad-regalos","8":"product_cat-nuevos-productos","9":"product_cat-ofertas","10":"product_cat-telefonos-y-accesorios","11":"product_tag-audifonos-lightning","12":"product_tag-audifonos-para-iphone","14":"first","15":"instock","16":"sale","17":"taxable","18":"shipping-taxable","19":"purchasable","20":"product-type-simple"},"_links":{"self":[{"href":"https:\/\/supersimpletienda.cl\/index.php\/wp-json\/wp\/v2\/product\/4827","targetHints":{"allow":["GET"]}}],"collection":[{"href":"https:\/\/supersimpletienda.cl\/index.php\/wp-json\/wp\/v2\/product"}],"about":[{"href":"https:\/\/supersimpletienda.cl\/index.php\/wp-json\/wp\/v2\/types\/product"}],"replies":[{"embeddable":true,"href":"https:\/\/supersimpletienda.cl\/index.php\/wp-json\/wp\/v2\/comments?post=4827"}],"version-history":[{"count":1,"href":"https:\/\/supersimpletienda.cl\/index.php\/wp-json\/wp\/v2\/product\/4827\/revisions"}],"predecessor-version":[{"id":5261,"href":"https:\/\/supersimpletienda.cl\/index.php\/wp-json\/wp\/v2\/product\/4827\/revisions\/5261"}],"wp:featuredmedia":[{"embeddable":true,"href":"https:\/\/supersimpletienda.cl\/index.php\/wp-json\/wp\/v2\/media\/4828"}],"wp:attachment":[{"href":"https:\/\/supersimpletienda.cl\/index.php\/wp-json\/wp\/v2\/media?parent=4827"}],"wp:term":[{"taxonomy":"product_brand","embeddable":true,"href":"https:\/\/supersimpletienda.cl\/index.php\/wp-json\/wp\/v2\/product_brand?post=4827"},{"taxonomy":"product_cat","embeddable":true,"href":"https:\/\/supersimpletienda.cl\/index.php\/wp-json\/wp\/v2\/product_cat?post=4827"},{"taxonomy":"product_tag","embeddable":true,"href":"https:\/\/supersimpletienda.cl\/index.php\/wp-json\/wp\/v2\/product_tag?post=4827"}],"curies":[{"name":"wp","href":"https:\/\/api.w.org\/{rel}","templated":true}]}}