{"id":4660,"date":"2024-07-17T13:04:29","date_gmt":"2024-07-17T13:04:29","guid":{"rendered":"https:\/\/supersimpletienda.cl\/?post_type=product&#038;p=4660"},"modified":"2024-12-02T14:58:20","modified_gmt":"2024-12-02T14:58:20","slug":"funda-urbancase-de-silicona-fluorescente-para-control-samsung-solarcell-2","status":"publish","type":"product","link":"https:\/\/supersimpletienda.cl\/index.php\/producto\/funda-urbancase-de-silicona-fluorescente-para-control-samsung-solarcell-2\/","title":{"rendered":"Funda UrbanCase de Silicona Fluorescente para Control Samsung SolarCell \/ Verde"},"content":{"rendered":"<p><strong>Compatibilidad<\/strong><br \/>\nEste protector UrbanCase es para controles remotos SollarCell de Samsung, cuya medida es de 14 cm, disponibles en los modelos de TV Crystal UHD, QLED, OLED, Neo QLED, Neo QLED 8K y The Frame 2022\/ 2023 y 2024.<\/p>\n<p><strong>Caracter\u00edsticas<\/strong><\/p>\n<ul>\n<li>Calidad certificada; no t\u00f3xica para la familia y\/o mascotas<\/li>\n<li>Antideslizante; por lo que evita ca\u00eddas<\/li>\n<li>Lavable y textura agradable al agarre<\/li>\n<li>Calce perfecto en su control remoto<\/li>\n<li>Incluye Cord\u00f3n: por lo que brinda mayor seguridad<\/li>\n<\/ul>\n<p><strong>Colores Fluorescentes<\/strong><br \/>\nEsta funda UrbanCase se iluminan en las noches haciendo m\u00e1s f\u00e1cil su b\u00fasqueda. Al mismo tiempo, si coloca su funda a la luz directa de la ampolleta por 20 a 40 segundos potenciar\u00e1 sus caracter\u00edsticas Fluorescentes.<\/p>\n","protected":false},"excerpt":{"rendered":"<p>Compatibilidad Este protector UrbanCase es para controles remotos SollarCell de Samsung, cuya medida es de 14 cm, disponibles en los modelos de TV Crystal UHD, QLED, OLED, Neo QLED, Neo QLED 8K y The Frame 2022\/ 2023 y 2024. Caracter\u00edsticas Calidad certificada; no t\u00f3xica para la familia y\/o mascotas Antideslizante; por lo que evita ca\u00eddas [&hellip;]<\/p>\n","protected":false},"featured_media":4662,"comment_status":"closed","ping_status":"closed","template":"","meta":[],"product_brand":[],"product_cat":[245,205,208,199],"product_tag":[328],"class_list":{"0":"post-4660","1":"product","2":"type-product","3":"status-publish","4":"has-post-thumbnail","6":"product_cat-navidad-regalos","7":"product_cat-nuevos-productos","8":"product_cat-samsung","9":"product_cat-protectores-urban-case","10":"product_tag-disenado-con-silcona-resistente","12":"first","13":"instock","14":"sale","15":"taxable","16":"shipping-taxable","17":"purchasable","18":"product-type-simple"},"_links":{"self":[{"href":"https:\/\/supersimpletienda.cl\/index.php\/wp-json\/wp\/v2\/product\/4660","targetHints":{"allow":["GET"]}}],"collection":[{"href":"https:\/\/supersimpletienda.cl\/index.php\/wp-json\/wp\/v2\/product"}],"about":[{"href":"https:\/\/supersimpletienda.cl\/index.php\/wp-json\/wp\/v2\/types\/product"}],"replies":[{"embeddable":true,"href":"https:\/\/supersimpletienda.cl\/index.php\/wp-json\/wp\/v2\/comments?post=4660"}],"version-history":[{"count":1,"href":"https:\/\/supersimpletienda.cl\/index.php\/wp-json\/wp\/v2\/product\/4660\/revisions"}],"predecessor-version":[{"id":5299,"href":"https:\/\/supersimpletienda.cl\/index.php\/wp-json\/wp\/v2\/product\/4660\/revisions\/5299"}],"wp:featuredmedia":[{"embeddable":true,"href":"https:\/\/supersimpletienda.cl\/index.php\/wp-json\/wp\/v2\/media\/4662"}],"wp:attachment":[{"href":"https:\/\/supersimpletienda.cl\/index.php\/wp-json\/wp\/v2\/media?parent=4660"}],"wp:term":[{"taxonomy":"product_brand","embeddable":true,"href":"https:\/\/supersimpletienda.cl\/index.php\/wp-json\/wp\/v2\/product_brand?post=4660"},{"taxonomy":"product_cat","embeddable":true,"href":"https:\/\/supersimpletienda.cl\/index.php\/wp-json\/wp\/v2\/product_cat?post=4660"},{"taxonomy":"product_tag","embeddable":true,"href":"https:\/\/supersimpletienda.cl\/index.php\/wp-json\/wp\/v2\/product_tag?post=4660"}],"curies":[{"name":"wp","href":"https:\/\/api.w.org\/{rel}","templated":true}]}}