{"id":4646,"date":"2024-06-24T19:56:19","date_gmt":"2024-06-24T19:56:19","guid":{"rendered":"https:\/\/supersimpletienda.cl\/?post_type=product&#038;p=4646"},"modified":"2024-12-11T14:15:47","modified_gmt":"2024-12-11T14:15:47","slug":"cargador-carga-rapida-33-watt-para-iphone-12-13-14-15-blanco","status":"publish","type":"product","link":"https:\/\/supersimpletienda.cl\/index.php\/producto\/cargador-carga-rapida-33-watt-para-iphone-12-13-14-15-blanco\/","title":{"rendered":"Cargador Carga R\u00e1pida 33 watt para iPhone Pro Max 12 13 14 15 \/ Blanco"},"content":{"rendered":"<p>Cargador de Pared Carga R\u00e1pida de 33 watt Blanco<br \/>\nCompatible con iPhone 12 hasta el 15 en todas sus variantes<br \/>\nAdem\u00e1s, compatible con; Huawei \u2013 Xiaomi \u2013 Samsung \u2013 DELL \u2013 OPPO<br \/>\nCertificaci\u00f3n Internacional FCC &#8211; CE y RoHS<\/p>\n<p>Cargador Tipo C de 33 Watt para iPhone proporciona carga r\u00e1pida de forma eficiente, as\u00ed podr\u00e1s cargar tus dispositivos en cualquier lugar, en tan solo 30 minutos podr\u00e1s cargar hasta 50% de bater\u00eda.<br \/>\nCompatible con cualquier dispositivo con USB &#8211; C, podr\u00e1 ser usado con iPhone 8 en adelante para proporcionar carga r\u00e1pida a tus dispositivos Apple; iPhone, iPad.<\/p>\n<p><strong>Caracter\u00edsticas<\/strong><\/p>\n<ul>\n<li>Protecci\u00f3n por subidas de voltaje y sobrecalentamientos<\/li>\n<li>Protecci\u00f3n contra corto circuitos<\/li>\n<li>Adaptador de corriente USB &#8211; C de 33 watt<\/li>\n<li>Entrada: 100 \u2013 224V \u2013 50 \u2013 60 Hz<\/li>\n<li>Salida: 5V=3A o 9V = 2A<\/li>\n<li>Enchufe chileno.<\/li>\n<\/ul>\n","protected":false},"excerpt":{"rendered":"<p>Cargador de Pared Carga R\u00e1pida de 33 watt Blanco Compatible con iPhone 12 hasta el 15 en todas sus variantes Adem\u00e1s, compatible con; Huawei \u2013 Xiaomi \u2013 Samsung \u2013 DELL \u2013 OPPO Certificaci\u00f3n Internacional FCC &#8211; CE y RoHS Cargador Tipo C de 33 Watt para iPhone proporciona carga r\u00e1pida de forma eficiente, as\u00ed podr\u00e1s [&hellip;]<\/p>\n","protected":false},"featured_media":5203,"comment_status":"closed","ping_status":"closed","template":"","meta":[],"product_brand":[],"product_cat":[203,245,205,200],"product_tag":[303],"class_list":{"0":"post-4646","1":"product","2":"type-product","3":"status-publish","4":"has-post-thumbnail","6":"product_cat-cargadores-para-casa-auto-y-aire-libre","7":"product_cat-navidad-regalos","8":"product_cat-nuevos-productos","9":"product_cat-telefonos-y-accesorios","10":"product_tag-compatible-iphone-12-a-16","12":"first","13":"instock","14":"sale","15":"taxable","16":"shipping-taxable","17":"purchasable","18":"product-type-simple"},"_links":{"self":[{"href":"https:\/\/supersimpletienda.cl\/index.php\/wp-json\/wp\/v2\/product\/4646","targetHints":{"allow":["GET"]}}],"collection":[{"href":"https:\/\/supersimpletienda.cl\/index.php\/wp-json\/wp\/v2\/product"}],"about":[{"href":"https:\/\/supersimpletienda.cl\/index.php\/wp-json\/wp\/v2\/types\/product"}],"replies":[{"embeddable":true,"href":"https:\/\/supersimpletienda.cl\/index.php\/wp-json\/wp\/v2\/comments?post=4646"}],"version-history":[{"count":1,"href":"https:\/\/supersimpletienda.cl\/index.php\/wp-json\/wp\/v2\/product\/4646\/revisions"}],"predecessor-version":[{"id":5307,"href":"https:\/\/supersimpletienda.cl\/index.php\/wp-json\/wp\/v2\/product\/4646\/revisions\/5307"}],"wp:featuredmedia":[{"embeddable":true,"href":"https:\/\/supersimpletienda.cl\/index.php\/wp-json\/wp\/v2\/media\/5203"}],"wp:attachment":[{"href":"https:\/\/supersimpletienda.cl\/index.php\/wp-json\/wp\/v2\/media?parent=4646"}],"wp:term":[{"taxonomy":"product_brand","embeddable":true,"href":"https:\/\/supersimpletienda.cl\/index.php\/wp-json\/wp\/v2\/product_brand?post=4646"},{"taxonomy":"product_cat","embeddable":true,"href":"https:\/\/supersimpletienda.cl\/index.php\/wp-json\/wp\/v2\/product_cat?post=4646"},{"taxonomy":"product_tag","embeddable":true,"href":"https:\/\/supersimpletienda.cl\/index.php\/wp-json\/wp\/v2\/product_tag?post=4646"}],"curies":[{"name":"wp","href":"https:\/\/api.w.org\/{rel}","templated":true}]}}