{"id":4642,"date":"2024-06-24T19:45:16","date_gmt":"2024-06-24T19:45:16","guid":{"rendered":"https:\/\/supersimpletienda.cl\/?post_type=product&#038;p=4642"},"modified":"2024-12-11T14:16:46","modified_gmt":"2024-12-11T14:16:46","slug":"cargador-auto-usb-c-rapido-54w-metalico-compatibles-con-iphone-y-android","status":"publish","type":"product","link":"https:\/\/supersimpletienda.cl\/index.php\/producto\/cargador-auto-usb-c-rapido-54w-metalico-compatibles-con-iphone-y-android\/","title":{"rendered":"Cargador Auto USB C R\u00e1pido 54w \/ Met\u00e1lico Compatibles con iPhone y Android"},"content":{"rendered":"<p>Cargador inteligente Carga R\u00e1pida de 54 watt<br \/>\nMet\u00e1lico con lector inteligente de voltaje<br \/>\nCompatible con toda la gama de iPhone, Samsung Galaxy Series S, Xiaomi y Huawei<br \/>\nCertificaci\u00f3n Internacional FCC &#8211; CE \u2013 RoHS<\/p>\n<p><strong>Cuida la vida \u00fatil de la bater\u00eda de tu Smartphones.<\/strong><br \/>\nEntrada dual, para los nuevos cables iPhone tipo C y las versiones con USB tradicional.<br \/>\nNo todos los cargadores son iguales, este regula la carga dependiendo la bater\u00eda de tu tel\u00e9fono.<br \/>\nSu potencia y velocidad te permitir\u00e1 cargar tu iPhone 8 Plus \/ X \/ XS 11 12 13 y 14 al 60% en s\u00f3lo 30 minutos.<\/p>\n<p><strong>Caracter\u00edsticas<\/strong><\/p>\n<ul>\n<li>Pantalla digital inteligente con detecci\u00f3n de voltaje de su veh\u00edculo, la cual debe estar entre 13.90 y 14.5, de lo contrario consulte con su mec\u00e1nico.<\/li>\n<li>Carga USB C de 36 watt + Carga R\u00e1pida PD QC 3.0<\/li>\n<li>Cuerpo de metal, carga estable y sin interrupciones \/ Soporte 12v \u2013 24v<\/li>\n<li>Compatible con Tel\u00e9fonos, Tablet, grabadoras, c\u00e1maras fotogr\u00e1ficas, GPS, entre otros.<\/li>\n<li>Color Metal<\/li>\n<\/ul>\n","protected":false},"excerpt":{"rendered":"<p>Cargador inteligente Carga R\u00e1pida de 54 watt Met\u00e1lico con lector inteligente de voltaje Compatible con toda la gama de iPhone, Samsung Galaxy Series S, Xiaomi y Huawei Certificaci\u00f3n Internacional FCC &#8211; CE \u2013 RoHS Cuida la vida \u00fatil de la bater\u00eda de tu Smartphones. Entrada dual, para los nuevos cables iPhone tipo C y las [&hellip;]<\/p>\n","protected":false},"featured_media":4643,"comment_status":"closed","ping_status":"closed","template":"","meta":[],"product_brand":[],"product_cat":[203,245,205,200],"product_tag":[333,224],"class_list":{"0":"post-4642","1":"product","2":"type-product","3":"status-publish","4":"has-post-thumbnail","6":"product_cat-cargadores-para-casa-auto-y-aire-libre","7":"product_cat-navidad-regalos","8":"product_cat-nuevos-productos","9":"product_cat-telefonos-y-accesorios","10":"product_tag-54w","11":"product_tag-carga-rapida","13":"first","14":"instock","15":"sale","16":"taxable","17":"shipping-taxable","18":"purchasable","19":"product-type-simple"},"_links":{"self":[{"href":"https:\/\/supersimpletienda.cl\/index.php\/wp-json\/wp\/v2\/product\/4642","targetHints":{"allow":["GET"]}}],"collection":[{"href":"https:\/\/supersimpletienda.cl\/index.php\/wp-json\/wp\/v2\/product"}],"about":[{"href":"https:\/\/supersimpletienda.cl\/index.php\/wp-json\/wp\/v2\/types\/product"}],"replies":[{"embeddable":true,"href":"https:\/\/supersimpletienda.cl\/index.php\/wp-json\/wp\/v2\/comments?post=4642"}],"version-history":[{"count":1,"href":"https:\/\/supersimpletienda.cl\/index.php\/wp-json\/wp\/v2\/product\/4642\/revisions"}],"predecessor-version":[{"id":5308,"href":"https:\/\/supersimpletienda.cl\/index.php\/wp-json\/wp\/v2\/product\/4642\/revisions\/5308"}],"wp:featuredmedia":[{"embeddable":true,"href":"https:\/\/supersimpletienda.cl\/index.php\/wp-json\/wp\/v2\/media\/4643"}],"wp:attachment":[{"href":"https:\/\/supersimpletienda.cl\/index.php\/wp-json\/wp\/v2\/media?parent=4642"}],"wp:term":[{"taxonomy":"product_brand","embeddable":true,"href":"https:\/\/supersimpletienda.cl\/index.php\/wp-json\/wp\/v2\/product_brand?post=4642"},{"taxonomy":"product_cat","embeddable":true,"href":"https:\/\/supersimpletienda.cl\/index.php\/wp-json\/wp\/v2\/product_cat?post=4642"},{"taxonomy":"product_tag","embeddable":true,"href":"https:\/\/supersimpletienda.cl\/index.php\/wp-json\/wp\/v2\/product_tag?post=4642"}],"curies":[{"name":"wp","href":"https:\/\/api.w.org\/{rel}","templated":true}]}}