{"id":4638,"date":"2024-06-24T19:35:07","date_gmt":"2024-06-24T19:35:07","guid":{"rendered":"https:\/\/supersimpletienda.cl\/?post_type=product&#038;p=4638"},"modified":"2024-12-11T14:17:27","modified_gmt":"2024-12-11T14:17:27","slug":"cargador-auto-carga-rapida-75w-compatibles-con-iphone-samsung-xiaomi","status":"publish","type":"product","link":"https:\/\/supersimpletienda.cl\/index.php\/producto\/cargador-auto-carga-rapida-75w-compatibles-con-iphone-samsung-xiaomi\/","title":{"rendered":"Cargador Auto Carga R\u00e1pida 75w Compatibles con iPhone\/ Samsung\/ Xiaomi"},"content":{"rendered":"<p>Cargador para auto con salida m\u00e1xima en Tipo C de 45 watt y soporta m\u00faltiples protocolos de carga r\u00e1pida, puede proporcionar Pawer Delivery PD.<br \/>\nLos dispositivos inteligentes son totalmente compatibles, sin restricciones en veh\u00edculos y exteriores.<br \/>\nCertificaci\u00f3n Internacional FCC &#8211; CE \u2013 RoHS<br \/>\nEquipados con chip USB autom\u00e1tico para funcionar con el voltaje correspondiente, los equipos electr\u00f3nicos inteligentes c\u00f3mo tel\u00e9fonos m\u00f3viles y port\u00e1tiles, tambi\u00e9n pueden cargarse, dispositivos electr\u00f3nicos com\u00fanmente utilizados al aire libre como linternas y fuentes de alimentaci\u00f3n m\u00f3viles tambi\u00e9n son compatibles.<\/p>\n<p>Salida m\u00e1xima USB-A 30 watt soporta m\u00faltiples protocolos de carga r\u00e1pida y puede proporcionar carga r\u00e1pida para dispositivos inteligentes.<br \/>\nLa interfaz USB-A y la interfaz USB-C pueden cargar dos dispositivos inteligentes al mismo tiempo y la potencia total puede alcanzar 75W m\u00e1ximo.<\/p>\n<p><strong>Caracter\u00edsticas<\/strong><\/p>\n<ul>\n<li>Entrada dual, para los nuevos cables iPhone Tipo C y las versiones con USB tradicional. No todos los cargadores son iguales, este regula la carga dependiendo la bater\u00eda de tu tel\u00e9fono.<\/li>\n<li>Su potencia y velocidad te permitir\u00e1 cargar tu iPhone 8 \/X \/XS 11 12 13 14 y 15 al 60% en s\u00f3lo 40 minutos.<\/li>\n<li>Adem\u00e1s compatibles con dispositivos inteligentes de Xiaomi, ,Huawei y Samsung<\/li>\n<li>Carga PD USB C de 45 watt + Carga R\u00e1pida QC 3.0 Max. 30w.<\/li>\n<li>Cuerpo de ABS, carga estable y sin interrupciones \/ Soporte 12v \u2013 24v<\/li>\n<li>Compatible con Tel\u00e9fonos, Tablet, grabadoras, c\u00e1maras fotogr\u00e1ficas, GPS, entre otros.<\/li>\n<\/ul>\n","protected":false},"excerpt":{"rendered":"<p>Cargador para auto con salida m\u00e1xima en Tipo C de 45 watt y soporta m\u00faltiples protocolos de carga r\u00e1pida, puede proporcionar Pawer Delivery PD. Los dispositivos inteligentes son totalmente compatibles, sin restricciones en veh\u00edculos y exteriores. Certificaci\u00f3n Internacional FCC &#8211; CE \u2013 RoHS Equipados con chip USB autom\u00e1tico para funcionar con el voltaje correspondiente, los [&hellip;]<\/p>\n","protected":false},"featured_media":4639,"comment_status":"closed","ping_status":"closed","template":"","meta":[],"product_brand":[],"product_cat":[203,245,205,200],"product_tag":[334,224],"class_list":{"0":"post-4638","1":"product","2":"type-product","3":"status-publish","4":"has-post-thumbnail","6":"product_cat-cargadores-para-casa-auto-y-aire-libre","7":"product_cat-navidad-regalos","8":"product_cat-nuevos-productos","9":"product_cat-telefonos-y-accesorios","10":"product_tag-75w","11":"product_tag-carga-rapida","13":"first","14":"instock","15":"sale","16":"taxable","17":"shipping-taxable","18":"purchasable","19":"product-type-simple"},"_links":{"self":[{"href":"https:\/\/supersimpletienda.cl\/index.php\/wp-json\/wp\/v2\/product\/4638","targetHints":{"allow":["GET"]}}],"collection":[{"href":"https:\/\/supersimpletienda.cl\/index.php\/wp-json\/wp\/v2\/product"}],"about":[{"href":"https:\/\/supersimpletienda.cl\/index.php\/wp-json\/wp\/v2\/types\/product"}],"replies":[{"embeddable":true,"href":"https:\/\/supersimpletienda.cl\/index.php\/wp-json\/wp\/v2\/comments?post=4638"}],"version-history":[{"count":1,"href":"https:\/\/supersimpletienda.cl\/index.php\/wp-json\/wp\/v2\/product\/4638\/revisions"}],"predecessor-version":[{"id":5309,"href":"https:\/\/supersimpletienda.cl\/index.php\/wp-json\/wp\/v2\/product\/4638\/revisions\/5309"}],"wp:featuredmedia":[{"embeddable":true,"href":"https:\/\/supersimpletienda.cl\/index.php\/wp-json\/wp\/v2\/media\/4639"}],"wp:attachment":[{"href":"https:\/\/supersimpletienda.cl\/index.php\/wp-json\/wp\/v2\/media?parent=4638"}],"wp:term":[{"taxonomy":"product_brand","embeddable":true,"href":"https:\/\/supersimpletienda.cl\/index.php\/wp-json\/wp\/v2\/product_brand?post=4638"},{"taxonomy":"product_cat","embeddable":true,"href":"https:\/\/supersimpletienda.cl\/index.php\/wp-json\/wp\/v2\/product_cat?post=4638"},{"taxonomy":"product_tag","embeddable":true,"href":"https:\/\/supersimpletienda.cl\/index.php\/wp-json\/wp\/v2\/product_tag?post=4638"}],"curies":[{"name":"wp","href":"https:\/\/api.w.org\/{rel}","templated":true}]}}