{"id":4634,"date":"2024-06-24T19:24:55","date_gmt":"2024-06-24T19:24:55","guid":{"rendered":"https:\/\/supersimpletienda.cl\/?post_type=product&#038;p=4634"},"modified":"2024-12-11T14:18:22","modified_gmt":"2024-12-11T14:18:22","slug":"cargador-auto-carga-rapida-175w-compatibles-con-iphone-samsung-xiaomi","status":"publish","type":"product","link":"https:\/\/supersimpletienda.cl\/index.php\/producto\/cargador-auto-carga-rapida-175w-compatibles-con-iphone-samsung-xiaomi\/","title":{"rendered":"Cargador Auto Carga R\u00e1pida 175w Compatibles con iPhone\/ Samsung\/ Xiaomi"},"content":{"rendered":"<p><strong>Cargador universal de 175 watt para auto con 3 salidas:<\/strong><\/p>\n<ul>\n<li>Primera Tipo C de 100 watt con protocoles de carga PD 3.1, compatibles con Laptop Apple, Xiaomi, Tablet Samsung ,iPad, entre otros.<\/li>\n<li>Segunda Tipo C de 45 watt con protocolos de carga PD 3.0, compatibles con iPhone, Samsung Galaxy, Smartphones Android, Xiaomi, Huawei, entre otros.<\/li>\n<li>Tercera saldos USB-A de 30 watt con protocoles de carga QC 3.0, compatibles con iPhone de Apple, Samsung, Xiaomi, Huawei, entre otros.<\/li>\n<\/ul>\n<p>Los dispositivos electr\u00f3nicos inteligentes, como los tel\u00e9fonos m\u00f3viles y las computadoras port\u00e1tiles, est\u00e1n equipados con chips USB autom\u00e1ticos que les permiten funcionar con el voltaje adecuado. Adem\u00e1s, estos dispositivos pueden cargarse f\u00e1cilmente. Esto tambi\u00e9n se aplica a otros dispositivos electr\u00f3nicos de uso com\u00fan al aire libre, como linternas y fuentes de alimentaci\u00f3n m\u00f3viles, que son compatibles con esta tecnolog\u00eda.<\/p>\n","protected":false},"excerpt":{"rendered":"<p>Cargador universal de 175 watt para auto con 3 salidas: Primera Tipo C de 100 watt con protocoles de carga PD 3.1, compatibles con Laptop Apple, Xiaomi, Tablet Samsung ,iPad, entre otros. Segunda Tipo C de 45 watt con protocolos de carga PD 3.0, compatibles con iPhone, Samsung Galaxy, Smartphones Android, Xiaomi, Huawei, entre otros. [&hellip;]<\/p>\n","protected":false},"featured_media":4635,"comment_status":"closed","ping_status":"closed","template":"","meta":[],"product_brand":[],"product_cat":[203,245,205,200],"product_tag":[335,232,294],"class_list":{"0":"post-4634","1":"product","2":"type-product","3":"status-publish","4":"has-post-thumbnail","6":"product_cat-cargadores-para-casa-auto-y-aire-libre","7":"product_cat-navidad-regalos","8":"product_cat-nuevos-productos","9":"product_cat-telefonos-y-accesorios","10":"product_tag-175w","11":"product_tag-carga-ultra-rapida","12":"product_tag-compatible-samsung-series-s","14":"first","15":"instock","16":"sale","17":"taxable","18":"shipping-taxable","19":"purchasable","20":"product-type-simple"},"_links":{"self":[{"href":"https:\/\/supersimpletienda.cl\/index.php\/wp-json\/wp\/v2\/product\/4634","targetHints":{"allow":["GET"]}}],"collection":[{"href":"https:\/\/supersimpletienda.cl\/index.php\/wp-json\/wp\/v2\/product"}],"about":[{"href":"https:\/\/supersimpletienda.cl\/index.php\/wp-json\/wp\/v2\/types\/product"}],"replies":[{"embeddable":true,"href":"https:\/\/supersimpletienda.cl\/index.php\/wp-json\/wp\/v2\/comments?post=4634"}],"version-history":[{"count":1,"href":"https:\/\/supersimpletienda.cl\/index.php\/wp-json\/wp\/v2\/product\/4634\/revisions"}],"predecessor-version":[{"id":5310,"href":"https:\/\/supersimpletienda.cl\/index.php\/wp-json\/wp\/v2\/product\/4634\/revisions\/5310"}],"wp:featuredmedia":[{"embeddable":true,"href":"https:\/\/supersimpletienda.cl\/index.php\/wp-json\/wp\/v2\/media\/4635"}],"wp:attachment":[{"href":"https:\/\/supersimpletienda.cl\/index.php\/wp-json\/wp\/v2\/media?parent=4634"}],"wp:term":[{"taxonomy":"product_brand","embeddable":true,"href":"https:\/\/supersimpletienda.cl\/index.php\/wp-json\/wp\/v2\/product_brand?post=4634"},{"taxonomy":"product_cat","embeddable":true,"href":"https:\/\/supersimpletienda.cl\/index.php\/wp-json\/wp\/v2\/product_cat?post=4634"},{"taxonomy":"product_tag","embeddable":true,"href":"https:\/\/supersimpletienda.cl\/index.php\/wp-json\/wp\/v2\/product_tag?post=4634"}],"curies":[{"name":"wp","href":"https:\/\/api.w.org\/{rel}","templated":true}]}}