{"id":4622,"date":"2024-06-24T17:16:46","date_gmt":"2024-06-24T17:16:46","guid":{"rendered":"https:\/\/supersimpletienda.cl\/?post_type=product&#038;p=4622"},"modified":"2024-12-11T14:29:35","modified_gmt":"2024-12-11T14:29:35","slug":"bateria-externa-inalambrica-rapida-15w-para-iphone-samsung-android","status":"publish","type":"product","link":"https:\/\/supersimpletienda.cl\/index.php\/producto\/bateria-externa-inalambrica-rapida-15w-para-iphone-samsung-android\/","title":{"rendered":"Bater\u00eda Externa Inal\u00e1mbrica R\u00e1pida 15w para iPhone \/ Samsung\/ Android"},"content":{"rendered":"<p>Cargador externo y port\u00e1til con carga convencional y carga inal\u00e1mbrica, capacidad de 10.000 mAh, lo que significa que podr\u00e1 cargar al menos 3 veces un celular gama media con bater\u00eda de 4.000 mAh. aprox.<br \/>\nDise\u00f1o minimalista y eficaz permite cargar 2 dispositivos simult\u00e1neamente, como; Smartphone, Tablet, iPhone, iPad, PsP, etc.<\/p>\n<p><strong>Entradas para cargar la bater\u00eda externa<\/strong><br \/>\n-Tipo C de entrada: CC 5V\/3A, 9V\/2A (18W m\u00e1x.)<\/p>\n<p><strong>Salidas para cargar el iPhone o Smartphone<\/strong><br \/>\n-Tipo C de salida: DC 5V\/3A 9V\/2.23A 12V\/1.67A (20W m\u00e1x.)<br \/>\n-Salida USB: DC 5V\/4.5A 4,5 V\/5A 5V\/3A 9V\/2A 12V\/1.5A (22,5 W m\u00e1x.)<br \/>\n-De carga inal\u00e1mbrica: 15W\/10W\/7,5 W\/5W<\/p>\n<p><strong>Caracter\u00edsticas<\/strong><\/p>\n<ul>\n<li>N\u00facleo de bater\u00eda de pol\u00edmero de litio de capacidad completa de 10000mAh<\/li>\n<li>Dos puertos de entrada, tres formas de salida<\/li>\n<li>Salida puerto Tipo C m\u00e1ximo 22,5 W<\/li>\n<li>Carga inal\u00e1mbrica magn\u00e9tica m\u00e1xima 15 watt<\/li>\n<li>Puerto de entrada con iluminaci\u00f3n<\/li>\n<li>Pantalla LCD Digital<\/li>\n<li>C\u00f3modo soporte incorporado, para dejar cargando el dispositivo<\/li>\n<li>Compatible para Android y iPhone (iOs).<\/li>\n<li>2 puertos USB; podr\u00e1 cargar dos dispositivos al mismo tiempo.<\/li>\n<li>Carga r\u00e1pida; Output de 2.1 V<\/li>\n<li>Tama\u00f1o delgado port\u00e1til, suave sensaci\u00f3n de mano<\/li>\n<li>Color blanco mate<\/li>\n<li>Tama\u00f1o: 142 x 69 x 23.5 mm<\/li>\n<li>Peso: 300 gramos<\/li>\n<\/ul>\n","protected":false},"excerpt":{"rendered":"<p>Cargador externo y port\u00e1til con carga convencional y carga inal\u00e1mbrica, capacidad de 10.000 mAh, lo que significa que podr\u00e1 cargar al menos 3 veces un celular gama media con bater\u00eda de 4.000 mAh. aprox. Dise\u00f1o minimalista y eficaz permite cargar 2 dispositivos simult\u00e1neamente, como; Smartphone, Tablet, iPhone, iPad, PsP, etc. Entradas para cargar la bater\u00eda [&hellip;]<\/p>\n","protected":false},"featured_media":4623,"comment_status":"closed","ping_status":"closed","template":"","meta":[],"product_brand":[],"product_cat":[203,205,200],"product_tag":[303],"class_list":{"0":"post-4622","1":"product","2":"type-product","3":"status-publish","4":"has-post-thumbnail","6":"product_cat-cargadores-para-casa-auto-y-aire-libre","7":"product_cat-nuevos-productos","8":"product_cat-telefonos-y-accesorios","9":"product_tag-compatible-iphone-12-a-16","11":"first","12":"instock","13":"sale","14":"taxable","15":"shipping-taxable","16":"purchasable","17":"product-type-simple"},"_links":{"self":[{"href":"https:\/\/supersimpletienda.cl\/index.php\/wp-json\/wp\/v2\/product\/4622","targetHints":{"allow":["GET"]}}],"collection":[{"href":"https:\/\/supersimpletienda.cl\/index.php\/wp-json\/wp\/v2\/product"}],"about":[{"href":"https:\/\/supersimpletienda.cl\/index.php\/wp-json\/wp\/v2\/types\/product"}],"replies":[{"embeddable":true,"href":"https:\/\/supersimpletienda.cl\/index.php\/wp-json\/wp\/v2\/comments?post=4622"}],"version-history":[{"count":1,"href":"https:\/\/supersimpletienda.cl\/index.php\/wp-json\/wp\/v2\/product\/4622\/revisions"}],"predecessor-version":[{"id":5313,"href":"https:\/\/supersimpletienda.cl\/index.php\/wp-json\/wp\/v2\/product\/4622\/revisions\/5313"}],"wp:featuredmedia":[{"embeddable":true,"href":"https:\/\/supersimpletienda.cl\/index.php\/wp-json\/wp\/v2\/media\/4623"}],"wp:attachment":[{"href":"https:\/\/supersimpletienda.cl\/index.php\/wp-json\/wp\/v2\/media?parent=4622"}],"wp:term":[{"taxonomy":"product_brand","embeddable":true,"href":"https:\/\/supersimpletienda.cl\/index.php\/wp-json\/wp\/v2\/product_brand?post=4622"},{"taxonomy":"product_cat","embeddable":true,"href":"https:\/\/supersimpletienda.cl\/index.php\/wp-json\/wp\/v2\/product_cat?post=4622"},{"taxonomy":"product_tag","embeddable":true,"href":"https:\/\/supersimpletienda.cl\/index.php\/wp-json\/wp\/v2\/product_tag?post=4622"}],"curies":[{"name":"wp","href":"https:\/\/api.w.org\/{rel}","templated":true}]}}