{"id":4609,"date":"2024-06-21T20:16:07","date_gmt":"2024-06-21T20:16:07","guid":{"rendered":"https:\/\/supersimpletienda.cl\/?post_type=product&#038;p=4609"},"modified":"2024-12-11T14:32:22","modified_gmt":"2024-12-11T14:32:22","slug":"soporte-de-pared-para-amazon-echo-dot-4-generacion","status":"publish","type":"product","link":"https:\/\/supersimpletienda.cl\/index.php\/producto\/soporte-de-pared-para-amazon-echo-dot-4-generacion\/","title":{"rendered":"Soporte de Pared para Amazon Echo Dot 4\u00b0 Generaci\u00f3n"},"content":{"rendered":"<p><strong>Atenci\u00f3n \/ Importante<\/strong><br \/>\nAntes de comprar procure verificar la compatibilidad, este soporte es para el Echo Dot 4\u00b0 Generaci\u00f3n, en la segunda imagen encontrara la imagen del dispositivo compatible, para mayor seguridad de su compra revise all\u00ed.<\/p>\n<p><strong>Caracter\u00edsticas<\/strong><\/p>\n<ul>\n<li>Soporte de pared para Echo Dot 4\u00b0 (dispositivo no incluido), incorpora almacenamiento del cable en la parte posterior, liberando espacio y con ello brinda una apariencia m\u00e1s limpia y ordenada a su hogar. Adem\u00e1s protege su Altavoz de posibles derrames de l\u00edquidos y salpicaduras de alimentos.<\/li>\n<li>Simple pero funcional, de f\u00e1cil instalaci\u00f3n.\u00a0Puede instalar el altavoz en la pared en segundos.\u00a0El dise\u00f1o est\u00e9ticamente agradable permite que su Amazon se convierta en una elegante decoraci\u00f3n del hogar, ideal para cocinas, salas de estar y ba\u00f1os.<\/li>\n<\/ul>\n","protected":false},"excerpt":{"rendered":"<p>Atenci\u00f3n \/ Importante Antes de comprar procure verificar la compatibilidad, este soporte es para el Echo Dot 4\u00b0 Generaci\u00f3n, en la segunda imagen encontrara la imagen del dispositivo compatible, para mayor seguridad de su compra revise all\u00ed. Caracter\u00edsticas Soporte de pared para Echo Dot 4\u00b0 (dispositivo no incluido), incorpora almacenamiento del cable en la parte [&hellip;]<\/p>\n","protected":false},"featured_media":4610,"comment_status":"closed","ping_status":"closed","template":"","meta":[],"product_brand":[],"product_cat":[245,205,206],"product_tag":[338],"class_list":{"0":"post-4609","1":"product","2":"type-product","3":"status-publish","4":"has-post-thumbnail","6":"product_cat-navidad-regalos","7":"product_cat-nuevos-productos","8":"product_cat-ofertas","9":"product_tag-amazon-echo-dot","11":"first","12":"instock","13":"sale","14":"taxable","15":"shipping-taxable","16":"purchasable","17":"product-type-simple"},"_links":{"self":[{"href":"https:\/\/supersimpletienda.cl\/index.php\/wp-json\/wp\/v2\/product\/4609","targetHints":{"allow":["GET"]}}],"collection":[{"href":"https:\/\/supersimpletienda.cl\/index.php\/wp-json\/wp\/v2\/product"}],"about":[{"href":"https:\/\/supersimpletienda.cl\/index.php\/wp-json\/wp\/v2\/types\/product"}],"replies":[{"embeddable":true,"href":"https:\/\/supersimpletienda.cl\/index.php\/wp-json\/wp\/v2\/comments?post=4609"}],"version-history":[{"count":1,"href":"https:\/\/supersimpletienda.cl\/index.php\/wp-json\/wp\/v2\/product\/4609\/revisions"}],"predecessor-version":[{"id":5316,"href":"https:\/\/supersimpletienda.cl\/index.php\/wp-json\/wp\/v2\/product\/4609\/revisions\/5316"}],"wp:featuredmedia":[{"embeddable":true,"href":"https:\/\/supersimpletienda.cl\/index.php\/wp-json\/wp\/v2\/media\/4610"}],"wp:attachment":[{"href":"https:\/\/supersimpletienda.cl\/index.php\/wp-json\/wp\/v2\/media?parent=4609"}],"wp:term":[{"taxonomy":"product_brand","embeddable":true,"href":"https:\/\/supersimpletienda.cl\/index.php\/wp-json\/wp\/v2\/product_brand?post=4609"},{"taxonomy":"product_cat","embeddable":true,"href":"https:\/\/supersimpletienda.cl\/index.php\/wp-json\/wp\/v2\/product_cat?post=4609"},{"taxonomy":"product_tag","embeddable":true,"href":"https:\/\/supersimpletienda.cl\/index.php\/wp-json\/wp\/v2\/product_tag?post=4609"}],"curies":[{"name":"wp","href":"https:\/\/api.w.org\/{rel}","templated":true}]}}