{"id":4601,"date":"2024-06-21T19:50:44","date_gmt":"2024-06-21T19:50:44","guid":{"rendered":"https:\/\/supersimpletienda.cl\/?post_type=product&#038;p=4601"},"modified":"2024-12-11T14:33:50","modified_gmt":"2024-12-11T14:33:50","slug":"correa-de-silicona-compatible-con-xiaomi-mi-band-m5-m6-y-m7","status":"publish","type":"product","link":"https:\/\/supersimpletienda.cl\/index.php\/producto\/correa-de-silicona-compatible-con-xiaomi-mi-band-m5-m6-y-m7\/","title":{"rendered":"Correa de Silicona Compatible Con Xiaomi Mi Band M8 M7 M6 M5 y M4 \/ Negro"},"content":{"rendered":"<p><strong>Material de la hebilla:<\/strong> Aleaci\u00f3n de aluminio<br \/>\n<strong>Material de la correa:<\/strong> TPU<br \/>\n<strong>Longitud ajustable:<\/strong> 160-224 mm<br \/>\n<strong>Largo total:<\/strong> 255 mm<br \/>\n<strong>Color:<\/strong> Negro<br \/>\nApenas 13g, no te dar\u00e1s cuenta de que est\u00e1 ah\u00ed<br \/>\nMaterial respetuoso con la piel<br \/>\nEl dise\u00f1o de una sola pieza permanece en la mu\u00f1eca mientras est\u00e1s en movimiento.<br \/>\n<strong>Extracci\u00f3n e inserci\u00f3n del dispositivo:<\/strong> Qu\u00edtese la correa y tire desde ambos extremos con las manos hasta que quede un peque\u00f1o espacio entre el dispositivo y la ranura de la correa, luego use su dedo para empujar el dispositivo hacia afuera desde el frente de la correa.<\/p>\n","protected":false},"excerpt":{"rendered":"<p>Material de la hebilla: Aleaci\u00f3n de aluminio Material de la correa: TPU Longitud ajustable: 160-224 mm Largo total: 255 mm Color: Negro Apenas 13g, no te dar\u00e1s cuenta de que est\u00e1 ah\u00ed Material respetuoso con la piel El dise\u00f1o de una sola pieza permanece en la mu\u00f1eca mientras est\u00e1s en movimiento. Extracci\u00f3n e inserci\u00f3n del [&hellip;]<\/p>\n","protected":false},"featured_media":4603,"comment_status":"closed","ping_status":"closed","template":"","meta":[],"product_brand":[],"product_cat":[245,205,206],"product_tag":[340],"class_list":{"0":"post-4601","1":"product","2":"type-product","3":"status-publish","4":"has-post-thumbnail","6":"product_cat-navidad-regalos","7":"product_cat-nuevos-productos","8":"product_cat-ofertas","9":"product_tag-xiaomi-mi-band","11":"first","12":"instock","13":"sale","14":"taxable","15":"shipping-taxable","16":"purchasable","17":"product-type-simple"},"_links":{"self":[{"href":"https:\/\/supersimpletienda.cl\/index.php\/wp-json\/wp\/v2\/product\/4601","targetHints":{"allow":["GET"]}}],"collection":[{"href":"https:\/\/supersimpletienda.cl\/index.php\/wp-json\/wp\/v2\/product"}],"about":[{"href":"https:\/\/supersimpletienda.cl\/index.php\/wp-json\/wp\/v2\/types\/product"}],"replies":[{"embeddable":true,"href":"https:\/\/supersimpletienda.cl\/index.php\/wp-json\/wp\/v2\/comments?post=4601"}],"version-history":[{"count":1,"href":"https:\/\/supersimpletienda.cl\/index.php\/wp-json\/wp\/v2\/product\/4601\/revisions"}],"predecessor-version":[{"id":5318,"href":"https:\/\/supersimpletienda.cl\/index.php\/wp-json\/wp\/v2\/product\/4601\/revisions\/5318"}],"wp:featuredmedia":[{"embeddable":true,"href":"https:\/\/supersimpletienda.cl\/index.php\/wp-json\/wp\/v2\/media\/4603"}],"wp:attachment":[{"href":"https:\/\/supersimpletienda.cl\/index.php\/wp-json\/wp\/v2\/media?parent=4601"}],"wp:term":[{"taxonomy":"product_brand","embeddable":true,"href":"https:\/\/supersimpletienda.cl\/index.php\/wp-json\/wp\/v2\/product_brand?post=4601"},{"taxonomy":"product_cat","embeddable":true,"href":"https:\/\/supersimpletienda.cl\/index.php\/wp-json\/wp\/v2\/product_cat?post=4601"},{"taxonomy":"product_tag","embeddable":true,"href":"https:\/\/supersimpletienda.cl\/index.php\/wp-json\/wp\/v2\/product_tag?post=4601"}],"curies":[{"name":"wp","href":"https:\/\/api.w.org\/{rel}","templated":true}]}}