{"id":4597,"date":"2024-06-21T19:41:30","date_gmt":"2024-06-21T19:41:30","guid":{"rendered":"https:\/\/supersimpletienda.cl\/?post_type=product&#038;p=4597"},"modified":"2024-12-11T14:34:35","modified_gmt":"2024-12-11T14:34:35","slug":"lapiz-tactil-para-ipad-apple-2018-a-2024-active-stylus-pen","status":"publish","type":"product","link":"https:\/\/supersimpletienda.cl\/index.php\/producto\/lapiz-tactil-para-ipad-apple-2018-a-2024-active-stylus-pen\/","title":{"rendered":"L\u00e1piz T\u00e1ctil Para iPad Apple 2018 a 2024 &#8211; Active Stylus Pen"},"content":{"rendered":"<p><strong>Compatibilidad<\/strong>: iPad desde el 2018 hasta el 2024<br \/>\nEl Active Stylus Pen es sensible a la presi\u00f3n y la inclinaci\u00f3n, por lo que puede variar f\u00e1cilmente el grosor de l\u00ednea, crear un sombreado sutil y producir una amplia gama de efectos art\u00edsticos, al igual que con un l\u00e1piz convencional, pero con una precisi\u00f3n de p\u00edxel. Con un excelente peso en la mano, lo que conduce a una sensaci\u00f3n de lujo solo con el relleno agradable en el extremo de precisi\u00f3n. Te da una sensaci\u00f3n de pluma real.<\/p>\n<p>Dise\u00f1o Ergon\u00f3mico y delgado, te brinda una verdadera sensaci\u00f3n de l\u00e1piz, una herramienta creativa que no se puede comparar con otras t\u00e9cnicas para trabajar en un iPad de Apple. Experimente y mejore sus capacidades en su dispositivo electr\u00f3nico sin esfuerzo.<\/p>\n<p><strong>Especificaciones:<\/strong><\/p>\n<ul>\n<li>Material: aleaci\u00f3n de aluminio + ABS<\/li>\n<li>Punta: 1,5 mm; longitud: 168 mm<\/li>\n<li>Peso: 14,5g<\/li>\n<li>Bater\u00eda: 140 mAh<\/li>\n<li>Interfaz de carga: Lightning<\/li>\n<li>Tiempo de uso: 30 horas<\/li>\n<\/ul>\n","protected":false},"excerpt":{"rendered":"<p>Compatibilidad: iPad desde el 2018 hasta el 2024 El Active Stylus Pen es sensible a la presi\u00f3n y la inclinaci\u00f3n, por lo que puede variar f\u00e1cilmente el grosor de l\u00ednea, crear un sombreado sutil y producir una amplia gama de efectos art\u00edsticos, al igual que con un l\u00e1piz convencional, pero con una precisi\u00f3n de p\u00edxel. [&hellip;]<\/p>\n","protected":false},"featured_media":4598,"comment_status":"closed","ping_status":"closed","template":"","meta":[],"product_brand":[],"product_cat":[245,205,206],"product_tag":[341],"class_list":{"0":"post-4597","1":"product","2":"type-product","3":"status-publish","4":"has-post-thumbnail","6":"product_cat-navidad-regalos","7":"product_cat-nuevos-productos","8":"product_cat-ofertas","9":"product_tag-compatible-ipad-2018-a-2014","11":"first","12":"instock","13":"sale","14":"taxable","15":"shipping-taxable","16":"purchasable","17":"product-type-simple"},"_links":{"self":[{"href":"https:\/\/supersimpletienda.cl\/index.php\/wp-json\/wp\/v2\/product\/4597","targetHints":{"allow":["GET"]}}],"collection":[{"href":"https:\/\/supersimpletienda.cl\/index.php\/wp-json\/wp\/v2\/product"}],"about":[{"href":"https:\/\/supersimpletienda.cl\/index.php\/wp-json\/wp\/v2\/types\/product"}],"replies":[{"embeddable":true,"href":"https:\/\/supersimpletienda.cl\/index.php\/wp-json\/wp\/v2\/comments?post=4597"}],"version-history":[{"count":1,"href":"https:\/\/supersimpletienda.cl\/index.php\/wp-json\/wp\/v2\/product\/4597\/revisions"}],"predecessor-version":[{"id":5319,"href":"https:\/\/supersimpletienda.cl\/index.php\/wp-json\/wp\/v2\/product\/4597\/revisions\/5319"}],"wp:featuredmedia":[{"embeddable":true,"href":"https:\/\/supersimpletienda.cl\/index.php\/wp-json\/wp\/v2\/media\/4598"}],"wp:attachment":[{"href":"https:\/\/supersimpletienda.cl\/index.php\/wp-json\/wp\/v2\/media?parent=4597"}],"wp:term":[{"taxonomy":"product_brand","embeddable":true,"href":"https:\/\/supersimpletienda.cl\/index.php\/wp-json\/wp\/v2\/product_brand?post=4597"},{"taxonomy":"product_cat","embeddable":true,"href":"https:\/\/supersimpletienda.cl\/index.php\/wp-json\/wp\/v2\/product_cat?post=4597"},{"taxonomy":"product_tag","embeddable":true,"href":"https:\/\/supersimpletienda.cl\/index.php\/wp-json\/wp\/v2\/product_tag?post=4597"}],"curies":[{"name":"wp","href":"https:\/\/api.w.org\/{rel}","templated":true}]}}