{"id":4589,"date":"2024-06-20T22:36:00","date_gmt":"2024-06-20T22:36:00","guid":{"rendered":"https:\/\/supersimpletienda.cl\/?post_type=product&#038;p=4589"},"modified":"2024-12-11T14:40:53","modified_gmt":"2024-12-11T14:40:53","slug":"cargador-auto-carga-rapida-54w-para-iphone-8-a-14-mas-cable-lightning-1-metro","status":"publish","type":"product","link":"https:\/\/supersimpletienda.cl\/index.php\/producto\/cargador-auto-carga-rapida-54w-para-iphone-8-a-14-mas-cable-lightning-1-metro\/","title":{"rendered":"Cargador Auto Carga R\u00e1pida 54w Para iPhone 8 a 14 m\u00e1s cable Lightning 1 metro"},"content":{"rendered":"<p>Este pack incluye un cargador para el auto de 54 watt carga r\u00e1pida compatible con iPhone, Samsung, Huawei y Xiaomi m\u00e1s 1 cable m\u00e1s 1 Cable USB C a USB C de 65 watt.<br \/>\nOcurre, a veces, que se queda el cable en el auto o bien en la casa, por ello es mejor tener un cable en ambos lugares, \u00a1\u00a1\u00a1Super Simple!! por eso ofrecemos este pack!<br \/>\nCertificaci\u00f3n Internacional FCC &#8211; CE \u2013 RoHS<\/p>\n<p><strong>Caracter\u00edsticas Cargador Auto 54 watt<\/strong><\/p>\n<ul>\n<li>Entrada dual, para los nuevos cables iPhone tipo C y las versiones con USB tradicional. No todos los cargadores son iguales, este regula la carga dependiendo la bater\u00eda de tu tel\u00e9fono.<\/li>\n<li>Su potencia y velocidad te permitir\u00e1 cargar tu iPhone 8 \/ 8 Plus \/ X \/ XS \/ XR \/ XS MAX \/12 \/13 \/ 14 al 60% en s\u00f3lo 40 minutos.<\/li>\n<li>Pantalla digital inteligente con detecci\u00f3n de voltaje de su veh\u00edculo, la cual debe estar entre 13.90 y 14.5, de lo contrario consulte con su mec\u00e1nico.<\/li>\n<li>Carga PD USB C de 36 watt + Carga R\u00e1pida QC 3.0<\/li>\n<li>Cuerpo de metal, carga estable y sin interrupciones \/ Soporte 12v \u2013 24v<\/li>\n<li>Compatible con Tel\u00e9fonos, Tablet, grabadoras, c\u00e1maras fotogr\u00e1ficas, GPS, entre otros.<\/li>\n<\/ul>\n<p><strong>Caracter\u00edsticas Cable USB C a Lightning de 20 watt<\/strong><\/p>\n<ul>\n<li>Conductor de cobre esta\u00f1ado, revestimiento silicona l\u00edquida resistente<\/li>\n<li>Carga R\u00e1pida de 20 watt ideal iPhone 12 \/ 13 \/ 14<\/li>\n<li>Compatible con PD 18 watt; iPhone 11 e inferior, iPad<\/li>\n<li>Cable de textura suave libre de enredos, color negro<\/li>\n<\/ul>\n","protected":false},"excerpt":{"rendered":"<p>Este pack incluye un cargador para el auto de 54 watt carga r\u00e1pida compatible con iPhone, Samsung, Huawei y Xiaomi m\u00e1s 1 cable m\u00e1s 1 Cable USB C a USB C de 65 watt. Ocurre, a veces, que se queda el cable en el auto o bien en la casa, por ello es mejor tener [&hellip;]<\/p>\n","protected":false},"featured_media":4590,"comment_status":"closed","ping_status":"closed","template":"","meta":[],"product_brand":[],"product_cat":[215,245,205,206],"product_tag":[303],"class_list":{"0":"post-4589","1":"product","2":"type-product","3":"status-publish","4":"has-post-thumbnail","6":"product_cat-funcionan-mejor-si-estan-juntos","7":"product_cat-navidad-regalos","8":"product_cat-nuevos-productos","9":"product_cat-ofertas","10":"product_tag-compatible-iphone-12-a-16","12":"first","13":"instock","14":"sale","15":"taxable","16":"shipping-taxable","17":"purchasable","18":"product-type-simple"},"_links":{"self":[{"href":"https:\/\/supersimpletienda.cl\/index.php\/wp-json\/wp\/v2\/product\/4589","targetHints":{"allow":["GET"]}}],"collection":[{"href":"https:\/\/supersimpletienda.cl\/index.php\/wp-json\/wp\/v2\/product"}],"about":[{"href":"https:\/\/supersimpletienda.cl\/index.php\/wp-json\/wp\/v2\/types\/product"}],"replies":[{"embeddable":true,"href":"https:\/\/supersimpletienda.cl\/index.php\/wp-json\/wp\/v2\/comments?post=4589"}],"version-history":[{"count":1,"href":"https:\/\/supersimpletienda.cl\/index.php\/wp-json\/wp\/v2\/product\/4589\/revisions"}],"predecessor-version":[{"id":5321,"href":"https:\/\/supersimpletienda.cl\/index.php\/wp-json\/wp\/v2\/product\/4589\/revisions\/5321"}],"wp:featuredmedia":[{"embeddable":true,"href":"https:\/\/supersimpletienda.cl\/index.php\/wp-json\/wp\/v2\/media\/4590"}],"wp:attachment":[{"href":"https:\/\/supersimpletienda.cl\/index.php\/wp-json\/wp\/v2\/media?parent=4589"}],"wp:term":[{"taxonomy":"product_brand","embeddable":true,"href":"https:\/\/supersimpletienda.cl\/index.php\/wp-json\/wp\/v2\/product_brand?post=4589"},{"taxonomy":"product_cat","embeddable":true,"href":"https:\/\/supersimpletienda.cl\/index.php\/wp-json\/wp\/v2\/product_cat?post=4589"},{"taxonomy":"product_tag","embeddable":true,"href":"https:\/\/supersimpletienda.cl\/index.php\/wp-json\/wp\/v2\/product_tag?post=4589"}],"curies":[{"name":"wp","href":"https:\/\/api.w.org\/{rel}","templated":true}]}}