{"id":4585,"date":"2024-06-20T22:28:23","date_gmt":"2024-06-20T22:28:23","guid":{"rendered":"https:\/\/supersimpletienda.cl\/?post_type=product&#038;p=4585"},"modified":"2024-12-11T14:41:26","modified_gmt":"2024-12-11T14:41:26","slug":"cargador-auto-carga-rapida-54w-mas-cable-tipo-c-para-iphone-samsung-xiaomi","status":"publish","type":"product","link":"https:\/\/supersimpletienda.cl\/index.php\/producto\/cargador-auto-carga-rapida-54w-mas-cable-tipo-c-para-iphone-samsung-xiaomi\/","title":{"rendered":"Cargador Auto Carga R\u00e1pida 54w m\u00e1s Cable Tipo C para iPhone\/ Samsung\/ Xiaomi"},"content":{"rendered":"<p>El paquete incluye un cable de carga Tipo C a Tipo C de 1 metro, puedes cargar directamente tel\u00e9fonos m\u00f3viles, computadoras port\u00e1tiles y fuentes de alimentaci\u00f3n m\u00f3viles. La experiencia de carga es mejor cuando se usan juntos.<br \/>\nCertificaci\u00f3n Internacional FCC &#8211; CE \u2013 RoHS<\/p>\n<p>Salida m\u00e1xima USB &#8211; C de 36 watt soporta m\u00faltiples protocolos de carga r\u00e1pida y puede proporcionar hasta 36 watt m\u00e1ximo.<br \/>\nLos dispositivos inteligentes son totalmente compatibles, sin restricciones en veh\u00edculos y exteriores.<br \/>\nLa salida USB &#8211; A entrega una m\u00e1xima de 18 watt, soporta m\u00faltiples protocolos de carga r\u00e1pida, y puede proporcionar carga r\u00e1pida para dispositivos inteligentes.<br \/>\nLa interfaz USB-A y la interfaz USB-C pueden cargar dos dispositivos inteligentes al mismo tiempo y la potencia total puede alcanzar 54 watt m\u00e1ximo.<\/p>\n<p><strong>Caracter\u00edsticas Cargador Auto 54 watt<\/strong><\/p>\n<ul>\n<li>Entrada dual, para los nuevos cables iPhone tipo C y las versiones con USB tradicional. No todos los cargadores son iguales, este regula la carga dependiendo la bater\u00eda de tu tel\u00e9fono.<\/li>\n<li>Su potencia y velocidad te permitir\u00e1 cargar tu iPhone 8 \/8 Plus \/X \/XS \/XR \/XS MAX \/12 \/13 \/14 \/15 al 60% en s\u00f3lo 40 minutos.<\/li>\n<li>Pantalla digital inteligente con detecci\u00f3n de voltaje de su veh\u00edculo, la cual debe estar entre 13.90 y 14.5, de lo contrario consulte con su mec\u00e1nico.<\/li>\n<li>Carga PD USB C de 36 watt + Carga R\u00e1pida QC 3.0 Max. 18w.<\/li>\n<li>Cuerpo de metal, carga estable y sin interrupciones \/ Soporte 12v \u2013 24v<\/li>\n<li>Compatible con Tel\u00e9fonos, Tablet, grabadoras, c\u00e1maras fotogr\u00e1ficas, GPS, entre otros.<\/li>\n<\/ul>\n<p><strong>Caracter\u00edsticas Cable USB C a USB C de 65 watt<\/strong><\/p>\n<ul>\n<li>Carga R\u00e1pida y trasferencia de datos PD 65w<\/li>\n<li>Trenzado de alta densidad, Reforzado y resistente al estiramiento accidental<\/li>\n<li>Compatible con carga r\u00e1pida para tel\u00e9fonos iPhone, Samsung, HUAWEI, Xiaomi<\/li>\n<li>Fabricado de aleaci\u00f3n de Zinc m\u00e1s TPE<\/li>\n<li>Tasa de transmisi\u00f3n 480 Mbps<\/li>\n<li>Compatible con Smartphone y Notebook, color negro<\/li>\n<\/ul>\n","protected":false},"excerpt":{"rendered":"<p>El paquete incluye un cable de carga Tipo C a Tipo C de 1 metro, puedes cargar directamente tel\u00e9fonos m\u00f3viles, computadoras port\u00e1tiles y fuentes de alimentaci\u00f3n m\u00f3viles. La experiencia de carga es mejor cuando se usan juntos. Certificaci\u00f3n Internacional FCC &#8211; CE \u2013 RoHS Salida m\u00e1xima USB &#8211; C de 36 watt soporta m\u00faltiples protocolos [&hellip;]<\/p>\n","protected":false},"featured_media":4586,"comment_status":"closed","ping_status":"closed","template":"","meta":[],"product_brand":[],"product_cat":[215,245,205,206],"product_tag":[294],"class_list":{"0":"post-4585","1":"product","2":"type-product","3":"status-publish","4":"has-post-thumbnail","6":"product_cat-funcionan-mejor-si-estan-juntos","7":"product_cat-navidad-regalos","8":"product_cat-nuevos-productos","9":"product_cat-ofertas","10":"product_tag-compatible-samsung-series-s","12":"first","13":"instock","14":"sale","15":"taxable","16":"shipping-taxable","17":"purchasable","18":"product-type-simple"},"_links":{"self":[{"href":"https:\/\/supersimpletienda.cl\/index.php\/wp-json\/wp\/v2\/product\/4585","targetHints":{"allow":["GET"]}}],"collection":[{"href":"https:\/\/supersimpletienda.cl\/index.php\/wp-json\/wp\/v2\/product"}],"about":[{"href":"https:\/\/supersimpletienda.cl\/index.php\/wp-json\/wp\/v2\/types\/product"}],"replies":[{"embeddable":true,"href":"https:\/\/supersimpletienda.cl\/index.php\/wp-json\/wp\/v2\/comments?post=4585"}],"version-history":[{"count":1,"href":"https:\/\/supersimpletienda.cl\/index.php\/wp-json\/wp\/v2\/product\/4585\/revisions"}],"predecessor-version":[{"id":5322,"href":"https:\/\/supersimpletienda.cl\/index.php\/wp-json\/wp\/v2\/product\/4585\/revisions\/5322"}],"wp:featuredmedia":[{"embeddable":true,"href":"https:\/\/supersimpletienda.cl\/index.php\/wp-json\/wp\/v2\/media\/4586"}],"wp:attachment":[{"href":"https:\/\/supersimpletienda.cl\/index.php\/wp-json\/wp\/v2\/media?parent=4585"}],"wp:term":[{"taxonomy":"product_brand","embeddable":true,"href":"https:\/\/supersimpletienda.cl\/index.php\/wp-json\/wp\/v2\/product_brand?post=4585"},{"taxonomy":"product_cat","embeddable":true,"href":"https:\/\/supersimpletienda.cl\/index.php\/wp-json\/wp\/v2\/product_cat?post=4585"},{"taxonomy":"product_tag","embeddable":true,"href":"https:\/\/supersimpletienda.cl\/index.php\/wp-json\/wp\/v2\/product_tag?post=4585"}],"curies":[{"name":"wp","href":"https:\/\/api.w.org\/{rel}","templated":true}]}}