{"id":4581,"date":"2024-06-20T22:04:30","date_gmt":"2024-06-20T22:04:30","guid":{"rendered":"https:\/\/supersimpletienda.cl\/?post_type=product&#038;p=4581"},"modified":"2024-12-11T14:45:38","modified_gmt":"2024-12-11T14:45:38","slug":"cargador-auto-54w-mas-magsafe-15w-para-iphone-12-13-14-15","status":"publish","type":"product","link":"https:\/\/supersimpletienda.cl\/index.php\/producto\/cargador-auto-54w-mas-magsafe-15w-para-iphone-12-13-14-15\/","title":{"rendered":"Cargador Auto 54w m\u00e1s MagSafe 15w para iPhone 12 13 14 15"},"content":{"rendered":"<p><strong>Cargador Inal\u00e1mbrico MagSafe para Auto Carga R\u00e1pida de 15 watt<\/strong><br \/>\nDise\u00f1o compacto y moderno elaborado para iPhone 12 13 14 y 15 con tecnolog\u00eda MagSafe<br \/>\nMas Cargador para Auto de 54 watt compatible con toda la gama de iPhone, Samsung Galaxy Series S, Xiaomi y Huawei<br \/>\nEntradas Tipo C PD y USB &#8211; A<br \/>\nCertificaci\u00f3n Internacional FCC &#8211; CE \u2013 RoHS<\/p>\n<p>Nuevo cargador inal\u00e1mbrico 2024 de 15 watt compatible con modelos iPhone 12\/ 13\/ 14 \/ 15 con carga inal\u00e1mbrica magn\u00e9tica, es decir, tecnolog\u00eda MagSafe.<br \/>\nModelos compatibles: iPhone 12\/ 13\/ 14 \/ iPhone 12\/ 13\/ 14 mini \/ iPhone 12\/ 13\/ 14 Pro \/ iPhone 12\/ 13\/ 14 Pro Max.<\/p>\n<p><strong>Cargador para Auto 54w<\/strong><br \/>\nCuida la vida \u00fatil de la bater\u00eda de tu Smartphone.<br \/>\nEntrada dual, para los nuevos cables iPhone tipo C y las versiones con USB tradicional.<br \/>\nNo todos los cargadores son iguales, este regula la carga dependiendo la bater\u00eda de tu tel\u00e9fono.<br \/>\nSu potencia y velocidad te permitir\u00e1 cargar tu iPhone 8 \/ 8 Plus \/ X \/ XS \/ XR \/ XS MAX \/12\/13\/14 \/5 al 60% en s\u00f3lo 40 minutos.<\/p>\n<p><strong>Caracter\u00edsticas<\/strong><\/p>\n<ul>\n<li>Dise\u00f1o moderno, minimalista y funcional<\/li>\n<li>Incluye soporte para rejilla de aire acondicionado con posici\u00f3n en 360\u00b0 m\u00e1s cable tipo C de 1 metro; Tipo C al cargador y USB-A (USB Normal) al tomacorriente del veh\u00edculo<\/li>\n<li>Input: 9V \u2013 2A, 5V \u2013 2.4 A<\/li>\n<li>Output: 15 w \/ 10 W \/ 7.5 W \/ 5 W<\/li>\n<li>Protecci\u00f3n por subidas de voltaje, sobrecalentamientos y contra corto circuitos.<\/li>\n<li>Detecci\u00f3n de cuerpos extra\u00f1os<\/li>\n<li>Tecnolog\u00eda de carga r\u00e1pida Pawer Delivery PD de 15 watt<\/li>\n<\/ul>\n","protected":false},"excerpt":{"rendered":"<p>Cargador Inal\u00e1mbrico MagSafe para Auto Carga R\u00e1pida de 15 watt Dise\u00f1o compacto y moderno elaborado para iPhone 12 13 14 y 15 con tecnolog\u00eda MagSafe Mas Cargador para Auto de 54 watt compatible con toda la gama de iPhone, Samsung Galaxy Series S, Xiaomi y Huawei Entradas Tipo C PD y USB &#8211; A Certificaci\u00f3n [&hellip;]<\/p>\n","protected":false},"featured_media":4582,"comment_status":"closed","ping_status":"closed","template":"","meta":[],"product_brand":[],"product_cat":[215,245,205],"product_tag":[304],"class_list":{"0":"post-4581","1":"product","2":"type-product","3":"status-publish","4":"has-post-thumbnail","6":"product_cat-funcionan-mejor-si-estan-juntos","7":"product_cat-navidad-regalos","8":"product_cat-nuevos-productos","9":"product_tag-carga-rapida-15w","11":"first","12":"instock","13":"sale","14":"taxable","15":"shipping-taxable","16":"purchasable","17":"product-type-simple"},"_links":{"self":[{"href":"https:\/\/supersimpletienda.cl\/index.php\/wp-json\/wp\/v2\/product\/4581","targetHints":{"allow":["GET"]}}],"collection":[{"href":"https:\/\/supersimpletienda.cl\/index.php\/wp-json\/wp\/v2\/product"}],"about":[{"href":"https:\/\/supersimpletienda.cl\/index.php\/wp-json\/wp\/v2\/types\/product"}],"replies":[{"embeddable":true,"href":"https:\/\/supersimpletienda.cl\/index.php\/wp-json\/wp\/v2\/comments?post=4581"}],"version-history":[{"count":1,"href":"https:\/\/supersimpletienda.cl\/index.php\/wp-json\/wp\/v2\/product\/4581\/revisions"}],"predecessor-version":[{"id":5323,"href":"https:\/\/supersimpletienda.cl\/index.php\/wp-json\/wp\/v2\/product\/4581\/revisions\/5323"}],"wp:featuredmedia":[{"embeddable":true,"href":"https:\/\/supersimpletienda.cl\/index.php\/wp-json\/wp\/v2\/media\/4582"}],"wp:attachment":[{"href":"https:\/\/supersimpletienda.cl\/index.php\/wp-json\/wp\/v2\/media?parent=4581"}],"wp:term":[{"taxonomy":"product_brand","embeddable":true,"href":"https:\/\/supersimpletienda.cl\/index.php\/wp-json\/wp\/v2\/product_brand?post=4581"},{"taxonomy":"product_cat","embeddable":true,"href":"https:\/\/supersimpletienda.cl\/index.php\/wp-json\/wp\/v2\/product_cat?post=4581"},{"taxonomy":"product_tag","embeddable":true,"href":"https:\/\/supersimpletienda.cl\/index.php\/wp-json\/wp\/v2\/product_tag?post=4581"}],"curies":[{"name":"wp","href":"https:\/\/api.w.org\/{rel}","templated":true}]}}