{"id":4577,"date":"2024-06-20T21:59:54","date_gmt":"2024-06-20T21:59:54","guid":{"rendered":"https:\/\/supersimpletienda.cl\/?post_type=product&#038;p=4577"},"modified":"2024-12-11T14:46:14","modified_gmt":"2024-12-11T14:46:14","slug":"cargador-carga-rapida-15-watt-3-en1-para-iphone-11-12-13-14-mas-cargador-pd-20w","status":"publish","type":"product","link":"https:\/\/supersimpletienda.cl\/index.php\/producto\/cargador-carga-rapida-15-watt-3-en1-para-iphone-11-12-13-14-mas-cargador-pd-20w\/","title":{"rendered":"Cargador Carga R\u00e1pida 15 watt 3 en1 para iPhone 11 12 13 14 m\u00e1s Cargador PD 20w"},"content":{"rendered":"<p>Cargador Inal\u00e1mbrico 3 en 1 Ultradelgado Carga R\u00e1pida de 15 watt<br \/>\nMas Cargador de Pared PD de 20 watt negro<br \/>\nCompatible scon iPhone 11 a 14 en todas sus variantes<br \/>\nAdem\u00e1s, podr\u00e1s cargar tus AirPods y tu SmartWatch<br \/>\nCertificaci\u00f3n Internacional FCC &#8211; CE \u2013 RoHS<\/p>\n<p>Con esta nueva Estaci\u00f3n de carga 3 en 1 Multifuncional podr\u00e1 cargar todos sus dispositivos de una sola vez; su Smartphone, Smartwatch y Aud\u00edfonos.<br \/>\nLos cargadores inal\u00e1mbricos para smartphones son muy convenientes y f\u00e1ciles de usar, ya que solo se necesita colocar el tel\u00e9fono sobre la superficie del cargador para que empiece a cargarse. Sin embargo, es importante tener en cuenta que la velocidad de carga inal\u00e1mbrica puede ser m\u00e1s lenta que la carga con cable.<\/p>\n<p><strong>Caracter\u00edsticas<\/strong><\/p>\n<ul>\n<li>Marca: KuuLaa<\/li>\n<li>Material: Aleaci\u00f3n de Pl\u00e1stico con Acr\u00edlico<\/li>\n<li>Color: Negro<\/li>\n<li>Interface: Tipo C<\/li>\n<li>Input: 5V \u2013 3A \/ 9V \u2013 2A \/ 15V \u2013 1.5\u00aa<\/li>\n<li>Output: 15w &#8211; 10w &#8211; 7.5w &#8211; 5w<\/li>\n<li>Protecci\u00f3n por subidas de voltaje y sobrecalentamientos.<\/li>\n<li>Protecci\u00f3n contra corto circuitos.<\/li>\n<li>Detecci\u00f3n de cuerpos extra\u00f1os.<\/li>\n<li>Incluidos en la caja: Cargador inal\u00e1mbrico, cable Tipo C de 1m de largo para alimentaci\u00f3n, m\u00e1s cargador de pared dual Tipo C m\u00e1s USB-A<\/li>\n<\/ul>\n","protected":false},"excerpt":{"rendered":"<p>Cargador Inal\u00e1mbrico 3 en 1 Ultradelgado Carga R\u00e1pida de 15 watt Mas Cargador de Pared PD de 20 watt negro Compatible scon iPhone 11 a 14 en todas sus variantes Adem\u00e1s, podr\u00e1s cargar tus AirPods y tu SmartWatch Certificaci\u00f3n Internacional FCC &#8211; CE \u2013 RoHS Con esta nueva Estaci\u00f3n de carga 3 en 1 Multifuncional [&hellip;]<\/p>\n","protected":false},"featured_media":4578,"comment_status":"closed","ping_status":"closed","template":"","meta":[],"product_brand":[],"product_cat":[215,245,205],"product_tag":[291],"class_list":{"0":"post-4577","1":"product","2":"type-product","3":"status-publish","4":"has-post-thumbnail","6":"product_cat-funcionan-mejor-si-estan-juntos","7":"product_cat-navidad-regalos","8":"product_cat-nuevos-productos","9":"product_tag-compatible-iphone-12-pro-max","11":"first","12":"instock","13":"sale","14":"taxable","15":"shipping-taxable","16":"purchasable","17":"product-type-simple"},"_links":{"self":[{"href":"https:\/\/supersimpletienda.cl\/index.php\/wp-json\/wp\/v2\/product\/4577","targetHints":{"allow":["GET"]}}],"collection":[{"href":"https:\/\/supersimpletienda.cl\/index.php\/wp-json\/wp\/v2\/product"}],"about":[{"href":"https:\/\/supersimpletienda.cl\/index.php\/wp-json\/wp\/v2\/types\/product"}],"replies":[{"embeddable":true,"href":"https:\/\/supersimpletienda.cl\/index.php\/wp-json\/wp\/v2\/comments?post=4577"}],"version-history":[{"count":1,"href":"https:\/\/supersimpletienda.cl\/index.php\/wp-json\/wp\/v2\/product\/4577\/revisions"}],"predecessor-version":[{"id":5324,"href":"https:\/\/supersimpletienda.cl\/index.php\/wp-json\/wp\/v2\/product\/4577\/revisions\/5324"}],"wp:featuredmedia":[{"embeddable":true,"href":"https:\/\/supersimpletienda.cl\/index.php\/wp-json\/wp\/v2\/media\/4578"}],"wp:attachment":[{"href":"https:\/\/supersimpletienda.cl\/index.php\/wp-json\/wp\/v2\/media?parent=4577"}],"wp:term":[{"taxonomy":"product_brand","embeddable":true,"href":"https:\/\/supersimpletienda.cl\/index.php\/wp-json\/wp\/v2\/product_brand?post=4577"},{"taxonomy":"product_cat","embeddable":true,"href":"https:\/\/supersimpletienda.cl\/index.php\/wp-json\/wp\/v2\/product_cat?post=4577"},{"taxonomy":"product_tag","embeddable":true,"href":"https:\/\/supersimpletienda.cl\/index.php\/wp-json\/wp\/v2\/product_tag?post=4577"}],"curies":[{"name":"wp","href":"https:\/\/api.w.org\/{rel}","templated":true}]}}