{"id":4573,"date":"2024-06-20T21:55:14","date_gmt":"2024-06-20T21:55:14","guid":{"rendered":"https:\/\/supersimpletienda.cl\/?post_type=product&#038;p=4573"},"modified":"2024-12-11T14:46:58","modified_gmt":"2024-12-11T14:46:58","slug":"cargador-inalambrico-rapido-15w-para-samsung-galaxy-s-y-z-flip-buds-watch","status":"publish","type":"product","link":"https:\/\/supersimpletienda.cl\/index.php\/producto\/cargador-inalambrico-rapido-15w-para-samsung-galaxy-s-y-z-flip-buds-watch\/","title":{"rendered":"Cargador Inal\u00e1mbrico R\u00e1pido 15w para Samsung Galaxy S y Z Flip\/ Buds \/ Watch"},"content":{"rendered":"<p><strong>Cargador Inal\u00e1mbrico 3 en 1 Carga R\u00e1pida de 15 watt<\/strong><br \/>\n1.- Carga toda la Gama de Samsung Galaxy Series S, Galaxy Z Flip<br \/>\n2.- Galaxy Watch 3 \/ 4 \/ 5, Galaxy Watch Active 1 \/ 2<br \/>\n3.- Galaxy Buds 2 \u2013 Buds Pro \u2013 Buds Live<br \/>\nCertificaci\u00f3n con Est\u00e1ndar QI<br \/>\nCertificaci\u00f3n Internacional (FCC &#8211; CE \u2013 RoHS)<\/p>\n<p><strong>Atenci\u00f3n \/ Importante<\/strong><br \/>\nCon esta nueva Estaci\u00f3n de carga 3 en 1 Multifuncional podr\u00e1s cargar todos tus dispositivos Samsung de una sola vez.<br \/>\nLos cargadores inal\u00e1mbricos para smartphones son muy convenientes y f\u00e1ciles de usar, ya que solo se necesita colocar el tel\u00e9fono sobre la superficie del cargador para que empiece a cargarse. Sin embargo, es importante tener en cuenta que la velocidad de carga inal\u00e1mbrica puede ser m\u00e1s lenta que la carga con cable.<br \/>\nPara lograr Carga Inal\u00e1mbrica R\u00e1pida de 15 watt se debe conectar a un cargador de pared de 18w o superior con entradas USB &#8211; A (USB Normal), cargador incluido<br \/>\nCable incluido de 1 metro con USB &#8211; C al cargador inal\u00e1mbrico y USB &#8211; A hacia el cargador de pared.<\/p>\n","protected":false},"excerpt":{"rendered":"<p>Cargador Inal\u00e1mbrico 3 en 1 Carga R\u00e1pida de 15 watt 1.- Carga toda la Gama de Samsung Galaxy Series S, Galaxy Z Flip 2.- Galaxy Watch 3 \/ 4 \/ 5, Galaxy Watch Active 1 \/ 2 3.- Galaxy Buds 2 \u2013 Buds Pro \u2013 Buds Live Certificaci\u00f3n con Est\u00e1ndar QI Certificaci\u00f3n Internacional (FCC &#8211; [&hellip;]<\/p>\n","protected":false},"featured_media":4574,"comment_status":"closed","ping_status":"closed","template":"","meta":[],"product_brand":[],"product_cat":[215,245,205],"product_tag":[294],"class_list":{"0":"post-4573","1":"product","2":"type-product","3":"status-publish","4":"has-post-thumbnail","6":"product_cat-funcionan-mejor-si-estan-juntos","7":"product_cat-navidad-regalos","8":"product_cat-nuevos-productos","9":"product_tag-compatible-samsung-series-s","11":"first","12":"instock","13":"sale","14":"taxable","15":"shipping-taxable","16":"purchasable","17":"product-type-simple"},"_links":{"self":[{"href":"https:\/\/supersimpletienda.cl\/index.php\/wp-json\/wp\/v2\/product\/4573","targetHints":{"allow":["GET"]}}],"collection":[{"href":"https:\/\/supersimpletienda.cl\/index.php\/wp-json\/wp\/v2\/product"}],"about":[{"href":"https:\/\/supersimpletienda.cl\/index.php\/wp-json\/wp\/v2\/types\/product"}],"replies":[{"embeddable":true,"href":"https:\/\/supersimpletienda.cl\/index.php\/wp-json\/wp\/v2\/comments?post=4573"}],"version-history":[{"count":1,"href":"https:\/\/supersimpletienda.cl\/index.php\/wp-json\/wp\/v2\/product\/4573\/revisions"}],"predecessor-version":[{"id":5325,"href":"https:\/\/supersimpletienda.cl\/index.php\/wp-json\/wp\/v2\/product\/4573\/revisions\/5325"}],"wp:featuredmedia":[{"embeddable":true,"href":"https:\/\/supersimpletienda.cl\/index.php\/wp-json\/wp\/v2\/media\/4574"}],"wp:attachment":[{"href":"https:\/\/supersimpletienda.cl\/index.php\/wp-json\/wp\/v2\/media?parent=4573"}],"wp:term":[{"taxonomy":"product_brand","embeddable":true,"href":"https:\/\/supersimpletienda.cl\/index.php\/wp-json\/wp\/v2\/product_brand?post=4573"},{"taxonomy":"product_cat","embeddable":true,"href":"https:\/\/supersimpletienda.cl\/index.php\/wp-json\/wp\/v2\/product_cat?post=4573"},{"taxonomy":"product_tag","embeddable":true,"href":"https:\/\/supersimpletienda.cl\/index.php\/wp-json\/wp\/v2\/product_tag?post=4573"}],"curies":[{"name":"wp","href":"https:\/\/api.w.org\/{rel}","templated":true}]}}