{"id":4569,"date":"2024-06-20T21:49:37","date_gmt":"2024-06-20T21:49:37","guid":{"rendered":"https:\/\/supersimpletienda.cl\/?post_type=product&#038;p=4569"},"modified":"2024-12-11T14:47:32","modified_gmt":"2024-12-11T14:47:32","slug":"cargador-magsafe-carga-rapida-para-iphone-12-13-14-15-3-en-1-mas-cargador-pd-20w","status":"publish","type":"product","link":"https:\/\/supersimpletienda.cl\/index.php\/producto\/cargador-magsafe-carga-rapida-para-iphone-12-13-14-15-3-en-1-mas-cargador-pd-20w\/","title":{"rendered":"Cargador MagSafe Carga R\u00e1pida Para iPhone 12 13 14 15 \/ 3 en 1 m\u00e1s Cargador PD 20W"},"content":{"rendered":"<p>Cargador Inal\u00e1mbrico MagSafe 3 en 1 Ultradelgado Carga R\u00e1pida de 15 watt<br \/>\nCertificaci\u00f3n con Est\u00e1ndar QI<br \/>\nCompatible con iPhone 12 \/ 13 \/ 14 y 15 en todas sus variantes<br \/>\nAdem\u00e1s, podr\u00e1s cargar tus AirPods y tu SmartWatch al mismo tiempo<br \/>\nCertificaci\u00f3n Internacional FCC &#8211; CE \u2013 RoHS<\/p>\n<p><strong>Atenci\u00f3n \/ Importante<\/strong><br \/>\nCon esta nueva Estaci\u00f3n de carga 3 en 1 Multifuncional podr\u00e1 cargar todos sus dispositivos Apple de una sola vez; iPhone, Apple Watch y AirPods.<br \/>\nLos cargadores inal\u00e1mbricos para smartphones son muy convenientes y f\u00e1ciles de usar, ya que solo se necesita colocar el tel\u00e9fono sobre la superficie del cargador para que empiece a cargarse. Sin embargo, es importante tener en cuenta que la velocidad de carga inal\u00e1mbrica puede ser m\u00e1s lenta que la carga con cable.<\/p>\n<p>Para lograr Carga Inal\u00e1mbrica R\u00e1pida de 15 watt se debe conectar a un cargador de pared de 18w o superior con entradas USB &#8211; A (USB Normal), cargador incluido.<br \/>\nCable incluido de 1 metro con USB &#8211; C al cargador inal\u00e1mbrico y USB &#8211; A hacia el cargador de pared.<\/p>\n<p><strong>Caracter\u00edsticas<\/strong><\/p>\n<ul>\n<li>Marca: KuuLaa<\/li>\n<li>Material: Aleaci\u00f3n de Pl\u00e1stico con Acr\u00edlico<\/li>\n<li>Color: Blanco<\/li>\n<li>Interface: Tipo C<\/li>\n<li>Input: 5V \u2013 3A \/ 9V \u2013 2A \/ 15V \u2013 1.5\u00aa<\/li>\n<li>Output: 15w &#8211; 10w &#8211; 7.5w &#8211; 5w<\/li>\n<li>Protecci\u00f3n por subidas de voltaje, sobrecalentamientos y corto circuitos.<\/li>\n<li>Detecci\u00f3n de cuerpos extra\u00f1os.<\/li>\n<li>Incluidos en la caja: Cargador inal\u00e1mbrico, cargador de pared PD 20w m\u00e1s cable Tipo C de 1m de largo para alimentaci\u00f3n.<\/li>\n<\/ul>\n","protected":false},"excerpt":{"rendered":"<p>Cargador Inal\u00e1mbrico MagSafe 3 en 1 Ultradelgado Carga R\u00e1pida de 15 watt Certificaci\u00f3n con Est\u00e1ndar QI Compatible con iPhone 12 \/ 13 \/ 14 y 15 en todas sus variantes Adem\u00e1s, podr\u00e1s cargar tus AirPods y tu SmartWatch al mismo tiempo Certificaci\u00f3n Internacional FCC &#8211; CE \u2013 RoHS Atenci\u00f3n \/ Importante Con esta nueva Estaci\u00f3n [&hellip;]<\/p>\n","protected":false},"featured_media":4570,"comment_status":"closed","ping_status":"closed","template":"","meta":[],"product_brand":[],"product_cat":[215,245,205,206],"product_tag":[303],"class_list":{"0":"post-4569","1":"product","2":"type-product","3":"status-publish","4":"has-post-thumbnail","6":"product_cat-funcionan-mejor-si-estan-juntos","7":"product_cat-navidad-regalos","8":"product_cat-nuevos-productos","9":"product_cat-ofertas","10":"product_tag-compatible-iphone-12-a-16","12":"first","13":"instock","14":"sale","15":"taxable","16":"shipping-taxable","17":"purchasable","18":"product-type-simple"},"_links":{"self":[{"href":"https:\/\/supersimpletienda.cl\/index.php\/wp-json\/wp\/v2\/product\/4569","targetHints":{"allow":["GET"]}}],"collection":[{"href":"https:\/\/supersimpletienda.cl\/index.php\/wp-json\/wp\/v2\/product"}],"about":[{"href":"https:\/\/supersimpletienda.cl\/index.php\/wp-json\/wp\/v2\/types\/product"}],"replies":[{"embeddable":true,"href":"https:\/\/supersimpletienda.cl\/index.php\/wp-json\/wp\/v2\/comments?post=4569"}],"version-history":[{"count":1,"href":"https:\/\/supersimpletienda.cl\/index.php\/wp-json\/wp\/v2\/product\/4569\/revisions"}],"predecessor-version":[{"id":5326,"href":"https:\/\/supersimpletienda.cl\/index.php\/wp-json\/wp\/v2\/product\/4569\/revisions\/5326"}],"wp:featuredmedia":[{"embeddable":true,"href":"https:\/\/supersimpletienda.cl\/index.php\/wp-json\/wp\/v2\/media\/4570"}],"wp:attachment":[{"href":"https:\/\/supersimpletienda.cl\/index.php\/wp-json\/wp\/v2\/media?parent=4569"}],"wp:term":[{"taxonomy":"product_brand","embeddable":true,"href":"https:\/\/supersimpletienda.cl\/index.php\/wp-json\/wp\/v2\/product_brand?post=4569"},{"taxonomy":"product_cat","embeddable":true,"href":"https:\/\/supersimpletienda.cl\/index.php\/wp-json\/wp\/v2\/product_cat?post=4569"},{"taxonomy":"product_tag","embeddable":true,"href":"https:\/\/supersimpletienda.cl\/index.php\/wp-json\/wp\/v2\/product_tag?post=4569"}],"curies":[{"name":"wp","href":"https:\/\/api.w.org\/{rel}","templated":true}]}}