{"id":4564,"date":"2024-06-20T21:33:53","date_gmt":"2024-06-20T21:33:53","guid":{"rendered":"https:\/\/supersimpletienda.cl\/?post_type=product&#038;p=4564"},"modified":"2024-12-11T15:07:25","modified_gmt":"2024-12-11T15:07:25","slug":"cargador-carga-rapida-pd-20w-para-iphone-11-12-13-14-mas-cable-lightning-blancos","status":"publish","type":"product","link":"https:\/\/supersimpletienda.cl\/index.php\/producto\/cargador-carga-rapida-pd-20w-para-iphone-11-12-13-14-mas-cable-lightning-blancos\/","title":{"rendered":"Cargador Carga R\u00e1pida PD 20w para iPhone 11 12 13 14 m\u00e1s Cable Lightning Blancos"},"content":{"rendered":"<p>Cargador de Pared Carga R\u00e1pida de 20 watt m\u00e1s<br \/>\nCable Lightning a Tipo C de 1 metro Carga R\u00e1pida 30 watt<br \/>\nCompatible con iPhone 11 a 14 en todas sus variantes<br \/>\nCertificaci\u00f3n Internacional FCC &#8211; CE \u2013 RoHS<\/p>\n<p><strong>Caracter\u00edsticas Cargador Pared 20w<\/strong><\/p>\n<ul>\n<li>Cargador Dual Tipo C m\u00e1s USB-A de 20 Watt para iPhone proporciona carga r\u00e1pida de forma eficiente, as\u00ed podr\u00e1s cargar tus dispositivos en cualquier lugar, en tan solo 30 minutos podr\u00e1s cargar hasta 50% de bater\u00eda.<\/li>\n<li>Compatible con cualquier dispositivo con USB-C, podr\u00e1 ser usado con iPhone 8 a 14 Full Series. Adem\u00e1s, proporcionar carga r\u00e1pida a tus dispositivos Apple; iPhone, iPad, AirPods y AirPods Pro.<\/li>\n<li>Protecci\u00f3n por subidas de voltaje y sobrecalentamientos<\/li>\n<li>Protecci\u00f3n contra corto circuitos<\/li>\n<li>Entrada: 100 \u2013 224V \u2013 50 \u2013 60 Hz<\/li>\n<li>Salida: 5V=3A o 9V = 2A<\/li>\n<\/ul>\n<p><strong>Enchufe chileno<\/strong><\/p>\n<p><strong>Caracter\u00edsticas Cable 30w MFI<\/strong><\/p>\n<ul>\n<li><strong>Protecci\u00f3n MFI:<\/strong> evite da\u00f1os en su iPhone, iPad u otros dispositivos Apple con estos cables certificados. Diles adi\u00f3s a las molestas notificaciones emergentes.<\/li>\n<li><strong>Soporte protocolo USB &#8211; PD (Pawer Delivery):<\/strong> puede beneficiarse de las \u00faltimas mejoras de velocidad que ofrecen estos cables cuando cargue sus dispositivos Apple con un adaptador USB C que admita USB Power Delivery. \u00a1La carga r\u00e1pida no ser\u00e1 un problema!<\/li>\n<li>Carga R\u00e1pida y trasferencia de datos PD 30 watt<\/li>\n<li>Reforzado y resistente al estiramiento accidental<\/li>\n<li>Fabricado de aleaci\u00f3n de Zinc m\u00e1s TPE<\/li>\n<li>Tasa de transmisi\u00f3n 480 Mbps<\/li>\n<li>Compatible con Smartphone y Notebook<\/li>\n<\/ul>\n","protected":false},"excerpt":{"rendered":"<p>Cargador de Pared Carga R\u00e1pida de 20 watt m\u00e1s Cable Lightning a Tipo C de 1 metro Carga R\u00e1pida 30 watt Compatible con iPhone 11 a 14 en todas sus variantes Certificaci\u00f3n Internacional FCC &#8211; CE \u2013 RoHS Caracter\u00edsticas Cargador Pared 20w Cargador Dual Tipo C m\u00e1s USB-A de 20 Watt para iPhone proporciona carga [&hellip;]<\/p>\n","protected":false},"featured_media":4566,"comment_status":"closed","ping_status":"closed","template":"","meta":[],"product_brand":[],"product_cat":[215,205],"product_tag":[337],"class_list":{"0":"post-4564","1":"product","2":"type-product","3":"status-publish","4":"has-post-thumbnail","6":"product_cat-funcionan-mejor-si-estan-juntos","7":"product_cat-nuevos-productos","8":"product_tag-pawer-delivery-20w","10":"first","11":"instock","12":"sale","13":"taxable","14":"shipping-taxable","15":"purchasable","16":"product-type-simple"},"_links":{"self":[{"href":"https:\/\/supersimpletienda.cl\/index.php\/wp-json\/wp\/v2\/product\/4564","targetHints":{"allow":["GET"]}}],"collection":[{"href":"https:\/\/supersimpletienda.cl\/index.php\/wp-json\/wp\/v2\/product"}],"about":[{"href":"https:\/\/supersimpletienda.cl\/index.php\/wp-json\/wp\/v2\/types\/product"}],"replies":[{"embeddable":true,"href":"https:\/\/supersimpletienda.cl\/index.php\/wp-json\/wp\/v2\/comments?post=4564"}],"version-history":[{"count":1,"href":"https:\/\/supersimpletienda.cl\/index.php\/wp-json\/wp\/v2\/product\/4564\/revisions"}],"predecessor-version":[{"id":5327,"href":"https:\/\/supersimpletienda.cl\/index.php\/wp-json\/wp\/v2\/product\/4564\/revisions\/5327"}],"wp:featuredmedia":[{"embeddable":true,"href":"https:\/\/supersimpletienda.cl\/index.php\/wp-json\/wp\/v2\/media\/4566"}],"wp:attachment":[{"href":"https:\/\/supersimpletienda.cl\/index.php\/wp-json\/wp\/v2\/media?parent=4564"}],"wp:term":[{"taxonomy":"product_brand","embeddable":true,"href":"https:\/\/supersimpletienda.cl\/index.php\/wp-json\/wp\/v2\/product_brand?post=4564"},{"taxonomy":"product_cat","embeddable":true,"href":"https:\/\/supersimpletienda.cl\/index.php\/wp-json\/wp\/v2\/product_cat?post=4564"},{"taxonomy":"product_tag","embeddable":true,"href":"https:\/\/supersimpletienda.cl\/index.php\/wp-json\/wp\/v2\/product_tag?post=4564"}],"curies":[{"name":"wp","href":"https:\/\/api.w.org\/{rel}","templated":true}]}}