{"id":4555,"date":"2024-06-20T21:01:20","date_gmt":"2024-06-20T21:01:20","guid":{"rendered":"https:\/\/supersimpletienda.cl\/?post_type=product&#038;p=4555"},"modified":"2024-12-11T15:08:38","modified_gmt":"2024-12-11T15:08:38","slug":"cargador-carga-rapida-gan-65w-para-xiaomi-iphone-mas-cable-usb-c-2-metros","status":"publish","type":"product","link":"https:\/\/supersimpletienda.cl\/index.php\/producto\/cargador-carga-rapida-gan-65w-para-xiaomi-iphone-mas-cable-usb-c-2-metros\/","title":{"rendered":"Cargador Carga R\u00e1pida GaN 65w para Xiaomi\/ iPhone m\u00e1s Cable Usb-C 2 metros"},"content":{"rendered":"<p><strong>Desarrollado con tecnolog\u00eda GaN<\/strong><\/p>\n<ul>\n<li>Peque\u00f1o y liviano, ya que se reemplaza el silicio con el material semiconductor nitruro de galio GaN.<\/li>\n<li>La salida m\u00e1xima de 65 W, es adecuada para cargar notebooks. El smartphone Xiaomi 11 se puede cargar al 100% en solamente 45 minutos. Los iPhone 12\/ 13\/ 14 y 15 se puede cargar un 60% en 30 minutos.<\/li>\n<li>Gracias a su compatibilidad inteligente, admite una amplia gama de smartphones y dispositivos electr\u00f3nicos. Admite PD Fast Charging (compatibilidad universal)<\/li>\n<li>Compatible con iPhone, iPad, MacBook, Samsung, Laptop, Xiaomi, Huawei entre otros smartphones que cuentan con el protocolo PD Fast Charging.<\/li>\n<li>La potencia del interfaz Tipo-C puede ser de hasta 65 W cuando se emite solo, y la potencia del interfaz USB-A puede ser de hasta 18 W cuando se emite solo.<\/li>\n<li>Los puertos de salida doble con USB-C y USB-A en carga simult\u00e1nea de alta velocidad proporcionan una potencia de 45W+18W<\/li>\n<li>El paquete contiene un cable de datos Tipo-C a Tipo-C cuya longitud es de 2 metros, lo que ayuda a satisfacer las necesidades de carga en diferentes escenarios.<\/li>\n<li>Chip de identificaci\u00f3n inteligente incorporado: el cargador identificar\u00e1 de forma inteligente el equipo de carga y asignar\u00e1 autom\u00e1ticamente el modo correspondiente para una carga r\u00e1pida y estable.<\/li>\n<\/ul>\n","protected":false},"excerpt":{"rendered":"<p>Desarrollado con tecnolog\u00eda GaN Peque\u00f1o y liviano, ya que se reemplaza el silicio con el material semiconductor nitruro de galio GaN. La salida m\u00e1xima de 65 W, es adecuada para cargar notebooks. El smartphone Xiaomi 11 se puede cargar al 100% en solamente 45 minutos. Los iPhone 12\/ 13\/ 14 y 15 se puede cargar [&hellip;]<\/p>\n","protected":false},"featured_media":4556,"comment_status":"closed","ping_status":"closed","template":"","meta":[],"product_brand":[],"product_cat":[215,205],"product_tag":[224],"class_list":{"0":"post-4555","1":"product","2":"type-product","3":"status-publish","4":"has-post-thumbnail","6":"product_cat-funcionan-mejor-si-estan-juntos","7":"product_cat-nuevos-productos","8":"product_tag-carga-rapida","10":"first","11":"instock","12":"sale","13":"taxable","14":"shipping-taxable","15":"purchasable","16":"product-type-simple"},"_links":{"self":[{"href":"https:\/\/supersimpletienda.cl\/index.php\/wp-json\/wp\/v2\/product\/4555","targetHints":{"allow":["GET"]}}],"collection":[{"href":"https:\/\/supersimpletienda.cl\/index.php\/wp-json\/wp\/v2\/product"}],"about":[{"href":"https:\/\/supersimpletienda.cl\/index.php\/wp-json\/wp\/v2\/types\/product"}],"replies":[{"embeddable":true,"href":"https:\/\/supersimpletienda.cl\/index.php\/wp-json\/wp\/v2\/comments?post=4555"}],"version-history":[{"count":1,"href":"https:\/\/supersimpletienda.cl\/index.php\/wp-json\/wp\/v2\/product\/4555\/revisions"}],"predecessor-version":[{"id":5329,"href":"https:\/\/supersimpletienda.cl\/index.php\/wp-json\/wp\/v2\/product\/4555\/revisions\/5329"}],"wp:featuredmedia":[{"embeddable":true,"href":"https:\/\/supersimpletienda.cl\/index.php\/wp-json\/wp\/v2\/media\/4556"}],"wp:attachment":[{"href":"https:\/\/supersimpletienda.cl\/index.php\/wp-json\/wp\/v2\/media?parent=4555"}],"wp:term":[{"taxonomy":"product_brand","embeddable":true,"href":"https:\/\/supersimpletienda.cl\/index.php\/wp-json\/wp\/v2\/product_brand?post=4555"},{"taxonomy":"product_cat","embeddable":true,"href":"https:\/\/supersimpletienda.cl\/index.php\/wp-json\/wp\/v2\/product_cat?post=4555"},{"taxonomy":"product_tag","embeddable":true,"href":"https:\/\/supersimpletienda.cl\/index.php\/wp-json\/wp\/v2\/product_tag?post=4555"}],"curies":[{"name":"wp","href":"https:\/\/api.w.org\/{rel}","templated":true}]}}