{"id":4551,"date":"2024-06-20T20:19:53","date_gmt":"2024-06-20T20:19:53","guid":{"rendered":"https:\/\/supersimpletienda.cl\/?post_type=product&#038;p=4551"},"modified":"2024-12-11T15:09:10","modified_gmt":"2024-12-11T15:09:10","slug":"cable-carga-rapida-30w-2-mts-para-iphone-11-a-14-mas-adaptador-usb-a","status":"publish","type":"product","link":"https:\/\/supersimpletienda.cl\/index.php\/producto\/cable-carga-rapida-30w-2-mts-para-iphone-11-a-14-mas-adaptador-usb-a\/","title":{"rendered":"Cable Carga R\u00e1pida 30w 2 Mts para iPhone 11 a 14 m\u00e1s Adaptador USB \u2013 A"},"content":{"rendered":"<p>Cable Lightning a Tipo C de 2 metros Carga R\u00e1pida 30 watt<br \/>\nReforzado y Trenzado en Nylon de alta densidad<br \/>\nCompatibles con iPhone del 8 a 14 \u2013 iPad Series \u2013 AirPods Series<br \/>\nMarca KuuLaa certificado MFI<br \/>\nCertificaci\u00f3n Internacional FCC &#8211; CE \u2013 RoHS<\/p>\n<p><strong>Protecci\u00f3n MFI:<\/strong> evite da\u00f1os en su iPhone, iPad u otros dispositivos Apple con estos cables certificados. Diles adi\u00f3s a las molestas notificaciones emergentes.<br \/>\nSoporte protocolo USB &#8211; PD (Pawer Delivery): puede beneficiarse de las \u00faltimas mejoras de velocidad que ofrecen estos cables cuando cargue sus dispositivos Apple con un adaptador USB C que admita USB Power Delivery. \u00a1La carga r\u00e1pida no ser\u00e1 un problema!<br \/>\nExtremadamente Duradero: construido con conectores de aleaci\u00f3n de aluminio, nuestro producto es un cable duradero y resistente en el que puede confiar. Cuenta con una vida \u00fatil de m\u00e1s de 7000 pruebas de flexi\u00f3n, que permite soportar el desgaste diario.<\/p>\n<p><strong>Caracter\u00edsticas<\/strong><\/p>\n<ul>\n<li>Carga R\u00e1pida y trasferencia de datos PD 30 watt<\/li>\n<li>Trenzado de alta densidad, reforzado y resistente al estiramiento accidental<\/li>\n<li>Fabricado de aleaci\u00f3n de Zinc m\u00e1s TPE<\/li>\n<li>Tasa de transmisi\u00f3n 480 Mbps<\/li>\n<li>Compatible con Smartphone y Notebook<\/li>\n<li>Color Negro<\/li>\n<\/ul>\n","protected":false},"excerpt":{"rendered":"<p>Cable Lightning a Tipo C de 2 metros Carga R\u00e1pida 30 watt Reforzado y Trenzado en Nylon de alta densidad Compatibles con iPhone del 8 a 14 \u2013 iPad Series \u2013 AirPods Series Marca KuuLaa certificado MFI Certificaci\u00f3n Internacional FCC &#8211; CE \u2013 RoHS Protecci\u00f3n MFI: evite da\u00f1os en su iPhone, iPad u otros dispositivos [&hellip;]<\/p>\n","protected":false},"featured_media":4552,"comment_status":"closed","ping_status":"closed","template":"","meta":[],"product_brand":[],"product_cat":[215,205],"product_tag":[303],"class_list":{"0":"post-4551","1":"product","2":"type-product","3":"status-publish","4":"has-post-thumbnail","6":"product_cat-funcionan-mejor-si-estan-juntos","7":"product_cat-nuevos-productos","8":"product_tag-compatible-iphone-12-a-16","10":"first","11":"instock","12":"sale","13":"taxable","14":"shipping-taxable","15":"purchasable","16":"product-type-simple"},"_links":{"self":[{"href":"https:\/\/supersimpletienda.cl\/index.php\/wp-json\/wp\/v2\/product\/4551","targetHints":{"allow":["GET"]}}],"collection":[{"href":"https:\/\/supersimpletienda.cl\/index.php\/wp-json\/wp\/v2\/product"}],"about":[{"href":"https:\/\/supersimpletienda.cl\/index.php\/wp-json\/wp\/v2\/types\/product"}],"replies":[{"embeddable":true,"href":"https:\/\/supersimpletienda.cl\/index.php\/wp-json\/wp\/v2\/comments?post=4551"}],"version-history":[{"count":1,"href":"https:\/\/supersimpletienda.cl\/index.php\/wp-json\/wp\/v2\/product\/4551\/revisions"}],"predecessor-version":[{"id":5330,"href":"https:\/\/supersimpletienda.cl\/index.php\/wp-json\/wp\/v2\/product\/4551\/revisions\/5330"}],"wp:featuredmedia":[{"embeddable":true,"href":"https:\/\/supersimpletienda.cl\/index.php\/wp-json\/wp\/v2\/media\/4552"}],"wp:attachment":[{"href":"https:\/\/supersimpletienda.cl\/index.php\/wp-json\/wp\/v2\/media?parent=4551"}],"wp:term":[{"taxonomy":"product_brand","embeddable":true,"href":"https:\/\/supersimpletienda.cl\/index.php\/wp-json\/wp\/v2\/product_brand?post=4551"},{"taxonomy":"product_cat","embeddable":true,"href":"https:\/\/supersimpletienda.cl\/index.php\/wp-json\/wp\/v2\/product_cat?post=4551"},{"taxonomy":"product_tag","embeddable":true,"href":"https:\/\/supersimpletienda.cl\/index.php\/wp-json\/wp\/v2\/product_tag?post=4551"}],"curies":[{"name":"wp","href":"https:\/\/api.w.org\/{rel}","templated":true}]}}