{"id":4547,"date":"2024-06-20T20:10:45","date_gmt":"2024-06-20T20:10:45","guid":{"rendered":"https:\/\/supersimpletienda.cl\/?post_type=product&#038;p=4547"},"modified":"2024-12-11T15:10:58","modified_gmt":"2024-12-11T15:10:58","slug":"cargador-carga-rapida-15w-para-samsung-galaxy-mas-cargador-pd-20w","status":"publish","type":"product","link":"https:\/\/supersimpletienda.cl\/index.php\/producto\/cargador-carga-rapida-15w-para-samsung-galaxy-mas-cargador-pd-20w\/","title":{"rendered":"Cargador Carga R\u00e1pida 15w para Samsung Galaxy m\u00e1s Cargador PD 20w"},"content":{"rendered":"<p>Cargador Inal\u00e1mbrico Ultradelgado Carga R\u00e1pida de 15 watt<br \/>\nMas Cargador de Pared PD de 20 watt<br \/>\nCompatible con Galaxy Series S en todas sus variantes<br \/>\nCertificaci\u00f3n Internacional FCC &#8211; CE \u2013 RoHS<\/p>\n<p><strong>Atenci\u00f3n \/ Importante<\/strong><br \/>\nLos cargadores inal\u00e1mbricos para smartphones son muy convenientes y f\u00e1ciles de usar, ya que solo se necesita colocar el tel\u00e9fono sobre la superficie del cargador para que empiece a cargarse. Sin embargo, es importante tener en cuenta que la velocidad de carga inal\u00e1mbrica puede ser m\u00e1s lenta que la carga con cable.<\/p>\n<p><strong>Caracter\u00edsticas<\/strong><\/p>\n<ul>\n<li>Protecci\u00f3n por subidas de voltaje y sobrecalentamientos<\/li>\n<li>Protecci\u00f3n contra corto circuitos<\/li>\n<li>Detecci\u00f3n de cuerpos extra\u00f1os<\/li>\n<li>Colocar el tel\u00e9fono en el centro del cargador para que sea efectiva<\/li>\n<li>Incluidos en la caja: Cargador inal\u00e1mbrico, cable Tipo C de 1m de largo para alimentaci\u00f3n<\/li>\n<\/ul>\n","protected":false},"excerpt":{"rendered":"<p>Cargador Inal\u00e1mbrico Ultradelgado Carga R\u00e1pida de 15 watt Mas Cargador de Pared PD de 20 watt Compatible con Galaxy Series S en todas sus variantes Certificaci\u00f3n Internacional FCC &#8211; CE \u2013 RoHS Atenci\u00f3n \/ Importante Los cargadores inal\u00e1mbricos para smartphones son muy convenientes y f\u00e1ciles de usar, ya que solo se necesita colocar el tel\u00e9fono [&hellip;]<\/p>\n","protected":false},"featured_media":4548,"comment_status":"closed","ping_status":"closed","template":"","meta":[],"product_brand":[],"product_cat":[215,205],"product_tag":[294],"class_list":{"0":"post-4547","1":"product","2":"type-product","3":"status-publish","4":"has-post-thumbnail","6":"product_cat-funcionan-mejor-si-estan-juntos","7":"product_cat-nuevos-productos","8":"product_tag-compatible-samsung-series-s","10":"first","11":"instock","12":"sale","13":"taxable","14":"shipping-taxable","15":"purchasable","16":"product-type-simple"},"_links":{"self":[{"href":"https:\/\/supersimpletienda.cl\/index.php\/wp-json\/wp\/v2\/product\/4547","targetHints":{"allow":["GET"]}}],"collection":[{"href":"https:\/\/supersimpletienda.cl\/index.php\/wp-json\/wp\/v2\/product"}],"about":[{"href":"https:\/\/supersimpletienda.cl\/index.php\/wp-json\/wp\/v2\/types\/product"}],"replies":[{"embeddable":true,"href":"https:\/\/supersimpletienda.cl\/index.php\/wp-json\/wp\/v2\/comments?post=4547"}],"version-history":[{"count":1,"href":"https:\/\/supersimpletienda.cl\/index.php\/wp-json\/wp\/v2\/product\/4547\/revisions"}],"predecessor-version":[{"id":5331,"href":"https:\/\/supersimpletienda.cl\/index.php\/wp-json\/wp\/v2\/product\/4547\/revisions\/5331"}],"wp:featuredmedia":[{"embeddable":true,"href":"https:\/\/supersimpletienda.cl\/index.php\/wp-json\/wp\/v2\/media\/4548"}],"wp:attachment":[{"href":"https:\/\/supersimpletienda.cl\/index.php\/wp-json\/wp\/v2\/media?parent=4547"}],"wp:term":[{"taxonomy":"product_brand","embeddable":true,"href":"https:\/\/supersimpletienda.cl\/index.php\/wp-json\/wp\/v2\/product_brand?post=4547"},{"taxonomy":"product_cat","embeddable":true,"href":"https:\/\/supersimpletienda.cl\/index.php\/wp-json\/wp\/v2\/product_cat?post=4547"},{"taxonomy":"product_tag","embeddable":true,"href":"https:\/\/supersimpletienda.cl\/index.php\/wp-json\/wp\/v2\/product_tag?post=4547"}],"curies":[{"name":"wp","href":"https:\/\/api.w.org\/{rel}","templated":true}]}}