{"id":4543,"date":"2024-06-20T19:35:29","date_gmt":"2024-06-20T19:35:29","guid":{"rendered":"https:\/\/supersimpletienda.cl\/?post_type=product&#038;p=4543"},"modified":"2024-12-11T15:11:28","modified_gmt":"2024-12-11T15:11:28","slug":"cargador-carga-rapida-15w-para-iphone-11-se-xs-xr-8-mas-cargador-pd-20w","status":"publish","type":"product","link":"https:\/\/supersimpletienda.cl\/index.php\/producto\/cargador-carga-rapida-15w-para-iphone-11-se-xs-xr-8-mas-cargador-pd-20w\/","title":{"rendered":"Cargador Carga R\u00e1pida 15w para iPhone 11 Se XS XR 8 m\u00e1s Cargador PD 20w"},"content":{"rendered":"<p>Cargador Inal\u00e1mbrico Ultradelgado Carga R\u00e1pida de 15 watt<br \/>\nMas Cargador de Pared PD de 20 watt<br \/>\nCompatible con iPhone 8 hasta el 11 en todas sus variantes<br \/>\nAdem\u00e1s, compatible con; Huawei \u2013 Xiaomi \u2013 Samsung \u2013 DELL \u2013 OPPO<br \/>\nCertificaci\u00f3n Internacional FCC &#8211; CE \u2013 RoHS<\/p>\n<p><strong>Atenci\u00f3n \/ Importante<\/strong><br \/>\nLos cargadores inal\u00e1mbricos para smartphones son muy convenientes y f\u00e1ciles de usar, ya que solo se necesita colocar el tel\u00e9fono sobre la superficie del cargador para que empiece a cargarse. Sin embargo, es importante tener en cuenta que la velocidad de carga inal\u00e1mbrica puede ser m\u00e1s lenta que la carga con cable.<\/p>\n<p><strong>Caracter\u00edsticas<\/strong><\/p>\n<ul>\n<li>Protecci\u00f3n por subidas de voltaje y sobrecalentamientos<\/li>\n<li>Protecci\u00f3n contra corto circuitos<\/li>\n<li>Detecci\u00f3n de cuerpos extra\u00f1os<\/li>\n<li>Colocar el tel\u00e9fono en el centro del cargador para que sea efectiva<\/li>\n<li>Incluidos en la caja: Cargador inal\u00e1mbrico, cable Tipo C de 1m de largo para alimentaci\u00f3n<\/li>\n<\/ul>\n","protected":false},"excerpt":{"rendered":"<p>Cargador Inal\u00e1mbrico Ultradelgado Carga R\u00e1pida de 15 watt Mas Cargador de Pared PD de 20 watt Compatible con iPhone 8 hasta el 11 en todas sus variantes Adem\u00e1s, compatible con; Huawei \u2013 Xiaomi \u2013 Samsung \u2013 DELL \u2013 OPPO Certificaci\u00f3n Internacional FCC &#8211; CE \u2013 RoHS Atenci\u00f3n \/ Importante Los cargadores inal\u00e1mbricos para smartphones son [&hellip;]<\/p>\n","protected":false},"featured_media":4544,"comment_status":"closed","ping_status":"closed","template":"","meta":[],"product_brand":[],"product_cat":[215,206],"product_tag":[289],"class_list":{"0":"post-4543","1":"product","2":"type-product","3":"status-publish","4":"has-post-thumbnail","6":"product_cat-funcionan-mejor-si-estan-juntos","7":"product_cat-ofertas","8":"product_tag-compatible-iphone-11-e-inferior","10":"first","11":"instock","12":"sale","13":"taxable","14":"shipping-taxable","15":"purchasable","16":"product-type-simple"},"_links":{"self":[{"href":"https:\/\/supersimpletienda.cl\/index.php\/wp-json\/wp\/v2\/product\/4543","targetHints":{"allow":["GET"]}}],"collection":[{"href":"https:\/\/supersimpletienda.cl\/index.php\/wp-json\/wp\/v2\/product"}],"about":[{"href":"https:\/\/supersimpletienda.cl\/index.php\/wp-json\/wp\/v2\/types\/product"}],"replies":[{"embeddable":true,"href":"https:\/\/supersimpletienda.cl\/index.php\/wp-json\/wp\/v2\/comments?post=4543"}],"version-history":[{"count":1,"href":"https:\/\/supersimpletienda.cl\/index.php\/wp-json\/wp\/v2\/product\/4543\/revisions"}],"predecessor-version":[{"id":5332,"href":"https:\/\/supersimpletienda.cl\/index.php\/wp-json\/wp\/v2\/product\/4543\/revisions\/5332"}],"wp:featuredmedia":[{"embeddable":true,"href":"https:\/\/supersimpletienda.cl\/index.php\/wp-json\/wp\/v2\/media\/4544"}],"wp:attachment":[{"href":"https:\/\/supersimpletienda.cl\/index.php\/wp-json\/wp\/v2\/media?parent=4543"}],"wp:term":[{"taxonomy":"product_brand","embeddable":true,"href":"https:\/\/supersimpletienda.cl\/index.php\/wp-json\/wp\/v2\/product_brand?post=4543"},{"taxonomy":"product_cat","embeddable":true,"href":"https:\/\/supersimpletienda.cl\/index.php\/wp-json\/wp\/v2\/product_cat?post=4543"},{"taxonomy":"product_tag","embeddable":true,"href":"https:\/\/supersimpletienda.cl\/index.php\/wp-json\/wp\/v2\/product_tag?post=4543"}],"curies":[{"name":"wp","href":"https:\/\/api.w.org\/{rel}","templated":true}]}}