{"id":4539,"date":"2024-06-20T19:21:48","date_gmt":"2024-06-20T19:21:48","guid":{"rendered":"https:\/\/supersimpletienda.cl\/?post_type=product&#038;p=4539"},"modified":"2024-12-11T15:11:57","modified_gmt":"2024-12-11T15:11:57","slug":"cargador-inalambrico-magsafe-de-15w-para-iphone-12-13-14-15-mas-cargador-pd-de-20w","status":"publish","type":"product","link":"https:\/\/supersimpletienda.cl\/index.php\/producto\/cargador-inalambrico-magsafe-de-15w-para-iphone-12-13-14-15-mas-cargador-pd-de-20w\/","title":{"rendered":"Cargador Inal\u00e1mbrico MagSafe de 15w para iPhone 12 13 14 15 m\u00e1s Cargador PD de 20w"},"content":{"rendered":"<p>Cargador Inal\u00e1mbrico MagSafe compatibles con iPhone 12 13 14 y 15 en todas sus variantes<br \/>\nM\u00e1s cargador de Pared Carga R\u00e1pida de 20 watt<br \/>\nCertificaci\u00f3n con Est\u00e1ndar QI, compatible con tecnolog\u00eda MagSafe<br \/>\nCertificaci\u00f3n Internacional FCC &#8211; CE \u2013 RoHS<\/p>\n<p><strong>Atenci\u00f3n \/ Importante<\/strong><br \/>\nAunque es compatible con iPhone 11 e inferior no es recomendable (desde el iPhone 8 vienen con carga inal\u00e1mbrica incorporada), debido que para ellos son m\u00e1s eficientes los cargadores inal\u00e1mbricos convencionales ya que NO poseen tecnolog\u00eda MagSafe, \u00bfdudas? solo h\u00e1blenos.<\/p>\n<p><strong>Caracter\u00edsticas<\/strong><\/p>\n<ul>\n<li>Protecci\u00f3n por subidas de voltaje y sobrecalentamientos<\/li>\n<li>Protecci\u00f3n contra corto circuitos<\/li>\n<li>Detecci\u00f3n de cuerpos extra\u00f1os<\/li>\n<\/ul>\n<p><strong>Adaptador de corriente USB C de 20 Watt<\/strong><\/p>\n<ul>\n<li>Proporciona carga r\u00e1pida de forma eficiente, as\u00ed podr\u00e1s cargar tus dispositivos en cualquier lugar, en tan solo 30 minutos podr\u00e1s cargar hasta 50% de bater\u00eda<\/li>\n<li>Entrada: 100 \u2013 224V \u2013 50 \u2013 60 Hz<\/li>\n<li>Salida: 5V=3A o 9V = 2A<\/li>\n<li>Enchufe chileno<\/li>\n<li>Incluidos en la caja: Cargador inal\u00e1mbrico con cable Tipo C integrado m\u00e1s cargador de pared de 20 watt.<\/li>\n<\/ul>\n","protected":false},"excerpt":{"rendered":"<p>Cargador Inal\u00e1mbrico MagSafe compatibles con iPhone 12 13 14 y 15 en todas sus variantes M\u00e1s cargador de Pared Carga R\u00e1pida de 20 watt Certificaci\u00f3n con Est\u00e1ndar QI, compatible con tecnolog\u00eda MagSafe Certificaci\u00f3n Internacional FCC &#8211; CE \u2013 RoHS Atenci\u00f3n \/ Importante Aunque es compatible con iPhone 11 e inferior no es recomendable (desde el [&hellip;]<\/p>\n","protected":false},"featured_media":4540,"comment_status":"closed","ping_status":"closed","template":"","meta":[],"product_brand":[],"product_cat":[215,205],"product_tag":[303],"class_list":{"0":"post-4539","1":"product","2":"type-product","3":"status-publish","4":"has-post-thumbnail","6":"product_cat-funcionan-mejor-si-estan-juntos","7":"product_cat-nuevos-productos","8":"product_tag-compatible-iphone-12-a-16","10":"first","11":"instock","12":"sale","13":"taxable","14":"shipping-taxable","15":"purchasable","16":"product-type-simple"},"_links":{"self":[{"href":"https:\/\/supersimpletienda.cl\/index.php\/wp-json\/wp\/v2\/product\/4539","targetHints":{"allow":["GET"]}}],"collection":[{"href":"https:\/\/supersimpletienda.cl\/index.php\/wp-json\/wp\/v2\/product"}],"about":[{"href":"https:\/\/supersimpletienda.cl\/index.php\/wp-json\/wp\/v2\/types\/product"}],"replies":[{"embeddable":true,"href":"https:\/\/supersimpletienda.cl\/index.php\/wp-json\/wp\/v2\/comments?post=4539"}],"version-history":[{"count":1,"href":"https:\/\/supersimpletienda.cl\/index.php\/wp-json\/wp\/v2\/product\/4539\/revisions"}],"predecessor-version":[{"id":5333,"href":"https:\/\/supersimpletienda.cl\/index.php\/wp-json\/wp\/v2\/product\/4539\/revisions\/5333"}],"wp:featuredmedia":[{"embeddable":true,"href":"https:\/\/supersimpletienda.cl\/index.php\/wp-json\/wp\/v2\/media\/4540"}],"wp:attachment":[{"href":"https:\/\/supersimpletienda.cl\/index.php\/wp-json\/wp\/v2\/media?parent=4539"}],"wp:term":[{"taxonomy":"product_brand","embeddable":true,"href":"https:\/\/supersimpletienda.cl\/index.php\/wp-json\/wp\/v2\/product_brand?post=4539"},{"taxonomy":"product_cat","embeddable":true,"href":"https:\/\/supersimpletienda.cl\/index.php\/wp-json\/wp\/v2\/product_cat?post=4539"},{"taxonomy":"product_tag","embeddable":true,"href":"https:\/\/supersimpletienda.cl\/index.php\/wp-json\/wp\/v2\/product_tag?post=4539"}],"curies":[{"name":"wp","href":"https:\/\/api.w.org\/{rel}","templated":true}]}}