{"id":4530,"date":"2024-07-17T14:10:41","date_gmt":"2024-07-17T14:10:41","guid":{"rendered":"https:\/\/supersimpletienda.cl\/?post_type=product&#038;p=4530"},"modified":"2025-01-17T16:02:14","modified_gmt":"2025-01-17T16:02:14","slug":"cable-lightning-a-c-carga-rapida-30w-para-iphone-14-13-12-11-2-metros","status":"publish","type":"product","link":"https:\/\/supersimpletienda.cl\/index.php\/producto\/cable-lightning-a-c-carga-rapida-30w-para-iphone-14-13-12-11-2-metros\/","title":{"rendered":"Cable Lightning a C Carga R\u00e1pida 30w para iPhone 14 13 12 11 \/ 2 metros"},"content":{"rendered":"<p><span style=\"font-weight: 400;\">Cable Lightning a Tipo C Trenzado en Nylon y reforzado<\/span><\/p>\n<p><span style=\"font-weight: 400;\">Carga R\u00e1pida PD (Pawer Delivery) de 30 watt, 60% en 30 minutos<\/span><\/p>\n<p><span style=\"font-weight: 400;\">Transferencia de archivos a velocidad de 480 Mbps<\/span><\/p>\n<p><span style=\"font-weight: 400;\">Certificaci\u00f3n Internacional (FCC &#8211; CE \u2013 RoHS)<\/span><\/p>\n<p><b>Protecci\u00f3n MFI:<\/b><span style=\"font-weight: 400;\"> evite da\u00f1os en su iPhone, iPad u otros dispositivos Apple con estos cables Lightning certificados por MFI. \u00a1Diles adi\u00f3s a las molestas notificaciones emergentes!<\/span><span style=\"font-weight: 400;\"><br \/>\n<\/span><b>Soporte protocolo USB &#8211; PD (Pawer Delivery<\/b><span style=\"font-weight: 400;\">): puede beneficiarse de las \u00faltimas mejoras de velocidad que ofrecen estos cables cuando cargue sus dispositivos Apple con un adaptador USB-C que admita USB Power Delivery. \u00a1La carga r\u00e1pida no ser\u00e1 un problema!<\/span><span style=\"font-weight: 400;\"><br \/>\n<\/span><b>Extremadamente Duradero:<\/b><span style=\"font-weight: 400;\"> construido con un exterior de doble trenzado y conectores de aleaci\u00f3n de aluminio, nuestro producto es un cable duradero y resistente en el que puede confiar. Cuenta con una vida \u00fatil de m\u00e1s de 7.000 pruebas de flexi\u00f3n, que permite soportar el desgaste diario.<\/span><\/p>\n<p><b>Dise\u00f1o f\u00e1cil de usar:<\/b><span style=\"font-weight: 400;\"> la longitud perfecta del cable lo hace adecuado para ser utilizado en el sof\u00e1, la cama o la oficina. o incluso el asiento trasero de su autom\u00f3vil mientras su dispositivo se est\u00e1 cargando.<\/span><\/p>\n<p><b>Caracter\u00edsticas\u00a0<\/b><\/p>\n<ul>\n<li><span style=\"font-weight: 400;\">Cable de transmisi\u00f3n de datos de USB \u2013 C a Lightning para conectar tu iPhone, iPad o iPod al puerto USB\u00a0 &#8211; C de tu computadora.<\/span><\/li>\n<li><span style=\"font-weight: 400;\">Materiales: aleaci\u00f3n de aluminio m\u00e1s conductor de cobre esta\u00f1ado, revestimiento de nylon trenzado.<\/span><\/li>\n<li><span style=\"font-weight: 400;\">Cable de textura suave libre de enredos<\/span><\/li>\n<li><span style=\"font-weight: 400;\">Color Negro<\/span><\/li>\n<\/ul>\n","protected":false},"excerpt":{"rendered":"<p>Cable Lightning a Tipo C Trenzado en Nylon y reforzado Carga R\u00e1pida PD (Pawer Delivery) de 30 watt, 60% en 30 minutos Transferencia de archivos a velocidad de 480 Mbps Certificaci\u00f3n Internacional (FCC &#8211; CE \u2013 RoHS) Protecci\u00f3n MFI: evite da\u00f1os en su iPhone, iPad u otros dispositivos Apple con estos cables Lightning certificados por [&hellip;]<\/p>\n","protected":false},"featured_media":4531,"comment_status":"closed","ping_status":"closed","template":"","meta":[],"product_brand":[],"product_cat":[201,200],"product_tag":[253,252,254,251],"class_list":{"0":"post-4530","1":"product","2":"type-product","3":"status-publish","4":"has-post-thumbnail","6":"product_cat-cables-de-carga-y-datos","7":"product_cat-telefonos-y-accesorios","8":"product_tag-cable-iphone","9":"product_tag-cable-lightning-2m","10":"product_tag-cable-lightning-a-tipo-c","11":"product_tag-carga-rapida-30w","13":"first","14":"instock","15":"sale","16":"taxable","17":"shipping-taxable","18":"purchasable","19":"product-type-simple"},"_links":{"self":[{"href":"https:\/\/supersimpletienda.cl\/index.php\/wp-json\/wp\/v2\/product\/4530","targetHints":{"allow":["GET"]}}],"collection":[{"href":"https:\/\/supersimpletienda.cl\/index.php\/wp-json\/wp\/v2\/product"}],"about":[{"href":"https:\/\/supersimpletienda.cl\/index.php\/wp-json\/wp\/v2\/types\/product"}],"replies":[{"embeddable":true,"href":"https:\/\/supersimpletienda.cl\/index.php\/wp-json\/wp\/v2\/comments?post=4530"}],"version-history":[{"count":1,"href":"https:\/\/supersimpletienda.cl\/index.php\/wp-json\/wp\/v2\/product\/4530\/revisions"}],"predecessor-version":[{"id":5242,"href":"https:\/\/supersimpletienda.cl\/index.php\/wp-json\/wp\/v2\/product\/4530\/revisions\/5242"}],"wp:featuredmedia":[{"embeddable":true,"href":"https:\/\/supersimpletienda.cl\/index.php\/wp-json\/wp\/v2\/media\/4531"}],"wp:attachment":[{"href":"https:\/\/supersimpletienda.cl\/index.php\/wp-json\/wp\/v2\/media?parent=4530"}],"wp:term":[{"taxonomy":"product_brand","embeddable":true,"href":"https:\/\/supersimpletienda.cl\/index.php\/wp-json\/wp\/v2\/product_brand?post=4530"},{"taxonomy":"product_cat","embeddable":true,"href":"https:\/\/supersimpletienda.cl\/index.php\/wp-json\/wp\/v2\/product_cat?post=4530"},{"taxonomy":"product_tag","embeddable":true,"href":"https:\/\/supersimpletienda.cl\/index.php\/wp-json\/wp\/v2\/product_tag?post=4530"}],"curies":[{"name":"wp","href":"https:\/\/api.w.org\/{rel}","templated":true}]}}