{"id":4504,"date":"2024-07-17T13:40:21","date_gmt":"2024-07-17T13:40:21","guid":{"rendered":"https:\/\/supersimpletienda.cl\/?post_type=product&#038;p=4504"},"modified":"2024-12-02T14:03:29","modified_gmt":"2024-12-02T14:03:29","slug":"cargador-inalambrico-en-auto-carga-rapida-15w-para-samsung","status":"publish","type":"product","link":"https:\/\/supersimpletienda.cl\/index.php\/producto\/cargador-inalambrico-en-auto-carga-rapida-15w-para-samsung\/","title":{"rendered":"Cargador Inal\u00e1mbrico en Auto Carga R\u00e1pida 15w para Samsung"},"content":{"rendered":"<p><span style=\"font-weight: 400;\">Cargador Inal\u00e1mbrico para Auto de Carga R\u00e1pida de 15 watts, compatible con Samsung Series Note, Series S, Series Flip y Series Z, cuenta con certificaciones internacionales FCC, CE y RoHS.<\/span><\/p>\n<p><b>Caracter\u00edsticas<\/b><\/p>\n<ul>\n<li><span style=\"font-weight: 400;\">Presenta un dise\u00f1o moderno, minimalista y funcional.<\/span><\/li>\n<li><span style=\"font-weight: 400;\">Viene con un soporte para rejilla de aire acondicionado con una vers\u00e1til posici\u00f3n en 360\u00b0 y una ventosa para una instalaci\u00f3n conveniente en el tablero o en el parabrisas.<\/span><\/li>\n<li><span style=\"font-weight: 400;\">Interfaz de entrada: USB-A (USB Normal) conectado a la fuente de alimentaci\u00f3n del cargador del auto (Cable de alimentaci\u00f3n Tipo C a USB-A 3.2).<\/span><\/li>\n<li><span style=\"font-weight: 400;\">Entrada: 9V \u2013 2A, 5V \u2013 2.4 A.<\/span><\/li>\n<li><span style=\"font-weight: 400;\">Salida: 15 W \/ 10 W \/ 7.5 W \/ 5 W.<\/span><\/li>\n<\/ul>\n","protected":false},"excerpt":{"rendered":"<p>Cargador Inal\u00e1mbrico para Auto de Carga R\u00e1pida de 15 watts, compatible con Samsung Series Note, Series S, Series Flip y Series Z, cuenta con certificaciones internacionales FCC, CE y RoHS. Caracter\u00edsticas Presenta un dise\u00f1o moderno, minimalista y funcional. Viene con un soporte para rejilla de aire acondicionado con una vers\u00e1til posici\u00f3n en 360\u00b0 y una [&hellip;]<\/p>\n","protected":false},"featured_media":4505,"comment_status":"closed","ping_status":"closed","template":"","meta":[],"product_brand":[],"product_cat":[204,221],"product_tag":[294,295,297,296],"class_list":{"0":"post-4504","1":"product","2":"type-product","3":"status-publish","4":"has-post-thumbnail","6":"product_cat-cargadores-inalambricos","7":"product_cat-qi-para-automoviles","8":"product_tag-compatible-samsung-series-s","9":"product_tag-flip","10":"product_tag-galaxy-z","11":"product_tag-note","13":"first","14":"instock","15":"sale","16":"taxable","17":"shipping-taxable","18":"purchasable","19":"product-type-simple"},"_links":{"self":[{"href":"https:\/\/supersimpletienda.cl\/index.php\/wp-json\/wp\/v2\/product\/4504","targetHints":{"allow":["GET"]}}],"collection":[{"href":"https:\/\/supersimpletienda.cl\/index.php\/wp-json\/wp\/v2\/product"}],"about":[{"href":"https:\/\/supersimpletienda.cl\/index.php\/wp-json\/wp\/v2\/types\/product"}],"replies":[{"embeddable":true,"href":"https:\/\/supersimpletienda.cl\/index.php\/wp-json\/wp\/v2\/comments?post=4504"}],"version-history":[{"count":1,"href":"https:\/\/supersimpletienda.cl\/index.php\/wp-json\/wp\/v2\/product\/4504\/revisions"}],"predecessor-version":[{"id":5273,"href":"https:\/\/supersimpletienda.cl\/index.php\/wp-json\/wp\/v2\/product\/4504\/revisions\/5273"}],"wp:featuredmedia":[{"embeddable":true,"href":"https:\/\/supersimpletienda.cl\/index.php\/wp-json\/wp\/v2\/media\/4505"}],"wp:attachment":[{"href":"https:\/\/supersimpletienda.cl\/index.php\/wp-json\/wp\/v2\/media?parent=4504"}],"wp:term":[{"taxonomy":"product_brand","embeddable":true,"href":"https:\/\/supersimpletienda.cl\/index.php\/wp-json\/wp\/v2\/product_brand?post=4504"},{"taxonomy":"product_cat","embeddable":true,"href":"https:\/\/supersimpletienda.cl\/index.php\/wp-json\/wp\/v2\/product_cat?post=4504"},{"taxonomy":"product_tag","embeddable":true,"href":"https:\/\/supersimpletienda.cl\/index.php\/wp-json\/wp\/v2\/product_tag?post=4504"}],"curies":[{"name":"wp","href":"https:\/\/api.w.org\/{rel}","templated":true}]}}