{"id":4500,"date":"2024-07-17T13:41:52","date_gmt":"2024-07-17T13:41:52","guid":{"rendered":"https:\/\/supersimpletienda.cl\/?post_type=product&#038;p=4500"},"modified":"2024-12-02T13:56:32","modified_gmt":"2024-12-02T13:56:32","slug":"cargador-en-auto-para-iphone-12-13-14-15-magsafe-carga-rapida-15w","status":"publish","type":"product","link":"https:\/\/supersimpletienda.cl\/index.php\/producto\/cargador-en-auto-para-iphone-12-13-14-15-magsafe-carga-rapida-15w\/","title":{"rendered":"Cargador en Auto Para iPhone 12 13 14 15 \/ MagSafe Carga R\u00e1pida 15w"},"content":{"rendered":"<p><span style=\"font-weight: 400;\">Cargador Inal\u00e1mbrico para Auto Carga R\u00e1pida de 15 watt<\/span><\/p>\n<p><span style=\"font-weight: 400;\">Dise\u00f1o compacto y moderno elaborado para iPhone 12\/ 13\/ 14\/ 15 con tecnolog\u00eda MagSafe<\/span><\/p>\n<p><span style=\"font-weight: 400;\">Cargador y soporte para su iPhone en el auto<\/span><\/p>\n<p><span style=\"font-weight: 400;\">Certificaci\u00f3n Internacional (FCC &#8211; CE \u2013 RoHS)<\/span><\/p>\n<p><b>Atenci\u00f3n \/ Importante<\/b><\/p>\n<p><span style=\"font-weight: 400;\">Nuevo cargador inal\u00e1mbrico 2023 de 15 watt compatible con modelos iPhone 12\/ 13\/ 14 y15 con carga inal\u00e1mbrica magn\u00e9tica, es decir, tecnolog\u00eda MagSafe.<\/span><\/p>\n<p><span style=\"font-weight: 400;\">Modelos compatibles: iPhone 12\/ 13\/ 14 \/ iPhone 12\/ 13\/ 14 mini \/ iPhone 12\/ 13\/ 14\/ 15 Pro \/ iPhone 12\/ 13\/ 14\/ 15 Pro Max.\u00a0<\/span><\/p>\n<p><b>Caracter\u00edsticas<\/b><\/p>\n<ul>\n<li><span style=\"font-weight: 400;\">Dise\u00f1o moderno, minimalista y funcional<\/span><\/li>\n<li><span style=\"font-weight: 400;\">Incluye soporte para rejilla de aire acondicionado con posici\u00f3n en 360\u00b0 m\u00e1s cable tipo C de 1 metro; Tipo C al cargador y USB-A (USB Normal) al tomacorriente del veh\u00edculo<\/span><\/li>\n<li><span style=\"font-weight: 400;\">Input: 9V \u2013 2A, 5V \u2013 2.4 A<\/span><\/li>\n<li><span style=\"font-weight: 400;\">Output: 15 w \/ 10 W \/ 7.5 W \/ 5 W<\/span><\/li>\n<li><span style=\"font-weight: 400;\">Protecci\u00f3n por subidas de voltaje, sobrecalentamientos y contra corto circuitos.<\/span><\/li>\n<li><span style=\"font-weight: 400;\">Detecci\u00f3n de cuerpos extra\u00f1os<\/span><\/li>\n<li><span style=\"font-weight: 400;\">Tecnolog\u00eda de carga r\u00e1pida Pawer Delivery PD de 15 watt<\/span><\/li>\n<\/ul>\n","protected":false},"excerpt":{"rendered":"<p>Cargador Inal\u00e1mbrico para Auto Carga R\u00e1pida de 15 watt Dise\u00f1o compacto y moderno elaborado para iPhone 12\/ 13\/ 14\/ 15 con tecnolog\u00eda MagSafe Cargador y soporte para su iPhone en el auto Certificaci\u00f3n Internacional (FCC &#8211; CE \u2013 RoHS) Atenci\u00f3n \/ Importante Nuevo cargador inal\u00e1mbrico 2023 de 15 watt compatible con modelos iPhone 12\/ 13\/ [&hellip;]<\/p>\n","protected":false},"featured_media":4501,"comment_status":"closed","ping_status":"closed","template":"","meta":[],"product_brand":[],"product_cat":[204,245,205,206,221],"product_tag":[292,293,291],"class_list":{"0":"post-4500","1":"product","2":"type-product","3":"status-publish","4":"has-post-thumbnail","6":"product_cat-cargadores-inalambricos","7":"product_cat-navidad-regalos","8":"product_cat-nuevos-productos","9":"product_cat-ofertas","10":"product_cat-qi-para-automoviles","11":"product_tag-13-pro-max","12":"product_tag-14-pro-max","13":"product_tag-compatible-iphone-12-pro-max","15":"first","16":"instock","17":"sale","18":"taxable","19":"shipping-taxable","20":"purchasable","21":"product-type-simple"},"_links":{"self":[{"href":"https:\/\/supersimpletienda.cl\/index.php\/wp-json\/wp\/v2\/product\/4500","targetHints":{"allow":["GET"]}}],"collection":[{"href":"https:\/\/supersimpletienda.cl\/index.php\/wp-json\/wp\/v2\/product"}],"about":[{"href":"https:\/\/supersimpletienda.cl\/index.php\/wp-json\/wp\/v2\/types\/product"}],"replies":[{"embeddable":true,"href":"https:\/\/supersimpletienda.cl\/index.php\/wp-json\/wp\/v2\/comments?post=4500"}],"version-history":[{"count":1,"href":"https:\/\/supersimpletienda.cl\/index.php\/wp-json\/wp\/v2\/product\/4500\/revisions"}],"predecessor-version":[{"id":5266,"href":"https:\/\/supersimpletienda.cl\/index.php\/wp-json\/wp\/v2\/product\/4500\/revisions\/5266"}],"wp:featuredmedia":[{"embeddable":true,"href":"https:\/\/supersimpletienda.cl\/index.php\/wp-json\/wp\/v2\/media\/4501"}],"wp:attachment":[{"href":"https:\/\/supersimpletienda.cl\/index.php\/wp-json\/wp\/v2\/media?parent=4500"}],"wp:term":[{"taxonomy":"product_brand","embeddable":true,"href":"https:\/\/supersimpletienda.cl\/index.php\/wp-json\/wp\/v2\/product_brand?post=4500"},{"taxonomy":"product_cat","embeddable":true,"href":"https:\/\/supersimpletienda.cl\/index.php\/wp-json\/wp\/v2\/product_cat?post=4500"},{"taxonomy":"product_tag","embeddable":true,"href":"https:\/\/supersimpletienda.cl\/index.php\/wp-json\/wp\/v2\/product_tag?post=4500"}],"curies":[{"name":"wp","href":"https:\/\/api.w.org\/{rel}","templated":true}]}}