{"id":4451,"date":"2024-07-17T13:42:09","date_gmt":"2024-07-17T13:42:09","guid":{"rendered":"https:\/\/supersimpletienda.cl\/?post_type=product&#038;p=4451"},"modified":"2024-12-02T13:56:45","modified_gmt":"2024-12-02T13:56:45","slug":"cargador-inalambrico-universal-para-auto-carga-rapida-15w-para-iphone-y-android","status":"publish","type":"product","link":"https:\/\/supersimpletienda.cl\/index.php\/producto\/cargador-inalambrico-universal-para-auto-carga-rapida-15w-para-iphone-y-android\/","title":{"rendered":"Cargador Inal\u00e1mbrico Universal para Auto Carga R\u00e1pida 15w para iPhone y Android"},"content":{"rendered":"<p><b>Soporte Con Carga Inal\u00e1mbrica Fast Charger para Samsung y Xiaomi<\/b><\/p>\n<p><span style=\"font-weight: 400;\">Cargador Inal\u00e1mbrico para Auto Carga R\u00e1pida de 15 watt<\/span><\/p>\n<p><span style=\"font-weight: 400;\">Compatible con iPhone 7 hasta iPhone 11 en todas sus variantes, desde el 12 requiere tecnolog\u00eda MagSafe<\/span><\/p>\n<p><span style=\"font-weight: 400;\">Adem\u00e1s, compatible con; Huawei \u2013 Xiaomi \u2013 Samsung \u2013 DELL \u2013 OPPO<\/span><\/p>\n<p><span style=\"font-weight: 400;\">Compatibilidad Universal; debe cerciorarse que su tel\u00e9fono tenga Carga Inal\u00e1mbrica Incorporada<\/span><\/p>\n<p><span style=\"font-weight: 400;\">Certificaci\u00f3n Internacional FCC &#8211; CE y RoHS<\/span><\/p>\n<p><b>Compatibilidad:<\/b><\/p>\n<ul>\n<li><span style=\"font-weight: 400;\">iPhone 11 \/ 11 PRO \/11 PRO MAX<\/span><\/li>\n<li><span style=\"font-weight: 400;\">iPhone 8 \/ 8 Plus \/ XR \/ XS<\/span><\/li>\n<li><span style=\"font-weight: 400;\">Samsung Note 10-10+-10+5G\/ S9 \/ S8 \u2013 Note &#8211; Flip\u00a0\u00a0<\/span><\/li>\n<li><span style=\"font-weight: 400;\">Huawei Mate 20 Pro \/ Mate 20 Pro RS \/ P30 Pro<\/span><\/li>\n<\/ul>\n<p><span style=\"font-weight: 400;\">Consulte por el suyo, con gusto le indicaremos a cuanto carga su m\u00f3vil ofreciendo la mejor opci\u00f3n.<\/span><\/p>\n<p><b>Caracter\u00edsticas<\/b><\/p>\n<ul>\n<li><span style=\"font-weight: 400;\">Cargador inal\u00e1mbrico Universal de 15 watt compatible con todos los tel\u00e9fonos con carga inal\u00e1mbrica incorporada.<\/span><\/li>\n<li><span style=\"font-weight: 400;\">Dise\u00f1o moderno, minimalista y funcional.<\/span><\/li>\n<li><span style=\"font-weight: 400;\">Incluye soporte para rejilla de aire acondicionado con posici\u00f3n en 360\u00b0 y ventosa para instalarlo en el tablero o bien al parabrisas.<\/span><\/li>\n<li><span style=\"font-weight: 400;\">Input Interface: USB-A (USB Normal) a la fuente de alimentaci\u00f3n del cargador del auto (Cable de alimentaci\u00f3n Tipo C a USB-A 3.2).<\/span><\/li>\n<li><span style=\"font-weight: 400;\">Input: 9V \u2013 2A, 5V \u2013 2.4 A<\/span><\/li>\n<li><span style=\"font-weight: 400;\">Output: 15 w \/ 10 W \/ 7.5 W \/ 5 W<\/span><\/li>\n<\/ul>\n","protected":false},"excerpt":{"rendered":"<p>Soporte Con Carga Inal\u00e1mbrica Fast Charger para Samsung y Xiaomi Cargador Inal\u00e1mbrico para Auto Carga R\u00e1pida de 15 watt Compatible con iPhone 7 hasta iPhone 11 en todas sus variantes, desde el 12 requiere tecnolog\u00eda MagSafe Adem\u00e1s, compatible con; Huawei \u2013 Xiaomi \u2013 Samsung \u2013 DELL \u2013 OPPO Compatibilidad Universal; debe cerciorarse que su tel\u00e9fono [&hellip;]<\/p>\n","protected":false},"featured_media":4452,"comment_status":"closed","ping_status":"closed","template":"","meta":[],"product_brand":[],"product_cat":[204,245,205,206,221],"product_tag":[289,290],"class_list":{"0":"post-4451","1":"product","2":"type-product","3":"status-publish","4":"has-post-thumbnail","6":"product_cat-cargadores-inalambricos","7":"product_cat-navidad-regalos","8":"product_cat-nuevos-productos","9":"product_cat-ofertas","10":"product_cat-qi-para-automoviles","11":"product_tag-compatible-iphone-11-e-inferior","12":"product_tag-samsung","14":"first","15":"instock","16":"sale","17":"taxable","18":"shipping-taxable","19":"purchasable","20":"product-type-simple"},"_links":{"self":[{"href":"https:\/\/supersimpletienda.cl\/index.php\/wp-json\/wp\/v2\/product\/4451","targetHints":{"allow":["GET"]}}],"collection":[{"href":"https:\/\/supersimpletienda.cl\/index.php\/wp-json\/wp\/v2\/product"}],"about":[{"href":"https:\/\/supersimpletienda.cl\/index.php\/wp-json\/wp\/v2\/types\/product"}],"replies":[{"embeddable":true,"href":"https:\/\/supersimpletienda.cl\/index.php\/wp-json\/wp\/v2\/comments?post=4451"}],"version-history":[{"count":1,"href":"https:\/\/supersimpletienda.cl\/index.php\/wp-json\/wp\/v2\/product\/4451\/revisions"}],"predecessor-version":[{"id":5265,"href":"https:\/\/supersimpletienda.cl\/index.php\/wp-json\/wp\/v2\/product\/4451\/revisions\/5265"}],"wp:featuredmedia":[{"embeddable":true,"href":"https:\/\/supersimpletienda.cl\/index.php\/wp-json\/wp\/v2\/media\/4452"}],"wp:attachment":[{"href":"https:\/\/supersimpletienda.cl\/index.php\/wp-json\/wp\/v2\/media?parent=4451"}],"wp:term":[{"taxonomy":"product_brand","embeddable":true,"href":"https:\/\/supersimpletienda.cl\/index.php\/wp-json\/wp\/v2\/product_brand?post=4451"},{"taxonomy":"product_cat","embeddable":true,"href":"https:\/\/supersimpletienda.cl\/index.php\/wp-json\/wp\/v2\/product_cat?post=4451"},{"taxonomy":"product_tag","embeddable":true,"href":"https:\/\/supersimpletienda.cl\/index.php\/wp-json\/wp\/v2\/product_tag?post=4451"}],"curies":[{"name":"wp","href":"https:\/\/api.w.org\/{rel}","templated":true}]}}