{"id":4439,"date":"2024-07-17T13:26:24","date_gmt":"2024-07-17T13:26:24","guid":{"rendered":"https:\/\/supersimpletienda.cl\/?post_type=product&#038;p=4439"},"modified":"2024-12-02T14:13:51","modified_gmt":"2024-12-02T14:13:51","slug":"cargador-inalambrico-carga-rapida-15w-compatible-con-samsung-galaxy","status":"publish","type":"product","link":"https:\/\/supersimpletienda.cl\/index.php\/producto\/cargador-inalambrico-carga-rapida-15w-compatible-con-samsung-galaxy\/","title":{"rendered":"Cargador Inal\u00e1mbrico Carga R\u00e1pida 15w Compatible con Samsung Galaxy"},"content":{"rendered":"<p><span style=\"font-weight: 400;\">Cargador Inal\u00e1mbrico compatibles con Samsung Galaxy Series S \/ Note y Flip \/ Xiaomi \/ Huawei con carga inal\u00e1mbrica integrada<\/span><\/p>\n<p><span style=\"font-weight: 400;\">Certificaci\u00f3n con Est\u00e1ndar QI por ello es compatible con gran variedad de marcas y modelos<\/span><\/p>\n<p><span style=\"font-weight: 400;\">Certificaci\u00f3n Internacional (FCC &#8211; CE \u2013 RoHS)<\/span><\/p>\n<p><b>Atenci\u00f3n \/ Importante<\/b><\/p>\n<p><span style=\"font-weight: 400;\">Los cargadores inal\u00e1mbricos son c\u00f3modos al simplemente colocar el tel\u00e9fono encima para comenzar a cargar, pero su velocidad es m\u00e1s pausada que la carga por cable debido a la p\u00e9rdida de energ\u00eda por distancia e interferencias. Por otro lado, la carga por cable es m\u00e1s r\u00e1pida al transferir energ\u00eda directamente a trav\u00e9s de la conexi\u00f3n f\u00edsica.<\/span><\/p>\n<p><b>Compatibilidad<\/b><\/p>\n<ul>\n<li><span style=\"font-weight: 400;\">Samsung Note 10-10+-10+5G\/ S9 \/ S8 \u2013 Note &#8211; Flip\u00a0\u00a0<\/span><\/li>\n<li><span style=\"font-weight: 400;\">Huawei Mate 20 Pro \/ Mate 20 Pro RS \/ P30 Pro<\/span><\/li>\n<\/ul>\n<p><span style=\"font-weight: 400;\">Consulte por el suyo, con gusto le indicaremos a cuanto carga su m\u00f3vil ofreciendo la mejor opci\u00f3n.<\/span><\/p>\n","protected":false},"excerpt":{"rendered":"<p>Cargador Inal\u00e1mbrico compatibles con Samsung Galaxy Series S \/ Note y Flip \/ Xiaomi \/ Huawei con carga inal\u00e1mbrica integrada Certificaci\u00f3n con Est\u00e1ndar QI por ello es compatible con gran variedad de marcas y modelos Certificaci\u00f3n Internacional (FCC &#8211; CE \u2013 RoHS) Atenci\u00f3n \/ Importante Los cargadores inal\u00e1mbricos son c\u00f3modos al simplemente colocar el tel\u00e9fono [&hellip;]<\/p>\n","protected":false},"featured_media":4446,"comment_status":"closed","ping_status":"closed","template":"","meta":[],"product_brand":[],"product_cat":[204,245,220],"product_tag":[304,294],"class_list":{"0":"post-4439","1":"product","2":"type-product","3":"status-publish","4":"has-post-thumbnail","6":"product_cat-cargadores-inalambricos","7":"product_cat-navidad-regalos","8":"product_cat-qi-para-escritorio","9":"product_tag-carga-rapida-15w","10":"product_tag-compatible-samsung-series-s","12":"first","13":"instock","14":"sale","15":"taxable","16":"shipping-taxable","17":"purchasable","18":"product-type-simple"},"_links":{"self":[{"href":"https:\/\/supersimpletienda.cl\/index.php\/wp-json\/wp\/v2\/product\/4439","targetHints":{"allow":["GET"]}}],"collection":[{"href":"https:\/\/supersimpletienda.cl\/index.php\/wp-json\/wp\/v2\/product"}],"about":[{"href":"https:\/\/supersimpletienda.cl\/index.php\/wp-json\/wp\/v2\/types\/product"}],"replies":[{"embeddable":true,"href":"https:\/\/supersimpletienda.cl\/index.php\/wp-json\/wp\/v2\/comments?post=4439"}],"version-history":[{"count":1,"href":"https:\/\/supersimpletienda.cl\/index.php\/wp-json\/wp\/v2\/product\/4439\/revisions"}],"predecessor-version":[{"id":5282,"href":"https:\/\/supersimpletienda.cl\/index.php\/wp-json\/wp\/v2\/product\/4439\/revisions\/5282"}],"wp:featuredmedia":[{"embeddable":true,"href":"https:\/\/supersimpletienda.cl\/index.php\/wp-json\/wp\/v2\/media\/4446"}],"wp:attachment":[{"href":"https:\/\/supersimpletienda.cl\/index.php\/wp-json\/wp\/v2\/media?parent=4439"}],"wp:term":[{"taxonomy":"product_brand","embeddable":true,"href":"https:\/\/supersimpletienda.cl\/index.php\/wp-json\/wp\/v2\/product_brand?post=4439"},{"taxonomy":"product_cat","embeddable":true,"href":"https:\/\/supersimpletienda.cl\/index.php\/wp-json\/wp\/v2\/product_cat?post=4439"},{"taxonomy":"product_tag","embeddable":true,"href":"https:\/\/supersimpletienda.cl\/index.php\/wp-json\/wp\/v2\/product_tag?post=4439"}],"curies":[{"name":"wp","href":"https:\/\/api.w.org\/{rel}","templated":true}]}}