{"id":4413,"date":"2024-07-17T13:28:23","date_gmt":"2024-07-17T13:28:23","guid":{"rendered":"https:\/\/supersimpletienda.cl\/?post_type=product&#038;p=4413"},"modified":"2024-12-02T14:11:39","modified_gmt":"2024-12-02T14:11:39","slug":"cargador-inalambrico-rapido-15w-3-en-1-para-samsung-galaxy-buds-y-galaxy-watch","status":"publish","type":"product","link":"https:\/\/supersimpletienda.cl\/index.php\/producto\/cargador-inalambrico-rapido-15w-3-en-1-para-samsung-galaxy-buds-y-galaxy-watch\/","title":{"rendered":"Cargador Inal\u00e1mbrico R\u00e1pido 15w 3 en 1 para Samsung Galaxy, Buds y Galaxy Watch"},"content":{"rendered":"<p><span style=\"font-weight: 400;\">Cargador Inal\u00e1mbrico 3 en 1 Carga R\u00e1pida de 15 watt<\/span><\/p>\n<p><span style=\"font-weight: 400;\">1.- Carga toda la Gama de Samsung Galaxy Series S, Galaxy Z Flip<\/span><\/p>\n<p><span style=\"font-weight: 400;\">2.- Galaxy Watch 3 \/ 4 \/ 5, Galaxy Watch Active 1 \/ 2<\/span><\/p>\n<p><span style=\"font-weight: 400;\">3.- Galaxy Buds 2 \u2013 Pro &#8211; +<\/span><\/p>\n<p><span style=\"font-weight: 400;\">Certificaci\u00f3n con Est\u00e1ndar QI<\/span><\/p>\n<p><span style=\"font-weight: 400;\">Certificaci\u00f3n Internacional (FCC &#8211; CE \u2013 RoHS)<\/span><\/p>\n<p><b>Atenci\u00f3n \/ Importante<\/b><\/p>\n<p><span style=\"font-weight: 400;\">Con esta nueva Estaci\u00f3n de carga 3 en 1 Multifuncional podr\u00e1s cargar todos tus dispositivos Samsung de una sola vez.<\/span><\/p>\n<p><span style=\"font-weight: 400;\">Los cargadores inal\u00e1mbricos para smartphones son muy convenientes y f\u00e1ciles de usar, ya que solo se necesita colocar el tel\u00e9fono sobre la superficie del cargador para que empiece a cargarse. Sin embargo, es importante tener en cuenta que la velocidad de carga inal\u00e1mbrica puede ser m\u00e1s lenta que la carga con cable.<\/span><\/p>\n<p><span style=\"font-weight: 400;\">Para lograr Carga Inal\u00e1mbrica R\u00e1pida de 15 watt se debe conectar a un cargador de pared de 18w o superior con entradas USB &#8211; A (USB Normal).<\/span><\/p>\n<p><span style=\"font-weight: 400;\">Cable incluido de 1 metro con USB &#8211; C al cargador inal\u00e1mbrico y USB &#8211; A hacia el cargador de pared.<\/span><\/p>\n<p><b>Caracter\u00edsticas<\/b><\/p>\n<ul>\n<li><span style=\"font-weight: 400;\">Marca: KuuLaa<\/span><\/li>\n<li><span style=\"font-weight: 400;\">Material: Aleaci\u00f3n de Pl\u00e1stico con Acr\u00edlico<\/span><\/li>\n<li><span style=\"font-weight: 400;\">Color: Negro<\/span><\/li>\n<li><span style=\"font-weight: 400;\">Interface: Tipo C<\/span><\/li>\n<li><span style=\"font-weight: 400;\">Input: 5V \u2013 3A \/ 9V \u2013 2A \/ 15V \u2013 1.5\u00aa<\/span><\/li>\n<li><span style=\"font-weight: 400;\">Output: 15w &#8211; 10w &#8211; 7.5w &#8211; 5w\u00a0<\/span><\/li>\n<li><span style=\"font-weight: 400;\">Protecci\u00f3n por subidas de voltaje, sobrecalentamientos y corto circuitos.<\/span><\/li>\n<li><span style=\"font-weight: 400;\">Detecci\u00f3n de cuerpos extra\u00f1os.<\/span><\/li>\n<li><span style=\"font-weight: 400;\">Incluidos en la caja: Cargador inal\u00e1mbrico y cable Tipo C\u00a0 a Tipo C de 1m de largo para alimentaci\u00f3n.<\/span><\/li>\n<\/ul>\n","protected":false},"excerpt":{"rendered":"<p>Cargador Inal\u00e1mbrico 3 en 1 Carga R\u00e1pida de 15 watt 1.- Carga toda la Gama de Samsung Galaxy Series S, Galaxy Z Flip 2.- Galaxy Watch 3 \/ 4 \/ 5, Galaxy Watch Active 1 \/ 2 3.- Galaxy Buds 2 \u2013 Pro &#8211; + Certificaci\u00f3n con Est\u00e1ndar QI Certificaci\u00f3n Internacional (FCC &#8211; CE \u2013 [&hellip;]<\/p>\n","protected":false},"featured_media":4414,"comment_status":"closed","ping_status":"closed","template":"","meta":[],"product_brand":[],"product_cat":[204,245,220],"product_tag":[294,295,296,306],"class_list":{"0":"post-4413","1":"product","2":"type-product","3":"status-publish","4":"has-post-thumbnail","6":"product_cat-cargadores-inalambricos","7":"product_cat-navidad-regalos","8":"product_cat-qi-para-escritorio","9":"product_tag-compatible-samsung-series-s","10":"product_tag-flip","11":"product_tag-note","12":"product_tag-z","14":"first","15":"instock","16":"sale","17":"taxable","18":"shipping-taxable","19":"purchasable","20":"product-type-simple"},"_links":{"self":[{"href":"https:\/\/supersimpletienda.cl\/index.php\/wp-json\/wp\/v2\/product\/4413","targetHints":{"allow":["GET"]}}],"collection":[{"href":"https:\/\/supersimpletienda.cl\/index.php\/wp-json\/wp\/v2\/product"}],"about":[{"href":"https:\/\/supersimpletienda.cl\/index.php\/wp-json\/wp\/v2\/types\/product"}],"replies":[{"embeddable":true,"href":"https:\/\/supersimpletienda.cl\/index.php\/wp-json\/wp\/v2\/comments?post=4413"}],"version-history":[{"count":1,"href":"https:\/\/supersimpletienda.cl\/index.php\/wp-json\/wp\/v2\/product\/4413\/revisions"}],"predecessor-version":[{"id":5280,"href":"https:\/\/supersimpletienda.cl\/index.php\/wp-json\/wp\/v2\/product\/4413\/revisions\/5280"}],"wp:featuredmedia":[{"embeddable":true,"href":"https:\/\/supersimpletienda.cl\/index.php\/wp-json\/wp\/v2\/media\/4414"}],"wp:attachment":[{"href":"https:\/\/supersimpletienda.cl\/index.php\/wp-json\/wp\/v2\/media?parent=4413"}],"wp:term":[{"taxonomy":"product_brand","embeddable":true,"href":"https:\/\/supersimpletienda.cl\/index.php\/wp-json\/wp\/v2\/product_brand?post=4413"},{"taxonomy":"product_cat","embeddable":true,"href":"https:\/\/supersimpletienda.cl\/index.php\/wp-json\/wp\/v2\/product_cat?post=4413"},{"taxonomy":"product_tag","embeddable":true,"href":"https:\/\/supersimpletienda.cl\/index.php\/wp-json\/wp\/v2\/product_tag?post=4413"}],"curies":[{"name":"wp","href":"https:\/\/api.w.org\/{rel}","templated":true}]}}