{"id":4409,"date":"2024-07-17T13:29:20","date_gmt":"2024-07-17T13:29:20","guid":{"rendered":"https:\/\/supersimpletienda.cl\/?post_type=product&#038;p=4409"},"modified":"2024-12-02T14:10:58","modified_gmt":"2024-12-02T14:10:58","slug":"cargador-inalambrico-para-iphone-13-12-11-xr-xs-8-estacion-de-carga-3-en-1-iphone-apple-watch-y-airpods","status":"publish","type":"product","link":"https:\/\/supersimpletienda.cl\/index.php\/producto\/cargador-inalambrico-para-iphone-13-12-11-xr-xs-8-estacion-de-carga-3-en-1-iphone-apple-watch-y-airpods\/","title":{"rendered":"Cargador Inal\u00e1mbrico para iPhone 13 12 11 XR XS 8, Estaci\u00f3n de Carga 3 en 1 iPhone, Apple Watch y AirPods"},"content":{"rendered":"<p><span style=\"font-weight: 400;\">Cargador inal\u00e1mbrico 3 en 1 Ultradelgado Carga R\u00e1pida de 15 watt<\/span><\/p>\n<p><span style=\"font-weight: 400;\">Certificaci\u00f3n con Est\u00e1ndar QI \u2013 Compatibilidad con gran Variedad de Marcas y Modelos<\/span><\/p>\n<p><span style=\"font-weight: 400;\">Certificaci\u00f3n Internacional FCC &#8211; CE yu RoHS<\/span><\/p>\n<p><b>Atenci\u00f3n \/ Importante<\/b><\/p>\n<p><span style=\"font-weight: 400;\">Con esta nueva Estaci\u00f3n de carga 3 en 1 Multifuncional podr\u00e1s cargar todos sus dispositivos Apple de una sola vez; iPhone, Apple Watch y AirPods.<\/span><\/p>\n<p><span style=\"font-weight: 400;\">Optimiza la carga de tus dispositivos con una base de carga que elimina las molestas esperas. Aprovecha la conveniencia de la carga inal\u00e1mbrica. Esta base compacta ahorra espacio en tu escritorio. Su dise\u00f1o antideslizante mantiene tus dispositivos seguros durante la carga, mientras que las luces LED indican el progreso de carga. \u00a1Di adi\u00f3s a los cables y disfruta de una carga!<\/span><\/p>\n<p><b>Compatibilidad<\/b><\/p>\n<ul>\n<li><span style=\"font-weight: 400;\">iPhone 13 \/ 12 \/ 11 (Pro, Pro Max \u2013 Mini), XR, XS Max, XS, X, 8, 8 Plus<\/span><span style=\"font-weight: 400;\"><br \/>\n<\/span><\/li>\n<li><span style=\"font-weight: 400;\">Samsung Galaxy Series S \u2013 S21 &#8211; S20 &#8211; S10\u00a0 &#8211; S9 &#8211;\u00a0 S8, Series Note 10 \/ 9<\/span><\/li>\n<li><span style=\"font-weight: 400;\">Xiaomi \u2013 Huawei<\/span><\/li>\n<li><span style=\"font-weight: 400;\">Tambi\u00e9n podr\u00e1s cargar todos tus dispositivos de una sola vez.<\/span><\/li>\n<\/ul>\n<p><b>Especificaciones T\u00e9cnicas<\/b><\/p>\n<ul>\n<li><span style=\"font-weight: 400;\">Marca: KuuLaa<\/span><\/li>\n<li><span style=\"font-weight: 400;\">Material: Aleaci\u00f3n de Pl\u00e1stico con Acr\u00edlico<\/span><\/li>\n<li><span style=\"font-weight: 400;\">Color: Negro<\/span><\/li>\n<li><span style=\"font-weight: 400;\">Interface: Tipo C<\/span><\/li>\n<li><span style=\"font-weight: 400;\">Input: 5V \u2013 3A \/ 9V \u2013 2A \/ 15V \u2013 1.5\u00aa<\/span><\/li>\n<li><span style=\"font-weight: 400;\">Output: 15w &#8211; 10w &#8211; 7.5w &#8211; 5w\u00a0<\/span><\/li>\n<li><span style=\"font-weight: 400;\">Medidas: 165 x 141 x 13mm<\/span><\/li>\n<\/ul>\n","protected":false},"excerpt":{"rendered":"<p>Cargador inal\u00e1mbrico 3 en 1 Ultradelgado Carga R\u00e1pida de 15 watt Certificaci\u00f3n con Est\u00e1ndar QI \u2013 Compatibilidad con gran Variedad de Marcas y Modelos Certificaci\u00f3n Internacional FCC &#8211; CE yu RoHS Atenci\u00f3n \/ Importante Con esta nueva Estaci\u00f3n de carga 3 en 1 Multifuncional podr\u00e1s cargar todos sus dispositivos Apple de una sola vez; iPhone, [&hellip;]<\/p>\n","protected":false},"featured_media":4410,"comment_status":"closed","ping_status":"closed","template":"","meta":[],"product_brand":[],"product_cat":[204,220],"product_tag":[304,305],"class_list":{"0":"post-4409","1":"product","2":"type-product","3":"status-publish","4":"has-post-thumbnail","6":"product_cat-cargadores-inalambricos","7":"product_cat-qi-para-escritorio","8":"product_tag-carga-rapida-15w","9":"product_tag-compatible-iphone-13-e-inferior","11":"first","12":"instock","13":"sale","14":"taxable","15":"shipping-taxable","16":"purchasable","17":"product-type-simple"},"_links":{"self":[{"href":"https:\/\/supersimpletienda.cl\/index.php\/wp-json\/wp\/v2\/product\/4409","targetHints":{"allow":["GET"]}}],"collection":[{"href":"https:\/\/supersimpletienda.cl\/index.php\/wp-json\/wp\/v2\/product"}],"about":[{"href":"https:\/\/supersimpletienda.cl\/index.php\/wp-json\/wp\/v2\/types\/product"}],"replies":[{"embeddable":true,"href":"https:\/\/supersimpletienda.cl\/index.php\/wp-json\/wp\/v2\/comments?post=4409"}],"version-history":[{"count":1,"href":"https:\/\/supersimpletienda.cl\/index.php\/wp-json\/wp\/v2\/product\/4409\/revisions"}],"predecessor-version":[{"id":5279,"href":"https:\/\/supersimpletienda.cl\/index.php\/wp-json\/wp\/v2\/product\/4409\/revisions\/5279"}],"wp:featuredmedia":[{"embeddable":true,"href":"https:\/\/supersimpletienda.cl\/index.php\/wp-json\/wp\/v2\/media\/4410"}],"wp:attachment":[{"href":"https:\/\/supersimpletienda.cl\/index.php\/wp-json\/wp\/v2\/media?parent=4409"}],"wp:term":[{"taxonomy":"product_brand","embeddable":true,"href":"https:\/\/supersimpletienda.cl\/index.php\/wp-json\/wp\/v2\/product_brand?post=4409"},{"taxonomy":"product_cat","embeddable":true,"href":"https:\/\/supersimpletienda.cl\/index.php\/wp-json\/wp\/v2\/product_cat?post=4409"},{"taxonomy":"product_tag","embeddable":true,"href":"https:\/\/supersimpletienda.cl\/index.php\/wp-json\/wp\/v2\/product_tag?post=4409"}],"curies":[{"name":"wp","href":"https:\/\/api.w.org\/{rel}","templated":true}]}}