{"id":4401,"date":"2024-07-17T13:32:12","date_gmt":"2024-07-17T13:32:12","guid":{"rendered":"https:\/\/supersimpletienda.cl\/?post_type=product&#038;p=4401"},"modified":"2024-12-02T14:09:18","modified_gmt":"2024-12-02T14:09:18","slug":"cargador-magsafe-3-en-1-de-15-w-para-iphone-apple-watch-y-airpods-diseno-metalizado","status":"publish","type":"product","link":"https:\/\/supersimpletienda.cl\/index.php\/producto\/cargador-magsafe-3-en-1-de-15-w-para-iphone-apple-watch-y-airpods-diseno-metalizado\/","title":{"rendered":"Cargador MagSafe 3 en 1 de 15 W para iPhone, Apple Watch y AirPods, dise\u00f1o metalizado"},"content":{"rendered":"<p><span style=\"font-weight: 400;\">Cargador Inal\u00e1mbrico MagSafe dise\u00f1ado en Aluminio, 3 en 1 ultradelgado Carga R\u00e1pida de 15 watt<\/span><\/p>\n<p><span style=\"font-weight: 400;\">Certificaci\u00f3n con est\u00e1ndar y tecnolog\u00eda QI<\/span><\/p>\n<p><span style=\"font-weight: 400;\">Compatible con iPhone 12 \/ 13 \/ 14 y 15 en todas sus variantes<\/span><\/p>\n<p><span style=\"font-weight: 400;\">Adem\u00e1s, podr\u00e1s cargar tus AirPods y tu SmartWatch al mismo tiempo\u00a0<\/span><\/p>\n<p><span style=\"font-weight: 400;\">Certificaci\u00f3n Internacional (FCC &#8211; CE \u2013 RoHS)<\/span><\/p>\n<p><b>Atenci\u00f3n \/ Importante<\/b><\/p>\n<p><span style=\"font-weight: 400;\">Con esta nueva Estaci\u00f3n de carga 3 en 1 Multifuncional podr\u00e1s cargar todos sus dispositivos Apple de una sola vez; iPhone, Apple Watch y AirPods.<\/span><\/p>\n<p><span style=\"font-weight: 400;\">Optimiza la carga de tus dispositivos con una base de carga que elimina las molestas esperas. Aprovecha la conveniencia de la carga inal\u00e1mbrica. Esta base compacta ahorra espacio en tu escritorio. Su dise\u00f1o antideslizante mantiene tus dispositivos seguros durante la carga, mientras que las luces LED indican el progreso de carga. \u00a1Di adi\u00f3s a los cables y disfruta de una carga sin interrupciones!<\/span><\/p>\n<p><b>Caracter\u00edsticas<\/b><\/p>\n<ul>\n<li><span style=\"font-weight: 400;\">Marca: KuuLaa<\/span><\/li>\n<li><span style=\"font-weight: 400;\">Material: Aleaci\u00f3n de Aluminio\u00a0<\/span><\/li>\n<li><span style=\"font-weight: 400;\">Color: Blanco<\/span><\/li>\n<li><span style=\"font-weight: 400;\">Interface: Tipo C<\/span><\/li>\n<li><span style=\"font-weight: 400;\">Input: 5V \u2013 3A \/ 9V \u2013 2A \/ 15V \u2013 1.5\u00aa<\/span><\/li>\n<li><span style=\"font-weight: 400;\">Output: 15w &#8211; 10w &#8211; 7.5w &#8211; 5w\u00a0<\/span><\/li>\n<li><span style=\"font-weight: 400;\">Protecci\u00f3n por subidas de voltaje, sobrecalentamientos y corto circuitos.<\/span><\/li>\n<li><span style=\"font-weight: 400;\">Detecci\u00f3n de cuerpos extra\u00f1os.<\/span><\/li>\n<li><span style=\"font-weight: 400;\">Incluidos en la caja: Cargador inal\u00e1mbrico plegable, cable Tipo C a USB-A de 1m de largo para alimentaci\u00f3n.<\/span><\/li>\n<\/ul>\n","protected":false},"excerpt":{"rendered":"<p>Cargador Inal\u00e1mbrico MagSafe dise\u00f1ado en Aluminio, 3 en 1 ultradelgado Carga R\u00e1pida de 15 watt Certificaci\u00f3n con est\u00e1ndar y tecnolog\u00eda QI Compatible con iPhone 12 \/ 13 \/ 14 y 15 en todas sus variantes Adem\u00e1s, podr\u00e1s cargar tus AirPods y tu SmartWatch al mismo tiempo\u00a0 Certificaci\u00f3n Internacional (FCC &#8211; CE \u2013 RoHS) Atenci\u00f3n \/ [&hellip;]<\/p>\n","protected":false},"featured_media":4403,"comment_status":"closed","ping_status":"closed","template":"","meta":[],"product_brand":[],"product_cat":[204,245,220],"product_tag":[304,291],"class_list":{"0":"post-4401","1":"product","2":"type-product","3":"status-publish","4":"has-post-thumbnail","6":"product_cat-cargadores-inalambricos","7":"product_cat-navidad-regalos","8":"product_cat-qi-para-escritorio","9":"product_tag-carga-rapida-15w","10":"product_tag-compatible-iphone-12-pro-max","12":"first","13":"instock","14":"sale","15":"taxable","16":"shipping-taxable","17":"purchasable","18":"product-type-simple"},"_links":{"self":[{"href":"https:\/\/supersimpletienda.cl\/index.php\/wp-json\/wp\/v2\/product\/4401","targetHints":{"allow":["GET"]}}],"collection":[{"href":"https:\/\/supersimpletienda.cl\/index.php\/wp-json\/wp\/v2\/product"}],"about":[{"href":"https:\/\/supersimpletienda.cl\/index.php\/wp-json\/wp\/v2\/types\/product"}],"replies":[{"embeddable":true,"href":"https:\/\/supersimpletienda.cl\/index.php\/wp-json\/wp\/v2\/comments?post=4401"}],"version-history":[{"count":1,"href":"https:\/\/supersimpletienda.cl\/index.php\/wp-json\/wp\/v2\/product\/4401\/revisions"}],"predecessor-version":[{"id":5277,"href":"https:\/\/supersimpletienda.cl\/index.php\/wp-json\/wp\/v2\/product\/4401\/revisions\/5277"}],"wp:featuredmedia":[{"embeddable":true,"href":"https:\/\/supersimpletienda.cl\/index.php\/wp-json\/wp\/v2\/media\/4403"}],"wp:attachment":[{"href":"https:\/\/supersimpletienda.cl\/index.php\/wp-json\/wp\/v2\/media?parent=4401"}],"wp:term":[{"taxonomy":"product_brand","embeddable":true,"href":"https:\/\/supersimpletienda.cl\/index.php\/wp-json\/wp\/v2\/product_brand?post=4401"},{"taxonomy":"product_cat","embeddable":true,"href":"https:\/\/supersimpletienda.cl\/index.php\/wp-json\/wp\/v2\/product_cat?post=4401"},{"taxonomy":"product_tag","embeddable":true,"href":"https:\/\/supersimpletienda.cl\/index.php\/wp-json\/wp\/v2\/product_tag?post=4401"}],"curies":[{"name":"wp","href":"https:\/\/api.w.org\/{rel}","templated":true}]}}