{"id":4391,"date":"2024-07-17T13:35:02","date_gmt":"2024-07-17T13:35:02","guid":{"rendered":"https:\/\/supersimpletienda.cl\/?post_type=product&#038;p=4391"},"modified":"2024-12-02T14:43:15","modified_gmt":"2024-12-02T14:43:15","slug":"cargador-inalambrico-magsafe-15w-para-iphone-12-13-14-y-15","status":"publish","type":"product","link":"https:\/\/supersimpletienda.cl\/index.php\/producto\/cargador-inalambrico-magsafe-15w-para-iphone-12-13-14-y-15\/","title":{"rendered":"Cargador Inal\u00e1mbrico MagSafe 15w Para IPhone 12 13 14 y 15"},"content":{"rendered":"<p><span style=\"font-weight: 400;\">Cargador inal\u00e1mbrico Magn\u00e9tico marca KuuLaa para IPhone 12 13 14 y 15\u00a0<\/span><\/p>\n<p><span style=\"font-weight: 400;\">Carga R\u00e1pida de 15 watt<\/span><\/p>\n<p><span style=\"font-weight: 400;\">Certificaci\u00f3n con Est\u00e1ndar QI, compatible con tecnolog\u00eda MagSafe la cual viene desde los iPhone 12 hacia arriba<\/span><\/p>\n<p><span style=\"font-weight: 400;\">Certificaci\u00f3n Internacional FCC &#8211; CE y RoHS<\/span><\/p>\n<p><b>Atenci\u00f3n \/ Importante<\/b><\/p>\n<p><span style=\"font-weight: 400;\">Los cargadores inal\u00e1mbricos son c\u00f3modos al simplemente colocar el tel\u00e9fono encima para comenzar a cargar, pero su velocidad es m\u00e1s pausada que la carga por cable debido a la p\u00e9rdida de energ\u00eda por distancia e interferencias. Por otro lado, la carga por cable es m\u00e1s r\u00e1pida al transferir energ\u00eda directamente a trav\u00e9s de la conexi\u00f3n f\u00edsica.<\/span><\/p>\n<p><b>Caracter\u00edsticas<\/b><\/p>\n<ul>\n<li><span style=\"font-weight: 400;\">Protecci\u00f3n por subidas de voltaje y sobrecalentamientos.<\/span><\/li>\n<li><span style=\"font-weight: 400;\">Protecci\u00f3n contra corto circuitos.<\/span><\/li>\n<li><span style=\"font-weight: 400;\">Detecci\u00f3n de cuerpos extra\u00f1os.<\/span><\/li>\n<li><span style=\"font-weight: 400;\">Cargadores con certificaci\u00f3n internacional; CE y RoHS.<\/span><\/li>\n<\/ul>\n<p><b>Incluidos en la caja:<\/b><\/p>\n<ul>\n<li><span style=\"font-weight: 400;\">Cargador inal\u00e1mbrico.<\/span><\/li>\n<li><span style=\"font-weight: 400;\">Cable Tipo C de 80 cm de largo para alimentaci\u00f3n del cargador integrado en la base del cargador.<\/span><\/li>\n<\/ul>\n","protected":false},"excerpt":{"rendered":"<p>Cargador inal\u00e1mbrico Magn\u00e9tico marca KuuLaa para IPhone 12 13 14 y 15\u00a0 Carga R\u00e1pida de 15 watt Certificaci\u00f3n con Est\u00e1ndar QI, compatible con tecnolog\u00eda MagSafe la cual viene desde los iPhone 12 hacia arriba Certificaci\u00f3n Internacional FCC &#8211; CE y RoHS Atenci\u00f3n \/ Importante Los cargadores inal\u00e1mbricos son c\u00f3modos al simplemente colocar el tel\u00e9fono encima [&hellip;]<\/p>\n","protected":false},"featured_media":4394,"comment_status":"closed","ping_status":"closed","template":"","meta":[],"product_brand":[],"product_cat":[204,220],"product_tag":[299,300,301,302,291],"class_list":{"0":"post-4391","1":"product","2":"type-product","3":"status-publish","4":"has-post-thumbnail","6":"product_cat-cargadores-inalambricos","7":"product_cat-qi-para-escritorio","8":"product_tag-299","9":"product_tag-300","10":"product_tag-301","11":"product_tag-16-pro-max","12":"product_tag-compatible-iphone-12-pro-max","14":"first","15":"instock","16":"sale","17":"taxable","18":"shipping-taxable","19":"purchasable","20":"product-type-simple"},"_links":{"self":[{"href":"https:\/\/supersimpletienda.cl\/index.php\/wp-json\/wp\/v2\/product\/4391","targetHints":{"allow":["GET"]}}],"collection":[{"href":"https:\/\/supersimpletienda.cl\/index.php\/wp-json\/wp\/v2\/product"}],"about":[{"href":"https:\/\/supersimpletienda.cl\/index.php\/wp-json\/wp\/v2\/types\/product"}],"replies":[{"embeddable":true,"href":"https:\/\/supersimpletienda.cl\/index.php\/wp-json\/wp\/v2\/comments?post=4391"}],"version-history":[{"count":1,"href":"https:\/\/supersimpletienda.cl\/index.php\/wp-json\/wp\/v2\/product\/4391\/revisions"}],"predecessor-version":[{"id":5275,"href":"https:\/\/supersimpletienda.cl\/index.php\/wp-json\/wp\/v2\/product\/4391\/revisions\/5275"}],"wp:featuredmedia":[{"embeddable":true,"href":"https:\/\/supersimpletienda.cl\/index.php\/wp-json\/wp\/v2\/media\/4394"}],"wp:attachment":[{"href":"https:\/\/supersimpletienda.cl\/index.php\/wp-json\/wp\/v2\/media?parent=4391"}],"wp:term":[{"taxonomy":"product_brand","embeddable":true,"href":"https:\/\/supersimpletienda.cl\/index.php\/wp-json\/wp\/v2\/product_brand?post=4391"},{"taxonomy":"product_cat","embeddable":true,"href":"https:\/\/supersimpletienda.cl\/index.php\/wp-json\/wp\/v2\/product_cat?post=4391"},{"taxonomy":"product_tag","embeddable":true,"href":"https:\/\/supersimpletienda.cl\/index.php\/wp-json\/wp\/v2\/product_tag?post=4391"}],"curies":[{"name":"wp","href":"https:\/\/api.w.org\/{rel}","templated":true}]}}