{"id":3836,"date":"2024-07-17T13:23:02","date_gmt":"2024-07-17T13:23:02","guid":{"rendered":"https:\/\/supersimpletienda.cl\/?post_type=product&#038;p=3836"},"modified":"2024-12-02T14:44:52","modified_gmt":"2024-12-02T14:44:52","slug":"funda-urbancase-de-silicona-para-control-xiaomi-mi-box","status":"publish","type":"product","link":"https:\/\/supersimpletienda.cl\/index.php\/producto\/funda-urbancase-de-silicona-para-control-xiaomi-mi-box\/","title":{"rendered":"Funda UrbanCase de silicona para control Xiaomi Mi Box \/ Negro"},"content":{"rendered":"<p><strong>Compatibilidad <\/strong><\/p>\n<p>Funda UrbanCase especialmente dise\u00f1ada para controles remoto Xiaomi Mi Box S y Xiaomi Mi Box 4X.<\/p>\n<p><strong>Caracter\u00edsticas<\/strong><\/p>\n<ul>\n<li>Calidad certificada; no t\u00f3xica para la familia y\/o mascotas<\/li>\n<li>Antideslizante; por lo que evita ca\u00eddas<\/li>\n<li>Lavable y textura agradable al agarre<\/li>\n<li>Calce perfecto en su control remoto<\/li>\n<li>Incluye Cord\u00f3n, por lo que brinda mayor seguridad<\/li>\n<\/ul>\n","protected":false},"excerpt":{"rendered":"<p>Compatibilidad Funda UrbanCase especialmente dise\u00f1ada para controles remoto Xiaomi Mi Box S y Xiaomi Mi Box 4X. Caracter\u00edsticas Calidad certificada; no t\u00f3xica para la familia y\/o mascotas Antideslizante; por lo que evita ca\u00eddas Lavable y textura agradable al agarre Calce perfecto en su control remoto Incluye Cord\u00f3n, por lo que brinda mayor seguridad<\/p>\n","protected":false},"featured_media":3838,"comment_status":"closed","ping_status":"closed","template":"","meta":[],"product_brand":[],"product_cat":[206,213,199],"product_tag":[310],"class_list":{"0":"post-3836","1":"product","2":"type-product","3":"status-publish","4":"has-post-thumbnail","6":"product_cat-ofertas","7":"product_cat-xiaomi","8":"product_cat-protectores-urban-case","9":"product_tag-funda-para-xiaomi-mi-box","11":"first","12":"instock","13":"sale","14":"taxable","15":"shipping-taxable","16":"purchasable","17":"product-type-simple"},"_links":{"self":[{"href":"https:\/\/supersimpletienda.cl\/index.php\/wp-json\/wp\/v2\/product\/3836","targetHints":{"allow":["GET"]}}],"collection":[{"href":"https:\/\/supersimpletienda.cl\/index.php\/wp-json\/wp\/v2\/product"}],"about":[{"href":"https:\/\/supersimpletienda.cl\/index.php\/wp-json\/wp\/v2\/types\/product"}],"replies":[{"embeddable":true,"href":"https:\/\/supersimpletienda.cl\/index.php\/wp-json\/wp\/v2\/comments?post=3836"}],"version-history":[{"count":1,"href":"https:\/\/supersimpletienda.cl\/index.php\/wp-json\/wp\/v2\/product\/3836\/revisions"}],"predecessor-version":[{"id":5285,"href":"https:\/\/supersimpletienda.cl\/index.php\/wp-json\/wp\/v2\/product\/3836\/revisions\/5285"}],"wp:featuredmedia":[{"embeddable":true,"href":"https:\/\/supersimpletienda.cl\/index.php\/wp-json\/wp\/v2\/media\/3838"}],"wp:attachment":[{"href":"https:\/\/supersimpletienda.cl\/index.php\/wp-json\/wp\/v2\/media?parent=3836"}],"wp:term":[{"taxonomy":"product_brand","embeddable":true,"href":"https:\/\/supersimpletienda.cl\/index.php\/wp-json\/wp\/v2\/product_brand?post=3836"},{"taxonomy":"product_cat","embeddable":true,"href":"https:\/\/supersimpletienda.cl\/index.php\/wp-json\/wp\/v2\/product_cat?post=3836"},{"taxonomy":"product_tag","embeddable":true,"href":"https:\/\/supersimpletienda.cl\/index.php\/wp-json\/wp\/v2\/product_tag?post=3836"}],"curies":[{"name":"wp","href":"https:\/\/api.w.org\/{rel}","templated":true}]}}