{"id":3832,"date":"2024-07-17T13:24:10","date_gmt":"2024-07-17T13:24:10","guid":{"rendered":"https:\/\/supersimpletienda.cl\/?post_type=product&#038;p=3832"},"modified":"2024-12-02T14:44:35","modified_gmt":"2024-12-02T14:44:35","slug":"funda-urbancase-para-xiaomi-realme-4k-google-tv","status":"publish","type":"product","link":"https:\/\/supersimpletienda.cl\/index.php\/producto\/funda-urbancase-para-xiaomi-realme-4k-google-tv\/","title":{"rendered":"Funda UrbanCase para Xiaomi Realme 4K Google TV \/ Negro"},"content":{"rendered":"<p><strong>Compatibilidad<\/strong><\/p>\n<p>Funda UrbanCase para controles Xiaomi Realme 4K Google TV, modelos aplicables:<\/p>\n<ul>\n<li>Realme TV Stick<\/li>\n<li>Realme TV Stick 4K<\/li>\n<li>Realme Smart TV<\/li>\n<li>Realme SLED<\/li>\n<li>Realme Smart TV SLED 4K<\/li>\n<li>Realme Smart TV 4K<\/li>\n<li>Realme Smart TV Full HD<\/li>\n<li>Realme Smart TV Neo<\/li>\n<li>Realme 4K Smart Google TV Stick Versi\u00f3n global<\/li>\n<\/ul>\n<p><strong>Caracter\u00edsticas<\/strong><\/p>\n<ul>\n<li>Calidad certificada; no t\u00f3xica para la familia y\/o mascotas<\/li>\n<li>Antideslizante; por lo que evita ca\u00eddas<\/li>\n<li>Lavable y textura agradable al agarre<\/li>\n<li>Calce perfecto en su control remoto<\/li>\n<li>Incluye Cord\u00f3n, por lo que brinda mayor seguridad<\/li>\n<\/ul>\n","protected":false},"excerpt":{"rendered":"<p>Compatibilidad Funda UrbanCase para controles Xiaomi Realme 4K Google TV, modelos aplicables: Realme TV Stick Realme TV Stick 4K Realme Smart TV Realme SLED Realme Smart TV SLED 4K Realme Smart TV 4K Realme Smart TV Full HD Realme Smart TV Neo Realme 4K Smart Google TV Stick Versi\u00f3n global Caracter\u00edsticas Calidad certificada; no t\u00f3xica [&hellip;]<\/p>\n","protected":false},"featured_media":3834,"comment_status":"closed","ping_status":"closed","template":"","meta":[],"product_brand":[],"product_cat":[206,213,199],"product_tag":[309],"class_list":{"0":"post-3832","1":"product","2":"type-product","3":"status-publish","4":"has-post-thumbnail","6":"product_cat-ofertas","7":"product_cat-xiaomi","8":"product_cat-protectores-urban-case","9":"product_tag-funda-para-xiaomi-realme-4k-google-tv","11":"first","12":"instock","13":"sale","14":"taxable","15":"shipping-taxable","16":"purchasable","17":"product-type-simple"},"_links":{"self":[{"href":"https:\/\/supersimpletienda.cl\/index.php\/wp-json\/wp\/v2\/product\/3832","targetHints":{"allow":["GET"]}}],"collection":[{"href":"https:\/\/supersimpletienda.cl\/index.php\/wp-json\/wp\/v2\/product"}],"about":[{"href":"https:\/\/supersimpletienda.cl\/index.php\/wp-json\/wp\/v2\/types\/product"}],"replies":[{"embeddable":true,"href":"https:\/\/supersimpletienda.cl\/index.php\/wp-json\/wp\/v2\/comments?post=3832"}],"version-history":[{"count":1,"href":"https:\/\/supersimpletienda.cl\/index.php\/wp-json\/wp\/v2\/product\/3832\/revisions"}],"predecessor-version":[{"id":5284,"href":"https:\/\/supersimpletienda.cl\/index.php\/wp-json\/wp\/v2\/product\/3832\/revisions\/5284"}],"wp:featuredmedia":[{"embeddable":true,"href":"https:\/\/supersimpletienda.cl\/index.php\/wp-json\/wp\/v2\/media\/3834"}],"wp:attachment":[{"href":"https:\/\/supersimpletienda.cl\/index.php\/wp-json\/wp\/v2\/media?parent=3832"}],"wp:term":[{"taxonomy":"product_brand","embeddable":true,"href":"https:\/\/supersimpletienda.cl\/index.php\/wp-json\/wp\/v2\/product_brand?post=3832"},{"taxonomy":"product_cat","embeddable":true,"href":"https:\/\/supersimpletienda.cl\/index.php\/wp-json\/wp\/v2\/product_cat?post=3832"},{"taxonomy":"product_tag","embeddable":true,"href":"https:\/\/supersimpletienda.cl\/index.php\/wp-json\/wp\/v2\/product_tag?post=3832"}],"curies":[{"name":"wp","href":"https:\/\/api.w.org\/{rel}","templated":true}]}}