{"id":3828,"date":"2024-05-20T18:44:15","date_gmt":"2024-05-20T18:44:15","guid":{"rendered":"https:\/\/supersimpletienda.cl\/?post_type=product&#038;p=3828"},"modified":"2024-12-11T15:12:35","modified_gmt":"2024-12-11T15:12:35","slug":"funda-urbancase-de-silicona-para-control-hisense-smart-tv-4k-led","status":"publish","type":"product","link":"https:\/\/supersimpletienda.cl\/index.php\/producto\/funda-urbancase-de-silicona-para-control-hisense-smart-tv-4k-led\/","title":{"rendered":"Funda UrbanCase de Silicona para Control Hisense Smart TV 4K Led"},"content":{"rendered":"<p><strong>Compatibilidad<\/strong><\/p>\n<p>Funda UrbanCase para controles Hisense Smart TV 4K LED, modelos: 43A6H \/ 43A65H \/ 43A68H \/ 50A6H y 50A65H. C\u00f3digo alfanum\u00e9rico del control remoto; ERF3V90H 0011.<\/p>\n<p><strong>Caracter\u00edsticas<\/strong><\/p>\n<ul>\n<li>Calidad certificada; no t\u00f3xica para la familia y\/o mascotas<\/li>\n<li>Antideslizante; por lo que evita ca\u00eddas<\/li>\n<li>Lavable y textura agradable al agarre<\/li>\n<li>Calce perfecto en su control remoto<\/li>\n<li>Incluye Cord\u00f3n, por lo que brinda mayor seguridad<\/li>\n<\/ul>\n","protected":false},"excerpt":{"rendered":"<p>Compatibilidad Funda UrbanCase para controles Hisense Smart TV 4K LED, modelos: 43A6H \/ 43A65H \/ 43A68H \/ 50A6H y 50A65H. C\u00f3digo alfanum\u00e9rico del control remoto; ERF3V90H 0011. Caracter\u00edsticas Calidad certificada; no t\u00f3xica para la familia y\/o mascotas Antideslizante; por lo que evita ca\u00eddas Lavable y textura agradable al agarre Calce perfecto en su control remoto [&hellip;]<\/p>\n","protected":false},"featured_media":3829,"comment_status":"closed","ping_status":"closed","template":"","meta":[],"product_brand":[],"product_cat":[206,212,199],"product_tag":[343],"class_list":{"0":"post-3828","1":"product","2":"type-product","3":"status-publish","4":"has-post-thumbnail","6":"product_cat-ofertas","7":"product_cat-hisense","8":"product_cat-protectores-urban-case","9":"product_tag-funda-control-hisense","11":"first","12":"instock","13":"sale","14":"taxable","15":"shipping-taxable","16":"purchasable","17":"product-type-simple"},"_links":{"self":[{"href":"https:\/\/supersimpletienda.cl\/index.php\/wp-json\/wp\/v2\/product\/3828","targetHints":{"allow":["GET"]}}],"collection":[{"href":"https:\/\/supersimpletienda.cl\/index.php\/wp-json\/wp\/v2\/product"}],"about":[{"href":"https:\/\/supersimpletienda.cl\/index.php\/wp-json\/wp\/v2\/types\/product"}],"replies":[{"embeddable":true,"href":"https:\/\/supersimpletienda.cl\/index.php\/wp-json\/wp\/v2\/comments?post=3828"}],"version-history":[{"count":1,"href":"https:\/\/supersimpletienda.cl\/index.php\/wp-json\/wp\/v2\/product\/3828\/revisions"}],"predecessor-version":[{"id":5334,"href":"https:\/\/supersimpletienda.cl\/index.php\/wp-json\/wp\/v2\/product\/3828\/revisions\/5334"}],"wp:featuredmedia":[{"embeddable":true,"href":"https:\/\/supersimpletienda.cl\/index.php\/wp-json\/wp\/v2\/media\/3829"}],"wp:attachment":[{"href":"https:\/\/supersimpletienda.cl\/index.php\/wp-json\/wp\/v2\/media?parent=3828"}],"wp:term":[{"taxonomy":"product_brand","embeddable":true,"href":"https:\/\/supersimpletienda.cl\/index.php\/wp-json\/wp\/v2\/product_brand?post=3828"},{"taxonomy":"product_cat","embeddable":true,"href":"https:\/\/supersimpletienda.cl\/index.php\/wp-json\/wp\/v2\/product_cat?post=3828"},{"taxonomy":"product_tag","embeddable":true,"href":"https:\/\/supersimpletienda.cl\/index.php\/wp-json\/wp\/v2\/product_tag?post=3828"}],"curies":[{"name":"wp","href":"https:\/\/api.w.org\/{rel}","templated":true}]}}