{"id":3796,"date":"2024-07-17T13:13:01","date_gmt":"2024-07-17T13:13:01","guid":{"rendered":"https:\/\/supersimpletienda.cl\/?post_type=product&#038;p=3796"},"modified":"2024-12-02T14:51:01","modified_gmt":"2024-12-02T14:51:01","slug":"fundas-urbancase-para-airpods-pro-y-pro-2-generacion","status":"publish","type":"product","link":"https:\/\/supersimpletienda.cl\/index.php\/producto\/fundas-urbancase-para-airpods-pro-y-pro-2-generacion\/","title":{"rendered":"Fundas UrbanCase para AirPods Pro y Pro 2\u00b0 Generaci\u00f3n \/ Negro"},"content":{"rendered":"<p><strong>Compatibilidad <\/strong><\/p>\n<p>Este protector UrbanCase es para los aud\u00edfonos de Apple llamados AirPods Pro y AirPods Pro 2\u00b0 Generaci\u00f3n.<\/p>\n<p><strong>Caracter\u00edsticas<\/strong><\/p>\n<ul>\n<li>Calidad certificada; no t\u00f3xica para la familia y\/o mascotas<\/li>\n<li>Antideslizante; por lo que evita ca\u00eddas<\/li>\n<li>Lavable y textura agradable al agarre<\/li>\n<li>Calce perfecto en su control remoto<\/li>\n<li>Incluye Cord\u00f3n: por lo que brinda mayor seguridad<\/li>\n<\/ul>\n","protected":false},"excerpt":{"rendered":"<p>Compatibilidad Este protector UrbanCase es para los aud\u00edfonos de Apple llamados AirPods Pro y AirPods Pro 2\u00b0 Generaci\u00f3n. Caracter\u00edsticas Calidad certificada; no t\u00f3xica para la familia y\/o mascotas Antideslizante; por lo que evita ca\u00eddas Lavable y textura agradable al agarre Calce perfecto en su control remoto Incluye Cord\u00f3n: por lo que brinda mayor seguridad<\/p>\n","protected":false},"featured_media":3797,"comment_status":"closed","ping_status":"closed","template":"","meta":[],"product_brand":[],"product_cat":[245,205,209,199],"product_tag":[323],"class_list":{"0":"post-3796","1":"product","2":"type-product","3":"status-publish","4":"has-post-thumbnail","6":"product_cat-navidad-regalos","7":"product_cat-nuevos-productos","8":"product_cat-apple","9":"product_cat-protectores-urban-case","10":"product_tag-compatible-con-airpods-pro-y-pro-2-g","12":"first","13":"instock","14":"sale","15":"taxable","16":"shipping-taxable","17":"purchasable","18":"product-type-simple"},"_links":{"self":[{"href":"https:\/\/supersimpletienda.cl\/index.php\/wp-json\/wp\/v2\/product\/3796","targetHints":{"allow":["GET"]}}],"collection":[{"href":"https:\/\/supersimpletienda.cl\/index.php\/wp-json\/wp\/v2\/product"}],"about":[{"href":"https:\/\/supersimpletienda.cl\/index.php\/wp-json\/wp\/v2\/types\/product"}],"replies":[{"embeddable":true,"href":"https:\/\/supersimpletienda.cl\/index.php\/wp-json\/wp\/v2\/comments?post=3796"}],"version-history":[{"count":1,"href":"https:\/\/supersimpletienda.cl\/index.php\/wp-json\/wp\/v2\/product\/3796\/revisions"}],"predecessor-version":[{"id":5295,"href":"https:\/\/supersimpletienda.cl\/index.php\/wp-json\/wp\/v2\/product\/3796\/revisions\/5295"}],"wp:featuredmedia":[{"embeddable":true,"href":"https:\/\/supersimpletienda.cl\/index.php\/wp-json\/wp\/v2\/media\/3797"}],"wp:attachment":[{"href":"https:\/\/supersimpletienda.cl\/index.php\/wp-json\/wp\/v2\/media?parent=3796"}],"wp:term":[{"taxonomy":"product_brand","embeddable":true,"href":"https:\/\/supersimpletienda.cl\/index.php\/wp-json\/wp\/v2\/product_brand?post=3796"},{"taxonomy":"product_cat","embeddable":true,"href":"https:\/\/supersimpletienda.cl\/index.php\/wp-json\/wp\/v2\/product_cat?post=3796"},{"taxonomy":"product_tag","embeddable":true,"href":"https:\/\/supersimpletienda.cl\/index.php\/wp-json\/wp\/v2\/product_tag?post=3796"}],"curies":[{"name":"wp","href":"https:\/\/api.w.org\/{rel}","templated":true}]}}