{"id":3792,"date":"2024-07-17T13:14:50","date_gmt":"2024-07-17T13:14:50","guid":{"rendered":"https:\/\/supersimpletienda.cl\/?post_type=product&#038;p=3792"},"modified":"2024-12-02T14:50:09","modified_gmt":"2024-12-02T14:50:09","slug":"llavero-urbancase-para-apple-airtag-mas-laminas-protectoras-de-hidrogel","status":"publish","type":"product","link":"https:\/\/supersimpletienda.cl\/index.php\/producto\/llavero-urbancase-para-apple-airtag-mas-laminas-protectoras-de-hidrogel\/","title":{"rendered":"Llavero UrbanCase para Apple Airtag m\u00e1s laminas Protectoras de Hidrogel \/ Negro"},"content":{"rendered":"<p>Llavero UrbanCase de Cuero PU resistentes puede ser instalado junto a las llaves del auto, mochilas escolares para los ni\u00f1os, objetos de valor y muchas aplicaciones m\u00e1s.<\/p>\n<p><strong>Caracter\u00edsticas <\/strong><\/p>\n<ul>\n<li>Dise\u00f1o moderno e innovador, f\u00e1cil de usar y de transportar<\/li>\n<li>Peque\u00f1o y ligero, al mismo tiempo seguro y duradero, con una fuerte hebilla de bot\u00f3n para una f\u00e1cil instalaci\u00f3n<\/li>\n<li>Protege su Airtag de ara\u00f1azos golpes o ca\u00eddas, ideal para el uso diario<\/li>\n<\/ul>\n<p>Elaborado con materiales de la mejor calidad. El acero inoxidable es tan resistente como elegante y su material de construcci\u00f3n resulta muy suave al tacto. Adem\u00e1s, sostiene perfectamente el Airtag para que quede firme y no se caiga.<\/p>\n<p>Incluye un set de l\u00e1minas protectoras de hidrogel para cubrir la parte posterior y delantera del Airtag, de eso forma queda completamente protegido.<br \/>\n<strong>Nota: dispositivo Airtag no incluido<\/strong><\/p>\n","protected":false},"excerpt":{"rendered":"<p>Llavero UrbanCase de Cuero PU resistentes puede ser instalado junto a las llaves del auto, mochilas escolares para los ni\u00f1os, objetos de valor y muchas aplicaciones m\u00e1s. Caracter\u00edsticas Dise\u00f1o moderno e innovador, f\u00e1cil de usar y de transportar Peque\u00f1o y ligero, al mismo tiempo seguro y duradero, con una fuerte hebilla de bot\u00f3n para una [&hellip;]<\/p>\n","protected":false},"featured_media":3793,"comment_status":"closed","ping_status":"closed","template":"","meta":[],"product_brand":[],"product_cat":[245,205,209,199],"product_tag":[322],"class_list":{"0":"post-3792","1":"product","2":"type-product","3":"status-publish","4":"has-post-thumbnail","6":"product_cat-navidad-regalos","7":"product_cat-nuevos-productos","8":"product_cat-apple","9":"product_cat-protectores-urban-case","10":"product_tag-para-apple-airtag","12":"first","13":"instock","14":"sale","15":"taxable","16":"shipping-taxable","17":"purchasable","18":"product-type-simple"},"_links":{"self":[{"href":"https:\/\/supersimpletienda.cl\/index.php\/wp-json\/wp\/v2\/product\/3792","targetHints":{"allow":["GET"]}}],"collection":[{"href":"https:\/\/supersimpletienda.cl\/index.php\/wp-json\/wp\/v2\/product"}],"about":[{"href":"https:\/\/supersimpletienda.cl\/index.php\/wp-json\/wp\/v2\/types\/product"}],"replies":[{"embeddable":true,"href":"https:\/\/supersimpletienda.cl\/index.php\/wp-json\/wp\/v2\/comments?post=3792"}],"version-history":[{"count":1,"href":"https:\/\/supersimpletienda.cl\/index.php\/wp-json\/wp\/v2\/product\/3792\/revisions"}],"predecessor-version":[{"id":5294,"href":"https:\/\/supersimpletienda.cl\/index.php\/wp-json\/wp\/v2\/product\/3792\/revisions\/5294"}],"wp:featuredmedia":[{"embeddable":true,"href":"https:\/\/supersimpletienda.cl\/index.php\/wp-json\/wp\/v2\/media\/3793"}],"wp:attachment":[{"href":"https:\/\/supersimpletienda.cl\/index.php\/wp-json\/wp\/v2\/media?parent=3792"}],"wp:term":[{"taxonomy":"product_brand","embeddable":true,"href":"https:\/\/supersimpletienda.cl\/index.php\/wp-json\/wp\/v2\/product_brand?post=3792"},{"taxonomy":"product_cat","embeddable":true,"href":"https:\/\/supersimpletienda.cl\/index.php\/wp-json\/wp\/v2\/product_cat?post=3792"},{"taxonomy":"product_tag","embeddable":true,"href":"https:\/\/supersimpletienda.cl\/index.php\/wp-json\/wp\/v2\/product_tag?post=3792"}],"curies":[{"name":"wp","href":"https:\/\/api.w.org\/{rel}","templated":true}]}}