{"id":3788,"date":"2024-07-17T13:15:53","date_gmt":"2024-07-17T13:15:53","guid":{"rendered":"https:\/\/supersimpletienda.cl\/?post_type=product&#038;p=3788"},"modified":"2024-12-02T14:46:11","modified_gmt":"2024-12-02T14:46:11","slug":"pulsera-urbancase-de-nylon-para-apple-airtag","status":"publish","type":"product","link":"https:\/\/supersimpletienda.cl\/index.php\/producto\/pulsera-urbancase-de-nylon-para-apple-airtag\/","title":{"rendered":"Pulsera UrbanCase de Nylon para Apple Airtag \/ Negro"},"content":{"rendered":"<p>Pulsera UrbanCase de Nylon dise\u00f1ada para que puedas llevar el Airtag de Apple de forma c\u00f3moda y sin inconvenientes. Confeccionada en Nylon de alta calidad, suave y c\u00f3moda, resistente al desgaste, no t\u00f3xica y de larga vida \u00fatil, c\u00f3moda al tacto y correa de velcro.<\/p>\n<p><strong>Caracter\u00edsticas<\/strong><\/p>\n<ul>\n<li>Materiales; Nylon m\u00e1s TPU<\/li>\n<li>Dise\u00f1ado para el rastreador bluetooth Airtag de Apple<\/li>\n<li>Protege su equipo de ara\u00f1azos, impactos, da\u00f1os, etc.<\/li>\n<li>Tama\u00f1o: 220 mm<\/li>\n<li>Peso del producto: 10,8 gramos.<\/li>\n<\/ul>\n","protected":false},"excerpt":{"rendered":"<p>Pulsera UrbanCase de Nylon dise\u00f1ada para que puedas llevar el Airtag de Apple de forma c\u00f3moda y sin inconvenientes. Confeccionada en Nylon de alta calidad, suave y c\u00f3moda, resistente al desgaste, no t\u00f3xica y de larga vida \u00fatil, c\u00f3moda al tacto y correa de velcro. Caracter\u00edsticas Materiales; Nylon m\u00e1s TPU Dise\u00f1ado para el rastreador bluetooth [&hellip;]<\/p>\n","protected":false},"featured_media":3790,"comment_status":"closed","ping_status":"closed","template":"","meta":[],"product_brand":[],"product_cat":[245,205,209,199],"product_tag":[321,320],"class_list":{"0":"post-3788","1":"product","2":"type-product","3":"status-publish","4":"has-post-thumbnail","6":"product_cat-navidad-regalos","7":"product_cat-nuevos-productos","8":"product_cat-apple","9":"product_cat-protectores-urban-case","10":"product_tag-para-airtag","11":"product_tag-pulsera-de-nylon-trensado-resistente","13":"first","14":"instock","15":"sale","16":"taxable","17":"shipping-taxable","18":"purchasable","19":"product-type-simple"},"_links":{"self":[{"href":"https:\/\/supersimpletienda.cl\/index.php\/wp-json\/wp\/v2\/product\/3788","targetHints":{"allow":["GET"]}}],"collection":[{"href":"https:\/\/supersimpletienda.cl\/index.php\/wp-json\/wp\/v2\/product"}],"about":[{"href":"https:\/\/supersimpletienda.cl\/index.php\/wp-json\/wp\/v2\/types\/product"}],"replies":[{"embeddable":true,"href":"https:\/\/supersimpletienda.cl\/index.php\/wp-json\/wp\/v2\/comments?post=3788"}],"version-history":[{"count":1,"href":"https:\/\/supersimpletienda.cl\/index.php\/wp-json\/wp\/v2\/product\/3788\/revisions"}],"predecessor-version":[{"id":5293,"href":"https:\/\/supersimpletienda.cl\/index.php\/wp-json\/wp\/v2\/product\/3788\/revisions\/5293"}],"wp:featuredmedia":[{"embeddable":true,"href":"https:\/\/supersimpletienda.cl\/index.php\/wp-json\/wp\/v2\/media\/3790"}],"wp:attachment":[{"href":"https:\/\/supersimpletienda.cl\/index.php\/wp-json\/wp\/v2\/media?parent=3788"}],"wp:term":[{"taxonomy":"product_brand","embeddable":true,"href":"https:\/\/supersimpletienda.cl\/index.php\/wp-json\/wp\/v2\/product_brand?post=3788"},{"taxonomy":"product_cat","embeddable":true,"href":"https:\/\/supersimpletienda.cl\/index.php\/wp-json\/wp\/v2\/product_cat?post=3788"},{"taxonomy":"product_tag","embeddable":true,"href":"https:\/\/supersimpletienda.cl\/index.php\/wp-json\/wp\/v2\/product_tag?post=3788"}],"curies":[{"name":"wp","href":"https:\/\/api.w.org\/{rel}","templated":true}]}}