{"id":3772,"date":"2024-07-17T13:00:38","date_gmt":"2024-07-17T13:00:38","guid":{"rendered":"https:\/\/supersimpletienda.cl\/?post_type=product&#038;p=3772"},"modified":"2024-12-11T14:11:19","modified_gmt":"2024-12-11T14:11:19","slug":"funda-urbancase-de-silicona-fluorescente-para-control-samsung-bn59","status":"publish","type":"product","link":"https:\/\/supersimpletienda.cl\/index.php\/producto\/funda-urbancase-de-silicona-fluorescente-para-control-samsung-bn59\/","title":{"rendered":"Funda UrbanCase de Silicona Fluorescente para Control Samsung BN59 \/ Verde"},"content":{"rendered":"<p><strong>Compatibilidad<\/strong><br \/>\nEste protector UrbanCase es compatible con todos los controles curvos de Samsung que traen bot\u00f3n de Netflix, Prime Video y Hulu, tambi\u00e9n para los que no lo traen. A su vez, es compatible con control remoto del Soundbar Samsung.<\/p>\n<p><strong>Caracter\u00edsticas<\/strong><\/p>\n<ul>\n<li>Calidad certificada; no t\u00f3xica para la familia y\/o mascotas<\/li>\n<li>Antideslizante; por lo que evita ca\u00eddas<\/li>\n<li>Lavable y textura agradable al agarre<br \/>\nCalce perfecto en su control remoto<\/li>\n<li>Incluye Cord\u00f3n, por lo que brinda mayor seguridad<\/li>\n<\/ul>\n<p><strong>Colores Fluorescentes<\/strong><br \/>\nEsta funda UrbanCase se iluminan en las noches haciendo m\u00e1s f\u00e1cil su b\u00fasqueda. Al mismo tiempo, si coloca su funda a la luz directa de la ampolleta por 20 a 40 segundos potenciar\u00e1 sus caracter\u00edsticas Fluorescentes.<\/p>\n","protected":false},"excerpt":{"rendered":"<p>Compatibilidad Este protector UrbanCase es compatible con todos los controles curvos de Samsung que traen bot\u00f3n de Netflix, Prime Video y Hulu, tambi\u00e9n para los que no lo traen. A su vez, es compatible con control remoto del Soundbar Samsung. Caracter\u00edsticas Calidad certificada; no t\u00f3xica para la familia y\/o mascotas Antideslizante; por lo que evita [&hellip;]<\/p>\n","protected":false},"featured_media":3774,"comment_status":"closed","ping_status":"closed","template":"","meta":[],"product_brand":[],"product_cat":[206,208,199],"product_tag":[330],"class_list":{"0":"post-3772","1":"product","2":"type-product","3":"status-publish","4":"has-post-thumbnail","6":"product_cat-ofertas","7":"product_cat-samsung","8":"product_cat-protectores-urban-case","9":"product_tag-fundas-samsung-curvos","11":"first","12":"instock","13":"sale","14":"taxable","15":"shipping-taxable","16":"purchasable","17":"product-type-simple"},"_links":{"self":[{"href":"https:\/\/supersimpletienda.cl\/index.php\/wp-json\/wp\/v2\/product\/3772","targetHints":{"allow":["GET"]}}],"collection":[{"href":"https:\/\/supersimpletienda.cl\/index.php\/wp-json\/wp\/v2\/product"}],"about":[{"href":"https:\/\/supersimpletienda.cl\/index.php\/wp-json\/wp\/v2\/types\/product"}],"replies":[{"embeddable":true,"href":"https:\/\/supersimpletienda.cl\/index.php\/wp-json\/wp\/v2\/comments?post=3772"}],"version-history":[{"count":1,"href":"https:\/\/supersimpletienda.cl\/index.php\/wp-json\/wp\/v2\/product\/3772\/revisions"}],"predecessor-version":[{"id":5304,"href":"https:\/\/supersimpletienda.cl\/index.php\/wp-json\/wp\/v2\/product\/3772\/revisions\/5304"}],"wp:featuredmedia":[{"embeddable":true,"href":"https:\/\/supersimpletienda.cl\/index.php\/wp-json\/wp\/v2\/media\/3774"}],"wp:attachment":[{"href":"https:\/\/supersimpletienda.cl\/index.php\/wp-json\/wp\/v2\/media?parent=3772"}],"wp:term":[{"taxonomy":"product_brand","embeddable":true,"href":"https:\/\/supersimpletienda.cl\/index.php\/wp-json\/wp\/v2\/product_brand?post=3772"},{"taxonomy":"product_cat","embeddable":true,"href":"https:\/\/supersimpletienda.cl\/index.php\/wp-json\/wp\/v2\/product_cat?post=3772"},{"taxonomy":"product_tag","embeddable":true,"href":"https:\/\/supersimpletienda.cl\/index.php\/wp-json\/wp\/v2\/product_tag?post=3772"}],"curies":[{"name":"wp","href":"https:\/\/api.w.org\/{rel}","templated":true}]}}