{"id":3762,"date":"2024-07-17T13:02:07","date_gmt":"2024-07-17T13:02:07","guid":{"rendered":"https:\/\/supersimpletienda.cl\/?post_type=product&#038;p=3762"},"modified":"2024-12-02T14:59:48","modified_gmt":"2024-12-02T14:59:48","slug":"funda-urbancase-de-silicona-fluorescente-para-control-samsung-solar-ecoremote","status":"publish","type":"product","link":"https:\/\/supersimpletienda.cl\/index.php\/producto\/funda-urbancase-de-silicona-fluorescente-para-control-samsung-solar-ecoremote\/","title":{"rendered":"Funda UrbanCase de Silicona Fluorescente para Control Samsung Solar EcoRemote \/ Verde"},"content":{"rendered":"<p><strong>Compatibilidad<\/strong><br \/>\nEste protector UrbanCase es para controles remotos modernos planos de 16 cm con bot\u00f3n de Netflix, Prime Video, www y Disney, tambi\u00e9n para que no traigan bot\u00f3n de Disney. Igualmente, con los EcoRemote QLED y Neo QLED que vienen con recarga de celdas solares y conexi\u00f3n Tipo C, ejemplo el BN59 &#8211; 01363C.<\/p>\n<p>C<strong>aracter\u00edsticas<\/strong><\/p>\n<ul>\n<li>Calidad certificada; no t\u00f3xica para la familia y\/o mascotas<\/li>\n<li>Antideslizante; por lo que evita ca\u00eddas<\/li>\n<li>Lavable y textura agradable al agarre<\/li>\n<li>Calce perfecto en su control remoto<\/li>\n<li>Incluye Cord\u00f3n: por lo que brinda mayor seguridad<\/li>\n<\/ul>\n<p><strong>Colores Fluorescentes<\/strong><\/p>\n<p>Esta funda UrbanCase se iluminan en las noches haciendo m\u00e1s f\u00e1cil su b\u00fasqueda. Al mismo tiempo, si coloca su funda a la luz directa de la ampolleta por 20 a 40 segundos potenciar\u00e1 sus caracter\u00edsticas Fluorescentes.<\/p>\n","protected":false},"excerpt":{"rendered":"<p>Compatibilidad Este protector UrbanCase es para controles remotos modernos planos de 16 cm con bot\u00f3n de Netflix, Prime Video, www y Disney, tambi\u00e9n para que no traigan bot\u00f3n de Disney. Igualmente, con los EcoRemote QLED y Neo QLED que vienen con recarga de celdas solares y conexi\u00f3n Tipo C, ejemplo el BN59 &#8211; 01363C. Caracter\u00edsticas [&hellip;]<\/p>\n","protected":false},"featured_media":3763,"comment_status":"closed","ping_status":"closed","template":"","meta":[],"product_brand":[],"product_cat":[245,208,199],"product_tag":[329],"class_list":{"0":"post-3762","1":"product","2":"type-product","3":"status-publish","4":"has-post-thumbnail","6":"product_cat-navidad-regalos","7":"product_cat-samsung","8":"product_cat-protectores-urban-case","9":"product_tag-funda-para-samsung-ecoremote","11":"first","12":"instock","13":"sale","14":"taxable","15":"shipping-taxable","16":"purchasable","17":"product-type-simple"},"_links":{"self":[{"href":"https:\/\/supersimpletienda.cl\/index.php\/wp-json\/wp\/v2\/product\/3762","targetHints":{"allow":["GET"]}}],"collection":[{"href":"https:\/\/supersimpletienda.cl\/index.php\/wp-json\/wp\/v2\/product"}],"about":[{"href":"https:\/\/supersimpletienda.cl\/index.php\/wp-json\/wp\/v2\/types\/product"}],"replies":[{"embeddable":true,"href":"https:\/\/supersimpletienda.cl\/index.php\/wp-json\/wp\/v2\/comments?post=3762"}],"version-history":[{"count":1,"href":"https:\/\/supersimpletienda.cl\/index.php\/wp-json\/wp\/v2\/product\/3762\/revisions"}],"predecessor-version":[{"id":5301,"href":"https:\/\/supersimpletienda.cl\/index.php\/wp-json\/wp\/v2\/product\/3762\/revisions\/5301"}],"wp:featuredmedia":[{"embeddable":true,"href":"https:\/\/supersimpletienda.cl\/index.php\/wp-json\/wp\/v2\/media\/3763"}],"wp:attachment":[{"href":"https:\/\/supersimpletienda.cl\/index.php\/wp-json\/wp\/v2\/media?parent=3762"}],"wp:term":[{"taxonomy":"product_brand","embeddable":true,"href":"https:\/\/supersimpletienda.cl\/index.php\/wp-json\/wp\/v2\/product_brand?post=3762"},{"taxonomy":"product_cat","embeddable":true,"href":"https:\/\/supersimpletienda.cl\/index.php\/wp-json\/wp\/v2\/product_cat?post=3762"},{"taxonomy":"product_tag","embeddable":true,"href":"https:\/\/supersimpletienda.cl\/index.php\/wp-json\/wp\/v2\/product_tag?post=3762"}],"curies":[{"name":"wp","href":"https:\/\/api.w.org\/{rel}","templated":true}]}}