{"id":3758,"date":"2024-07-17T13:03:24","date_gmt":"2024-07-17T13:03:24","guid":{"rendered":"https:\/\/supersimpletienda.cl\/?post_type=product&#038;p=3758"},"modified":"2024-12-02T14:58:52","modified_gmt":"2024-12-02T14:58:52","slug":"funda-urbancase-de-silicona-para-control-samsung-solar-ecoremote","status":"publish","type":"product","link":"https:\/\/supersimpletienda.cl\/index.php\/producto\/funda-urbancase-de-silicona-para-control-samsung-solar-ecoremote\/","title":{"rendered":"Funda UrbanCase de Silicona Para Control Samsung Solar EcoRemote \/ Negro"},"content":{"rendered":"<p><strong>Compatibilidad<\/strong><br \/>\nEste protector UrbanCase es para controles remotos modernos planos de 16 cm con bot\u00f3n de Netflix, Prime Video, www y Disney, tambi\u00e9n para que no traigan bot\u00f3n de Disney. Igualmente, con los EcoRemote QLED y Neo QLED que vienen con recarga de celdas solares y conexi\u00f3n Tipo C, ejemplo el BN59 &#8211; 01363C.<\/p>\n<p><strong>Caracter\u00edsticas<\/strong><\/p>\n<ul>\n<li>Calidad certificada; no t\u00f3xica para la familia y\/o mascotas<\/li>\n<li>Antideslizante; por lo que evita ca\u00eddas<\/li>\n<li>Lavable y textura agradable al agarre<\/li>\n<li>\u00a0Calce perfecto en su control remoto<\/li>\n<li>Incluye Cord\u00f3n: por lo que brinda mayor seguridad<\/li>\n<\/ul>\n","protected":false},"excerpt":{"rendered":"<p>Compatibilidad Este protector UrbanCase es para controles remotos modernos planos de 16 cm con bot\u00f3n de Netflix, Prime Video, www y Disney, tambi\u00e9n para que no traigan bot\u00f3n de Disney. Igualmente, con los EcoRemote QLED y Neo QLED que vienen con recarga de celdas solares y conexi\u00f3n Tipo C, ejemplo el BN59 &#8211; 01363C. Caracter\u00edsticas [&hellip;]<\/p>\n","protected":false},"featured_media":3759,"comment_status":"closed","ping_status":"closed","template":"","meta":[],"product_brand":[],"product_cat":[206,208,199],"product_tag":[328],"class_list":{"0":"post-3758","1":"product","2":"type-product","3":"status-publish","4":"has-post-thumbnail","6":"product_cat-ofertas","7":"product_cat-samsung","8":"product_cat-protectores-urban-case","9":"product_tag-disenado-con-silcona-resistente","11":"first","12":"instock","13":"sale","14":"taxable","15":"shipping-taxable","16":"purchasable","17":"product-type-simple"},"_links":{"self":[{"href":"https:\/\/supersimpletienda.cl\/index.php\/wp-json\/wp\/v2\/product\/3758","targetHints":{"allow":["GET"]}}],"collection":[{"href":"https:\/\/supersimpletienda.cl\/index.php\/wp-json\/wp\/v2\/product"}],"about":[{"href":"https:\/\/supersimpletienda.cl\/index.php\/wp-json\/wp\/v2\/types\/product"}],"replies":[{"embeddable":true,"href":"https:\/\/supersimpletienda.cl\/index.php\/wp-json\/wp\/v2\/comments?post=3758"}],"version-history":[{"count":1,"href":"https:\/\/supersimpletienda.cl\/index.php\/wp-json\/wp\/v2\/product\/3758\/revisions"}],"predecessor-version":[{"id":5300,"href":"https:\/\/supersimpletienda.cl\/index.php\/wp-json\/wp\/v2\/product\/3758\/revisions\/5300"}],"wp:featuredmedia":[{"embeddable":true,"href":"https:\/\/supersimpletienda.cl\/index.php\/wp-json\/wp\/v2\/media\/3759"}],"wp:attachment":[{"href":"https:\/\/supersimpletienda.cl\/index.php\/wp-json\/wp\/v2\/media?parent=3758"}],"wp:term":[{"taxonomy":"product_brand","embeddable":true,"href":"https:\/\/supersimpletienda.cl\/index.php\/wp-json\/wp\/v2\/product_brand?post=3758"},{"taxonomy":"product_cat","embeddable":true,"href":"https:\/\/supersimpletienda.cl\/index.php\/wp-json\/wp\/v2\/product_cat?post=3758"},{"taxonomy":"product_tag","embeddable":true,"href":"https:\/\/supersimpletienda.cl\/index.php\/wp-json\/wp\/v2\/product_tag?post=3758"}],"curies":[{"name":"wp","href":"https:\/\/api.w.org\/{rel}","templated":true}]}}