{"id":3617,"date":"2024-04-19T18:59:38","date_gmt":"2024-04-19T18:59:38","guid":{"rendered":"https:\/\/supersimpletienda.cl\/?post_type=product&#038;p=3617"},"modified":"2024-12-11T15:13:10","modified_gmt":"2024-12-11T15:13:10","slug":"cargador-para-auto-usb-c-metalico-iphone-y-android-carga-rapida-36w","status":"publish","type":"product","link":"https:\/\/supersimpletienda.cl\/index.php\/producto\/cargador-para-auto-usb-c-metalico-iphone-y-android-carga-rapida-36w\/","title":{"rendered":"Cargador para Auto USB-C Met\u00e1lico iPhone y Android Carga R\u00e1pida 54w"},"content":{"rendered":"<p>Cargador inteligente Carga R\u00e1pida de 54 watt<\/p>\n<p>Met\u00e1lico con lector inteligente de voltaje<\/p>\n<p>Compatible con toda la gama de iPhone, Samsung Galaxy Series S, Xiaomi y Huawei<\/p>\n<p>Certificaci\u00f3n Internacional (FCC &#8211; CE \u2013 RoHS)<\/p>\n<p>Cuida la vida \u00fatil de la bater\u00eda de tu Smartphones.<br \/>\nEntrada dual, para los nuevos cables iPhone tipo C y las versiones con USB tradicional.<br \/>\nNo todos los cargadores son iguales, este regula la carga dependiendo la bater\u00eda de tu tel\u00e9fono.<br \/>\nSu potencia y velocidad te permitir\u00e1 cargar tu iPhone 8 \/ 8 Plus \/ X \/ XS \/ XR \/ XS MAX \/12\/13 al 60% en s\u00f3lo 30 minutos.<\/p>\n<p><b>Caracter\u00edsticas<\/b><\/p>\n<ul>\n<li>Pantalla digital inteligente con detecci\u00f3n de voltaje de su veh\u00edculo, la cual debe estar entre 13.90 y 14.5, de lo contrario consulte con su mec\u00e1nico.<\/li>\n<li>Carga USB-C de 36 watt + Carga R\u00e1pida PD QC 3.0, total carga m\u00e1xima 54 watt<\/li>\n<li>Cuerpo de metal, carga estable y sin interrupciones \/ Soporte 12v \u2013 24v<\/li>\n<li>Compatible con Tel\u00e9fonos, Tablet, grabadoras, c\u00e1maras fotogr\u00e1ficas, GPS, entre otros.<\/li>\n<li>Color Metal<\/li>\n<\/ul>\n","protected":false},"excerpt":{"rendered":"<p>Cargador inteligente Carga R\u00e1pida de 54 watt Met\u00e1lico con lector inteligente de voltaje Compatible con toda la gama de iPhone, Samsung Galaxy Series S, Xiaomi y Huawei Certificaci\u00f3n Internacional (FCC &#8211; CE \u2013 RoHS) Cuida la vida \u00fatil de la bater\u00eda de tu Smartphones. Entrada dual, para los nuevos cables iPhone tipo C y las [&hellip;]<\/p>\n","protected":false},"featured_media":4643,"comment_status":"closed","ping_status":"closed","template":"","meta":[],"product_brand":[],"product_cat":[205],"product_tag":[224],"class_list":{"0":"post-3617","1":"product","2":"type-product","3":"status-publish","4":"has-post-thumbnail","6":"product_cat-nuevos-productos","7":"product_tag-carga-rapida","9":"first","10":"instock","11":"sale","12":"taxable","13":"shipping-taxable","14":"purchasable","15":"product-type-simple"},"_links":{"self":[{"href":"https:\/\/supersimpletienda.cl\/index.php\/wp-json\/wp\/v2\/product\/3617","targetHints":{"allow":["GET"]}}],"collection":[{"href":"https:\/\/supersimpletienda.cl\/index.php\/wp-json\/wp\/v2\/product"}],"about":[{"href":"https:\/\/supersimpletienda.cl\/index.php\/wp-json\/wp\/v2\/types\/product"}],"replies":[{"embeddable":true,"href":"https:\/\/supersimpletienda.cl\/index.php\/wp-json\/wp\/v2\/comments?post=3617"}],"version-history":[{"count":1,"href":"https:\/\/supersimpletienda.cl\/index.php\/wp-json\/wp\/v2\/product\/3617\/revisions"}],"predecessor-version":[{"id":5335,"href":"https:\/\/supersimpletienda.cl\/index.php\/wp-json\/wp\/v2\/product\/3617\/revisions\/5335"}],"wp:featuredmedia":[{"embeddable":true,"href":"https:\/\/supersimpletienda.cl\/index.php\/wp-json\/wp\/v2\/media\/4643"}],"wp:attachment":[{"href":"https:\/\/supersimpletienda.cl\/index.php\/wp-json\/wp\/v2\/media?parent=3617"}],"wp:term":[{"taxonomy":"product_brand","embeddable":true,"href":"https:\/\/supersimpletienda.cl\/index.php\/wp-json\/wp\/v2\/product_brand?post=3617"},{"taxonomy":"product_cat","embeddable":true,"href":"https:\/\/supersimpletienda.cl\/index.php\/wp-json\/wp\/v2\/product_cat?post=3617"},{"taxonomy":"product_tag","embeddable":true,"href":"https:\/\/supersimpletienda.cl\/index.php\/wp-json\/wp\/v2\/product_tag?post=3617"}],"curies":[{"name":"wp","href":"https:\/\/api.w.org\/{rel}","templated":true}]}}