{"id":3600,"date":"2024-04-18T23:07:55","date_gmt":"2024-04-18T23:07:55","guid":{"rendered":"https:\/\/supersimpletienda.cl\/?post_type=product&#038;p=3600"},"modified":"2024-12-11T15:15:12","modified_gmt":"2024-12-11T15:15:12","slug":"cable-tipo-c-a-c-65w-carga-rapida-mas-adaptador-tipo-c-hembra-a-usb","status":"publish","type":"product","link":"https:\/\/supersimpletienda.cl\/index.php\/producto\/cable-tipo-c-a-c-65w-carga-rapida-mas-adaptador-tipo-c-hembra-a-usb\/","title":{"rendered":"Cable Tipo C a C 65w Carga R\u00e1pida m\u00e1s Adaptador Tipo C Hembra a USB"},"content":{"rendered":"<p>Cable Tipo C a Tipo C Mas\u00a0Adaptador OTG Tipo C Hembra a USB 3.0 Macho<\/p>\n<p><b>Protecci\u00f3n MFI:<\/b>\u00a0evite da\u00f1os en su iPhone, iPad u otros dispositivos Apple con estos cables Lightning certificados por MFI. Dile adi\u00f3s a las molestas notificaciones emergentes!<br \/>\n<b>Soporte protocolo USB &#8211; PD (Pawer Delivery<\/b>): puede beneficiarse de las \u00faltimas mejoras de velocidad que ofrecen estos cables cuando cargue sus dispositivos Apple con un adaptador USB-C que admita USB Power Delivery. \u00a1La carga r\u00e1pida no ser\u00e1 un problema!<br \/>\n<b>Extremadamente Duradero:<\/b>\u00a0construido con un exterior de doble trenzado y conectores de aleaci\u00f3n de aluminio, nuestro producto es un cable duradero y resistente en el que puede confiar. Cuenta con una vida \u00fatil de m\u00e1s de 7.000 pruebas de flexi\u00f3n, que permite soportar el desgaste diario.<\/p>\n<p>Facilita muchas de las tareas diarias con tu Ordenador y Smartphone.\u00a0El puerto USB de nuestros m\u00f3viles tienen muchos usos, desde cargarlo hasta darle m\u00e1s funcionalidad si cuentas con el adaptador y\/o cable adecuado, en ese sentido funciones como\u00a0<strong>transferir archivos a conectar perif\u00e9ricos<\/strong><b>,<\/b>\u00a0este conector nos puede dar mucho juego y hacernos la vida un poco m\u00e1s f\u00e1cil.<\/p>\n<p><b>Caracter\u00edsticas Adaptador Tipo C Hembra a USB<\/b><\/p>\n<p>Adaptador con puerto USB Tipo C soporta funci\u00f3n OTG, es decir, se pueden conectar dispositivos perif\u00e9ricos como Micr\u00f3fonos, impresoras, memorias, controles, entre otros.<\/p>\n<ul>\n<li>Transferencia de archivos con velocidad hasta de 5 Gbps.<\/li>\n<li>Velocidad de carga r\u00e1pida<\/li>\n<li>Material: Aleaci\u00f3n de Zinc y ABS<\/li>\n<li>USB 3.0<\/li>\n<li>Medidas: 16.7x6x25mm<\/li>\n<li>Peso: 8gr.<\/li>\n<\/ul>\n<p><strong>Compatibilidad:<\/strong> tel\u00e9fonos inteligentes, tabletas, ordenadores port\u00e1tiles, bancos de energ\u00eda m\u00f3vil y unidades flash USB a datos de carga.<\/p>\n<p><b>Caracter\u00edsticas Cable Tipo C a Tipo C<\/b><\/p>\n<p>Disponible en color Negro<\/p>\n<ul>\n<li>Cable de carga y datos<\/li>\n<li>Conectores USB-C en ambos extremos<\/li>\n<li>Largo del cable: 1 m<\/li>\n<li>Para Smartphone Huawei y otros que utilicen conector USB tipo C<\/li>\n<\/ul>\n","protected":false},"excerpt":{"rendered":"<p>Cable Tipo C a Tipo C Mas\u00a0Adaptador OTG Tipo C Hembra a USB 3.0 Macho Protecci\u00f3n MFI:\u00a0evite da\u00f1os en su iPhone, iPad u otros dispositivos Apple con estos cables Lightning certificados por MFI. Dile adi\u00f3s a las molestas notificaciones emergentes! Soporte protocolo USB &#8211; PD (Pawer Delivery): puede beneficiarse de las \u00faltimas mejoras de velocidad [&hellip;]<\/p>\n","protected":false},"featured_media":3601,"comment_status":"closed","ping_status":"closed","template":"","meta":[],"product_brand":[],"product_cat":[215,206],"product_tag":[246],"class_list":{"0":"post-3600","1":"product","2":"type-product","3":"status-publish","4":"has-post-thumbnail","6":"product_cat-funcionan-mejor-si-estan-juntos","7":"product_cat-ofertas","8":"product_tag-cable-carga-rapida","10":"first","11":"instock","12":"sale","13":"taxable","14":"shipping-taxable","15":"purchasable","16":"product-type-simple"},"_links":{"self":[{"href":"https:\/\/supersimpletienda.cl\/index.php\/wp-json\/wp\/v2\/product\/3600","targetHints":{"allow":["GET"]}}],"collection":[{"href":"https:\/\/supersimpletienda.cl\/index.php\/wp-json\/wp\/v2\/product"}],"about":[{"href":"https:\/\/supersimpletienda.cl\/index.php\/wp-json\/wp\/v2\/types\/product"}],"replies":[{"embeddable":true,"href":"https:\/\/supersimpletienda.cl\/index.php\/wp-json\/wp\/v2\/comments?post=3600"}],"version-history":[{"count":1,"href":"https:\/\/supersimpletienda.cl\/index.php\/wp-json\/wp\/v2\/product\/3600\/revisions"}],"predecessor-version":[{"id":5337,"href":"https:\/\/supersimpletienda.cl\/index.php\/wp-json\/wp\/v2\/product\/3600\/revisions\/5337"}],"wp:featuredmedia":[{"embeddable":true,"href":"https:\/\/supersimpletienda.cl\/index.php\/wp-json\/wp\/v2\/media\/3601"}],"wp:attachment":[{"href":"https:\/\/supersimpletienda.cl\/index.php\/wp-json\/wp\/v2\/media?parent=3600"}],"wp:term":[{"taxonomy":"product_brand","embeddable":true,"href":"https:\/\/supersimpletienda.cl\/index.php\/wp-json\/wp\/v2\/product_brand?post=3600"},{"taxonomy":"product_cat","embeddable":true,"href":"https:\/\/supersimpletienda.cl\/index.php\/wp-json\/wp\/v2\/product_cat?post=3600"},{"taxonomy":"product_tag","embeddable":true,"href":"https:\/\/supersimpletienda.cl\/index.php\/wp-json\/wp\/v2\/product_tag?post=3600"}],"curies":[{"name":"wp","href":"https:\/\/api.w.org\/{rel}","templated":true}]}}